{"id":4472,"date":"2026-03-02T00:43:58","date_gmt":"2026-03-01T21:43:58","guid":{"rendered":"https:\/\/www.kozmodern.com\/?product=davines-calming-superactive-hassas-bas-derisi-yatistirici-serum-100-ml"},"modified":"2026-04-07T15:31:15","modified_gmt":"2026-04-07T12:31:15","slug":"davines-calming-superactive-hassas-bas-derisi-yatistirici-serum-100-ml","status":"publish","type":"product","link":"https:\/\/www.kozmodern.com\/?product=davines-calming-superactive-hassas-bas-derisi-yatistirici-serum-100-ml","title":{"rendered":"Davines Calming Superactive Hassas Ba\u015f Derisi Yat\u0131\u015ft\u0131r\u0131c\u0131 Serum 100 ml"},"content":{"rendered":"<p data-start=\"53\" data-end=\"80\"><strong data-start=\"53\" data-end=\"78\">Kimler \u0130\u00e7in Uygundur?<\/strong><\/p>\n<ul data-start=\"81\" data-end=\"311\">\n<li data-section-id=\"1p6n5z3\" data-start=\"81\" data-end=\"182\">Hassas, ka\u015f\u0131nt\u0131 veya tahri\u015f olmu\u015f sa\u00e7 derisine sahip ki\u015filer i\u00e7in \u00f6zel olarak form\u00fcle edilmi\u015ftir.<\/li>\n<li data-section-id=\"5jsuyk\" data-start=\"183\" data-end=\"311\">Ba\u015f derisinde k\u0131zar\u0131kl\u0131k, yanma ve rahats\u0131zl\u0131k hissi olanlarda yat\u0131\u015ft\u0131r\u0131c\u0131 bak\u0131m sa\u011flar.<\/li>\n<\/ul>\n","protected":false},"excerpt":{"rendered":"<p data-start=\"313\" data-end=\"338\"><strong data-start=\"313\" data-end=\"336\">Ne \u0130\u00e7in Kullan\u0131l\u0131r?<\/strong><\/p>\n<ul data-start=\"339\" data-end=\"606\">\n<li data-section-id=\"64koqh\" data-start=\"339\" data-end=\"418\">Sa\u00e7 derisindeki tahri\u015fi ve rahats\u0131zl\u0131\u011f\u0131 an\u0131nda yat\u0131\u015ft\u0131rmak i\u00e7in kullan\u0131l\u0131r.<\/li>\n<li data-section-id=\"2sryc7\" data-start=\"419\" data-end=\"503\">Ka\u015f\u0131nt\u0131 ve k\u0131zar\u0131kl\u0131k hissini azaltarak sa\u00e7 derisinin do\u011fal dengesini destekler.<\/li>\n<li data-section-id=\"3o55k9\" data-start=\"504\" data-end=\"606\">G\u00fcnl\u00fck bak\u0131m rutininizin bir par\u00e7as\u0131 olarak kullanabilirsiniz.<\/li>\n<\/ul>\n<p data-start=\"608\" data-end=\"631\"><strong data-start=\"608\" data-end=\"629\">Nas\u0131l Kullan\u0131l\u0131r?<\/strong><\/p>\n<ol data-start=\"632\" data-end=\"1034\">\n<li data-section-id=\"1uopii3\" data-start=\"632\" data-end=\"769\">Sa\u00e7 derisini temizleyin ve hafif\u00e7e nemli b\u0131rak\u0131n (baz\u0131 versiyonlarda kuru sa\u00e7 derisine de uygulanabilir; ambalaja g\u00f6re de\u011fi\u015febilir).<\/li>\n<li data-section-id=\"1ulnov7\" data-start=\"770\" data-end=\"845\">\u00dcr\u00fcn\u00fc do\u011frudan hassas b\u00f6lgelere p\u00fcsk\u00fcrt\u00fcn veya birka\u00e7 damla uygulay\u0131n.<\/li>\n<li data-section-id=\"hp9h7r\" data-start=\"846\" data-end=\"917\">Parmak u\u00e7lar\u0131yla hafif\u00e7e masaj yaparak \u00fcr\u00fcn\u00fc sa\u00e7 derisine yedirin.<\/li>\n<li data-section-id=\"1fld2pv\" data-start=\"918\" data-end=\"1034\">Durulama gerektirmez. \u0130htiya\u00e7 duyduk\u00e7a g\u00fcnde 1\u20132 kez kullanabilirsiniz.<\/li>\n<\/ol>\n<p data-start=\"1036\" data-end=\"1283\">\u0130\u00e7eri\u011fi:<br data-start=\"1075\" data-end=\"1078\" \/>Disiloxane, Isododecane, Alcohol Denat., Dimethicone, Oxidized Corn Oil, Parfum\/Fragrance, Oleyl Alcohol, Zanthoxylum Bungeanum Fruit Extract, Aqua\/Water\/Eau, Limonene<\/p>\n","protected":false},"featured_media":4471,"comment_status":"open","ping_status":"closed","template":"","meta":{"_acf_changed":false},"product_brand":[189],"product_cat":[401],"product_tag":[],"class_list":{"0":"post-4472","1":"product","2":"type-product","3":"status-publish","4":"has-post-thumbnail","6":"product_brand-davines","7":"product_cat-serum","9":"first","10":"outofstock","11":"shipping-taxable","12":"purchasable","13":"product-type-simple"},"acf":[],"_links":{"self":[{"href":"https:\/\/www.kozmodern.com\/index.php?rest_route=\/wp\/v2\/product\/4472","targetHints":{"allow":["GET"]}}],"collection":[{"href":"https:\/\/www.kozmodern.com\/index.php?rest_route=\/wp\/v2\/product"}],"about":[{"href":"https:\/\/www.kozmodern.com\/index.php?rest_route=\/wp\/v2\/types\/product"}],"replies":[{"embeddable":true,"href":"https:\/\/www.kozmodern.com\/index.php?rest_route=%2Fwp%2Fv2%2Fcomments&post=4472"}],"wp:featuredmedia":[{"embeddable":true,"href":"https:\/\/www.kozmodern.com\/index.php?rest_route=\/wp\/v2\/media\/4471"}],"wp:attachment":[{"href":"https:\/\/www.kozmodern.com\/index.php?rest_route=%2Fwp%2Fv2%2Fmedia&parent=4472"}],"wp:term":[{"taxonomy":"product_brand","embeddable":true,"href":"https:\/\/www.kozmodern.com\/index.php?rest_route=%2Fwp%2Fv2%2Fproduct_brand&post=4472"},{"taxonomy":"product_cat","embeddable":true,"href":"https:\/\/www.kozmodern.com\/index.php?rest_route=%2Fwp%2Fv2%2Fproduct_cat&post=4472"},{"taxonomy":"product_tag","embeddable":true,"href":"https:\/\/www.kozmodern.com\/index.php?rest_route=%2Fwp%2Fv2%2Fproduct_tag&post=4472"}],"curies":[{"name":"wp","href":"https:\/\/api.w.org\/{rel}","templated":true}]}}