{"id":4494,"date":"2026-03-02T00:44:37","date_gmt":"2026-03-01T21:44:37","guid":{"rendered":"https:\/\/www.kozmodern.com\/?product=davines-dede-ince-telli-saclari-koruma-sampuani-1000-ml"},"modified":"2026-04-07T15:35:29","modified_gmt":"2026-04-07T12:35:29","slug":"davines-dede-ince-telli-saclari-koruma-sampuani-1000-ml","status":"publish","type":"product","link":"https:\/\/www.kozmodern.com\/?product=davines-dede-ince-telli-saclari-koruma-sampuani-1000-ml","title":{"rendered":"Davines Dede \u0130nce Telli Sa\u00e7lar\u0131 Koruma \u015eampuan\u0131 1000 ml"},"content":{"rendered":"<p data-start=\"47\" data-end=\"74\"><strong data-start=\"47\" data-end=\"72\">Kimler \u0130\u00e7in Uygundur?<\/strong><\/p>\n<ul data-start=\"75\" data-end=\"386\">\n<li data-section-id=\"1ibien8\" data-start=\"75\" data-end=\"156\">\u0130nce telli, narin ve y\u0131pranm\u0131\u015f sa\u00e7lara sahip olanlar i\u00e7in form\u00fcle edilmi\u015ftir.<\/li>\n<li data-section-id=\"1cgk3fk\" data-start=\"157\" data-end=\"252\">Nazik temizlik isteyen ve g\u00fcnl\u00fck kullan\u0131ma uygun hafif bir \u015fampuan arayanlar i\u00e7in idealdir.<\/li>\n<li data-section-id=\"1j4jsxj\" data-start=\"253\" data-end=\"386\">Sa\u00e7larda a\u011f\u0131rla\u015ft\u0131rma veya a\u015f\u0131r\u0131 kurutma yapmadan temizlik sa\u011flamak isteyenler i\u00e7in uygundur.<\/li>\n<\/ul>\n","protected":false},"excerpt":{"rendered":"<p data-start=\"388\" data-end=\"413\"><strong data-start=\"388\" data-end=\"411\">Ne \u0130\u00e7in Kullan\u0131l\u0131r?<\/strong><\/p>\n<ul data-start=\"414\" data-end=\"657\">\n<li data-section-id=\"3d9iwk\" data-start=\"414\" data-end=\"492\">Sa\u00e7lar\u0131 nazik\u00e7e temizlemek ve hafif parlakl\u0131k kazand\u0131rmak i\u00e7in kullan\u0131l\u0131r.<\/li>\n<li data-section-id=\"lku5ou\" data-start=\"493\" data-end=\"553\">\u0130nce telli sa\u00e7lar\u0131n daha sa\u011fl\u0131kl\u0131 g\u00f6r\u00fcnmesini destekler.<\/li>\n<li data-section-id=\"1oy975l\" data-start=\"554\" data-end=\"657\">Sa\u00e7 tellerini temizlerken do\u011fal yap\u0131s\u0131n\u0131 bozmadan bak\u0131m sa\u011flar.<\/li>\n<\/ul>\n<p data-start=\"659\" data-end=\"682\"><strong data-start=\"659\" data-end=\"680\">Nas\u0131l Kullan\u0131l\u0131r?<\/strong><\/p>\n<ol data-start=\"683\" data-end=\"1016\">\n<li data-section-id=\"19uwe00\" data-start=\"683\" data-end=\"705\">Sa\u00e7\u0131n\u0131z\u0131 \u0131slat\u0131n.<\/li>\n<li data-section-id=\"1y5vbmo\" data-start=\"706\" data-end=\"787\">Yeterli miktarda \u015fampuan\u0131 avu\u00e7 i\u00e7ine al\u0131p sa\u00e7 derisine ve tellerine yedirin.<\/li>\n<li data-section-id=\"1ele03n\" data-start=\"788\" data-end=\"824\">Nazik\u00e7e masaj yaparak k\u00f6p\u00fcrt\u00fcn.<\/li>\n<li data-section-id=\"jec1ja\" data-start=\"825\" data-end=\"896\">Ard\u0131ndan iyice durulay\u0131n. Gerekirse ikinci kez uygulayabilirsiniz.<\/li>\n<li data-section-id=\"12qin35\" data-start=\"897\" data-end=\"1016\">Rutininizi ayn\u0131 seriden sa\u00e7 kremi ya da bak\u0131m \u00fcr\u00fcnleriyle tamamlayabilirsiniz.<\/li>\n<\/ol>\n<p data-start=\"1018\" data-end=\"1835\"><strong data-start=\"1018\" data-end=\"1080\">\u0130\u00e7eri\u011fi:<\/strong><br data-start=\"1080\" data-end=\"1083\" \/>Aqua\/Water\/Eau, Sodium C14\u201116 Olefin Sulfonate, Sodium Lauroyl Methyl Isethionate, Cocamidopropyl Betaine, Decyl Glucoside, Sodium PCA, Sodium Methyl 2\u2011Sulfolaurate, Disodium Coco\u2011Glucoside Citrate, Parfum\/Fragrance, Lauramidopropylamine Oxide, Polysorbate 20, Coco\u2011Glucoside, Glyceryl Oleate, Panthenol, Benzyl Alcohol, Sodium Chloride, Sodium Methyl Isethionate, Sodium Benzoate, Citric Acid, Lauric Acid, Disodium 2\u2011Sulfolaurate, Myristamidopropylamine Oxide, Polyquaternium\u20117, Trisodium Ethylenediamine Disuccinate, Guar Hydroxypropyltrimonium Chloride, Tetrasodium Glutamate Diacetate, Sodium Laurate, Apium Graveolens Extract, Benzyl Salicylate, Linalool, Citronellol, Hydroxycitronellal, CI 19140, CI 14700.<\/p>\n<p data-start=\"1837\" data-end=\"1927\">\n","protected":false},"featured_media":4493,"comment_status":"open","ping_status":"closed","template":"","meta":{"_acf_changed":false},"product_brand":[189],"product_cat":[398],"product_tag":[],"class_list":{"0":"post-4494","1":"product","2":"type-product","3":"status-publish","4":"has-post-thumbnail","6":"product_brand-davines","7":"product_cat-sampuan-davines","9":"first","10":"outofstock","11":"sale","12":"shipping-taxable","13":"purchasable","14":"product-type-simple"},"acf":[],"_links":{"self":[{"href":"https:\/\/www.kozmodern.com\/index.php?rest_route=\/wp\/v2\/product\/4494","targetHints":{"allow":["GET"]}}],"collection":[{"href":"https:\/\/www.kozmodern.com\/index.php?rest_route=\/wp\/v2\/product"}],"about":[{"href":"https:\/\/www.kozmodern.com\/index.php?rest_route=\/wp\/v2\/types\/product"}],"replies":[{"embeddable":true,"href":"https:\/\/www.kozmodern.com\/index.php?rest_route=%2Fwp%2Fv2%2Fcomments&post=4494"}],"wp:featuredmedia":[{"embeddable":true,"href":"https:\/\/www.kozmodern.com\/index.php?rest_route=\/wp\/v2\/media\/4493"}],"wp:attachment":[{"href":"https:\/\/www.kozmodern.com\/index.php?rest_route=%2Fwp%2Fv2%2Fmedia&parent=4494"}],"wp:term":[{"taxonomy":"product_brand","embeddable":true,"href":"https:\/\/www.kozmodern.com\/index.php?rest_route=%2Fwp%2Fv2%2Fproduct_brand&post=4494"},{"taxonomy":"product_cat","embeddable":true,"href":"https:\/\/www.kozmodern.com\/index.php?rest_route=%2Fwp%2Fv2%2Fproduct_cat&post=4494"},{"taxonomy":"product_tag","embeddable":true,"href":"https:\/\/www.kozmodern.com\/index.php?rest_route=%2Fwp%2Fv2%2Fproduct_tag&post=4494"}],"curies":[{"name":"wp","href":"https:\/\/api.w.org\/{rel}","templated":true}]}}