{"id":4520,"date":"2026-03-02T00:45:29","date_gmt":"2026-03-01T21:45:29","guid":{"rendered":"https:\/\/www.kozmodern.com\/?product=davines-dede-ince-telli-saclari-koruyucu-sprey-250-ml"},"modified":"2026-04-16T13:55:22","modified_gmt":"2026-04-16T10:55:22","slug":"davines-dede-ince-telli-saclari-koruyucu-sprey-250-ml","status":"publish","type":"product","link":"https:\/\/www.kozmodern.com\/?product=davines-dede-ince-telli-saclari-koruyucu-sprey-250-ml","title":{"rendered":"Davines Dede \u0130nce Telli Sa\u00e7lar\u0131 Koruyucu Sprey 250 ml"},"content":{"rendered":"<p data-start=\"47\" data-end=\"74\"><strong data-start=\"47\" data-end=\"72\">Kimler \u0130\u00e7in Uygundur?<\/strong><\/p>\n<ul data-start=\"75\" data-end=\"317\">\n<li data-section-id=\"1ya5yyu\" data-start=\"75\" data-end=\"169\">\u0130nce telli, hassas ve y\u0131pranm\u0131\u015f sa\u00e7lara sahip ki\u015filer i\u00e7in \u00f6zel olarak form\u00fcle edilmi\u015ftir.<\/li>\n<li data-section-id=\"15z8d8a\" data-start=\"170\" data-end=\"317\">Sa\u00e7\u0131 a\u011f\u0131rla\u015ft\u0131rmadan g\u00fcnl\u00fck bak\u0131m sa\u011flayan hafif bir leave\u2011in (durulanmayan) sprey arayanlar i\u00e7in uygundur.<\/li>\n<\/ul>\n","protected":false},"excerpt":{"rendered":"<p data-start=\"319\" data-end=\"344\">Ne \u0130\u00e7in Kullan\u0131l\u0131r?<\/p>\n<ul data-start=\"345\" data-end=\"701\">\n<li data-section-id=\"8nmd70\" data-start=\"345\" data-end=\"434\">\u0130nce telli sa\u00e7lar\u0131 canland\u0131r\u0131r, daha sa\u011fl\u0131kl\u0131 ve hacimli g\u00f6r\u00fcnmelerine yard\u0131mc\u0131 olur.<\/li>\n<li data-section-id=\"1kncsi7\" data-start=\"435\" data-end=\"490\">Sa\u00e7lardaki y\u0131pranm\u0131\u015f g\u00f6r\u00fcnen b\u00f6l\u00fcmlere bak\u0131m yapar.<\/li>\n<li data-section-id=\"qfulde\" data-start=\"491\" data-end=\"558\">G\u00fcnl\u00fck bak\u0131m rutini i\u00e7in ideal hafif bir koruyucu sprey sa\u011flar.<\/li>\n<li data-section-id=\"v7wtyj\" data-start=\"559\" data-end=\"701\">D\u00fczle\u015ftirme, perma veya boya gibi teknik i\u015flemler \u00f6ncesinde sa\u00e7 tellerini e\u015fitleyip nazik bak\u0131m yapar.<\/li>\n<\/ul>\n<p data-start=\"703\" data-end=\"726\">Nas\u0131l Kullan\u0131l\u0131r?<\/p>\n<ol data-start=\"727\" data-end=\"1063\">\n<li data-section-id=\"1r6ofep\" data-start=\"727\" data-end=\"851\">&#8220;Davines Dede \u0130nce Telli Sa\u00e7lar\u0131 Koruma \u015eampuan\u0131&#8221; ile sa\u00e7\u0131n\u0131z\u0131 y\u0131kay\u0131p durulay\u0131n.<\/li>\n<li data-section-id=\"19uk2zg\" data-start=\"852\" data-end=\"945\">Havluyla nemi al\u0131nm\u0131\u015f sa\u00e7a e\u015fit \u015fekilde p\u00fcsk\u00fcrt\u00fcn.<\/li>\n<li data-section-id=\"1xb4jr2\" data-start=\"946\" data-end=\"1063\">Durulama gerektirmez. \u0130stedi\u011finiz \u015fekillendiriciyle devam edebilirsiniz.<\/li>\n<\/ol>\n<p data-start=\"1065\" data-end=\"1611\"><strong data-start=\"1065\" data-end=\"1127\">\u0130\u00e7eri\u011fi:<\/strong><br data-start=\"1127\" data-end=\"1130\" \/>AQUA \/ WATER \/ EAU, AMODIMETHICONE, BENZYL ALCOHOL, POLYSORBATE\u202f20, PARFUM \/ FRAGRANCE, SODIUM\u202fBENZOATE, POLYQUATERNIUM\u201111, PANTHENOL, CETRIMONIUM\u202fCHLORIDE, CITRIC\u202fACID, TRIDECETH\u201112, APIUM\u202fGRAVEOLENS\u202fEXTRACT \/ APIUM\u202fGRAVEOLENS (CELERYL) EXTRACT, CYCLOPENTASILOXANE, HYDROLYZED\u202fSWEET\u202fALMOND\u202fPROTEIN, BENZYL\u202fSALICYLATE, LINALOOL, CITRONELLOL, HYDROXYCITRONELLAL, PHENOXYETHANOL, CAPRYLYL\u202fGLYCOL, LIMONENE, CI\u202f19140 \/ YELLOW\u202f5, CI\u202f14700 \/ RED\u202f4.<\/p>\n","protected":false},"featured_media":4519,"comment_status":"open","ping_status":"closed","template":"","meta":{"_acf_changed":false},"product_brand":[189],"product_cat":[403],"product_tag":[],"class_list":{"0":"post-4520","1":"product","2":"type-product","3":"status-publish","4":"has-post-thumbnail","6":"product_brand-davines","7":"product_cat-sprey-davines","9":"first","10":"outofstock","11":"shipping-taxable","12":"purchasable","13":"product-type-simple"},"acf":[],"_links":{"self":[{"href":"https:\/\/www.kozmodern.com\/index.php?rest_route=\/wp\/v2\/product\/4520","targetHints":{"allow":["GET"]}}],"collection":[{"href":"https:\/\/www.kozmodern.com\/index.php?rest_route=\/wp\/v2\/product"}],"about":[{"href":"https:\/\/www.kozmodern.com\/index.php?rest_route=\/wp\/v2\/types\/product"}],"replies":[{"embeddable":true,"href":"https:\/\/www.kozmodern.com\/index.php?rest_route=%2Fwp%2Fv2%2Fcomments&post=4520"}],"wp:featuredmedia":[{"embeddable":true,"href":"https:\/\/www.kozmodern.com\/index.php?rest_route=\/wp\/v2\/media\/4519"}],"wp:attachment":[{"href":"https:\/\/www.kozmodern.com\/index.php?rest_route=%2Fwp%2Fv2%2Fmedia&parent=4520"}],"wp:term":[{"taxonomy":"product_brand","embeddable":true,"href":"https:\/\/www.kozmodern.com\/index.php?rest_route=%2Fwp%2Fv2%2Fproduct_brand&post=4520"},{"taxonomy":"product_cat","embeddable":true,"href":"https:\/\/www.kozmodern.com\/index.php?rest_route=%2Fwp%2Fv2%2Fproduct_cat&post=4520"},{"taxonomy":"product_tag","embeddable":true,"href":"https:\/\/www.kozmodern.com\/index.php?rest_route=%2Fwp%2Fv2%2Fproduct_tag&post=4520"}],"curies":[{"name":"wp","href":"https:\/\/api.w.org\/{rel}","templated":true}]}}