{"id":4577,"date":"2026-03-02T00:46:51","date_gmt":"2026-03-01T21:46:51","guid":{"rendered":"https:\/\/www.kozmodern.com\/?product=davines-energizing-dokulme-onleyici-canlandirici-bakim-jeli-150-ml"},"modified":"2026-04-16T13:53:22","modified_gmt":"2026-04-16T10:53:22","slug":"davines-energizing-dokulme-onleyici-canlandirici-bakim-jeli-150-ml","status":"publish","type":"product","link":"https:\/\/www.kozmodern.com\/?product=davines-energizing-dokulme-onleyici-canlandirici-bakim-jeli-150-ml","title":{"rendered":"Davines Energizing D\u00f6k\u00fclme \u00d6nleyici Canland\u0131r\u0131c\u0131 Bak\u0131m Jeli 150 ml"},"content":{"rendered":"<p data-start=\"56\" data-end=\"83\"><strong data-start=\"56\" data-end=\"81\">Kimler \u0130\u00e7in Uygundur?<\/strong><\/p>\n<ul data-start=\"84\" data-end=\"268\">\n<li data-section-id=\"1h7cwsa\" data-start=\"84\" data-end=\"167\">\u0130nce telli, k\u0131r\u0131lgan ve d\u00f6k\u00fclmeye e\u011filimli sa\u00e7lara sahip ki\u015filer i\u00e7in uygundur.<\/li>\n<li data-section-id=\"2nyppk\" data-start=\"168\" data-end=\"268\">D\u00f6k\u00fclme kar\u015f\u0131t\u0131 bak\u0131m rutinine destek olarak kullan\u0131labilir.<\/li>\n<\/ul>\n","protected":false},"excerpt":{"rendered":"<div class=\"flex flex-col text-sm pb-25\">\n<section class=\"text-token-text-primary w-full focus:outline-none [--shadow-height:45px] has-data-writing-block:pointer-events-none has-data-writing-block:-mt-(--shadow-height) has-data-writing-block:pt-(--shadow-height) [&amp;:has([data-writing-block])&gt;*]:pointer-events-auto scroll-mt-[calc(var(--header-height)+min(200px,max(70px,20svh)))]\" dir=\"auto\" data-turn-id=\"request-WEB:0eef1d97-d542-494d-bbab-f94b5106a975-15\" data-testid=\"conversation-turn-32\" data-scroll-anchor=\"true\" data-turn=\"assistant\">\n<div class=\"text-base my-auto mx-auto pb-10 [--thread-content-margin:var(--thread-content-margin-xs,calc(var(--spacing)*4))] @w-sm\/main:[--thread-content-margin:var(--thread-content-margin-sm,calc(var(--spacing)*6))] @w-lg\/main:[--thread-content-margin:var(--thread-content-margin-lg,calc(var(--spacing)*16))] px-(--thread-content-margin)\">\n<div class=\"[--thread-content-max-width:40rem] @w-lg\/main:[--thread-content-max-width:48rem] mx-auto max-w-(--thread-content-max-width) flex-1 group\/turn-messages focus-visible:outline-hidden relative flex w-full min-w-0 flex-col agent-turn\">\n<div class=\"flex max-w-full flex-col gap-4 grow\">\n<div class=\"min-h-8 text-message relative flex w-full flex-col items-end gap-2 text-start break-words whitespace-normal outline-none keyboard-focused:focus-ring [.text-message+&amp;]:mt-1\" dir=\"auto\" tabindex=\"0\" data-message-author-role=\"assistant\" data-message-id=\"feac6d86-2037-4751-973a-56141db29b01\" data-turn-start-message=\"true\" data-message-model-slug=\"gpt-5-mini\">\n<div class=\"flex w-full flex-col gap-1 empty:hidden\">\n<div class=\"markdown prose dark:prose-invert w-full wrap-break-word light markdown-new-styling\">\n<p data-start=\"270\" data-end=\"295\"><strong data-start=\"270\" data-end=\"293\">Ne \u0130\u00e7in Kullan\u0131l\u0131r?<\/strong><\/p>\n<ul data-start=\"296\" data-end=\"538\">\n<li data-section-id=\"1oczzy1\" data-start=\"296\" data-end=\"372\">Sa\u00e7 derisini canland\u0131rmaya ve sa\u00e7 k\u00f6klerini g\u00fc\u00e7lendirmeye yard\u0131mc\u0131 olur.<\/li>\n<li data-section-id=\"mxi68u\" data-start=\"373\" data-end=\"433\">Sa\u00e7lara nem ve hacim kazand\u0131r\u0131r, hafif bir bak\u0131m sa\u011flar.<\/li>\n<li data-section-id=\"amlbh5\" data-start=\"434\" data-end=\"538\">Durulanmayan form\u00fcl\u00fcyle g\u00fcnl\u00fck veya d\u00fczenli bak\u0131m i\u00e7in uygundur.<\/li>\n<\/ul>\n<p data-start=\"540\" data-end=\"563\"><strong data-start=\"540\" data-end=\"561\">Nas\u0131l Kullan\u0131l\u0131r?<\/strong><\/p>\n<ol data-start=\"564\" data-end=\"753\">\n<li data-section-id=\"1q84b2x\" data-start=\"564\" data-end=\"614\">\u015eampuanla temizlenmi\u015f sa\u00e7 derisine uygulay\u0131n.<\/li>\n<li data-section-id=\"eqyzht\" data-start=\"615\" data-end=\"686\">Parmak u\u00e7lar\u0131yla nazik\u00e7e masaj yaparak \u00fcr\u00fcn\u00fc sa\u00e7 derisine yedirin.<\/li>\n<li data-section-id=\"1gunlxb\" data-start=\"687\" data-end=\"753\">Durulama gerektirmez.<\/li>\n<\/ol>\n<p data-start=\"755\" data-end=\"1193\"><strong data-start=\"755\" data-end=\"817\">\u0130\u00e7eri\u011fi:<\/strong><br data-start=\"817\" data-end=\"820\" \/>AQUA \/ WATER \/ EAU, ALCOHOL DENAT., POLYSORBATE\u202f20, CAFFEINE, ACRYLATES\/C10\u201130\u202fALKYL\u202fACRYLATE\u202fCROSSPOLYMER, MENTHOL, PARFUM \/ FRAGRANCE, AMINOMETHYL\u202fPROPANOL, DISODIUM\u202fEDTA, EUCALYPTUS\u202fGLOBULUS\u202fLEAF\u202fOIL, NIACINAMIDE, LINALOOL, LIMONENE, EUGENOL, EPIGALLOCATECHIN\u202fGALLATYL\u202fGLUCOSIDE, BENZYL\u202fBENZOATE, CINNAMAL, EPIGALLOCATECHIN\u202fGALLATE.<\/p>\n<\/div>\n<\/div>\n<\/div>\n<\/div>\n<div class=\"z-0 flex min-h-[46px] justify-start\"><\/div>\n<\/div>\n<\/div>\n<\/section>\n<\/div>\n<div class=\"pointer-events-none h-px w-px absolute bottom-0\" aria-hidden=\"true\" data-edge=\"true\"><\/div>\n","protected":false},"featured_media":4576,"comment_status":"open","ping_status":"closed","template":"","meta":{"_acf_changed":false},"product_brand":[189],"product_cat":[394],"product_tag":[],"class_list":{"0":"post-4577","1":"product","2":"type-product","3":"status-publish","4":"has-post-thumbnail","6":"product_brand-davines","7":"product_cat-davines","9":"first","10":"outofstock","11":"shipping-taxable","12":"purchasable","13":"product-type-simple"},"acf":[],"_links":{"self":[{"href":"https:\/\/www.kozmodern.com\/index.php?rest_route=\/wp\/v2\/product\/4577","targetHints":{"allow":["GET"]}}],"collection":[{"href":"https:\/\/www.kozmodern.com\/index.php?rest_route=\/wp\/v2\/product"}],"about":[{"href":"https:\/\/www.kozmodern.com\/index.php?rest_route=\/wp\/v2\/types\/product"}],"replies":[{"embeddable":true,"href":"https:\/\/www.kozmodern.com\/index.php?rest_route=%2Fwp%2Fv2%2Fcomments&post=4577"}],"wp:featuredmedia":[{"embeddable":true,"href":"https:\/\/www.kozmodern.com\/index.php?rest_route=\/wp\/v2\/media\/4576"}],"wp:attachment":[{"href":"https:\/\/www.kozmodern.com\/index.php?rest_route=%2Fwp%2Fv2%2Fmedia&parent=4577"}],"wp:term":[{"taxonomy":"product_brand","embeddable":true,"href":"https:\/\/www.kozmodern.com\/index.php?rest_route=%2Fwp%2Fv2%2Fproduct_brand&post=4577"},{"taxonomy":"product_cat","embeddable":true,"href":"https:\/\/www.kozmodern.com\/index.php?rest_route=%2Fwp%2Fv2%2Fproduct_cat&post=4577"},{"taxonomy":"product_tag","embeddable":true,"href":"https:\/\/www.kozmodern.com\/index.php?rest_route=%2Fwp%2Fv2%2Fproduct_tag&post=4577"}],"curies":[{"name":"wp","href":"https:\/\/api.w.org\/{rel}","templated":true}]}}