{"id":4607,"date":"2026-03-02T00:47:22","date_gmt":"2026-03-01T21:47:22","guid":{"rendered":"https:\/\/www.kozmodern.com\/?product=davines-energizing-seasonal-superactive-mevsimsel-dokulme-onleyici-losyon-12x6-ml"},"modified":"2026-04-15T13:54:58","modified_gmt":"2026-04-15T10:54:58","slug":"davines-energizing-seasonal-superactive-mevsimsel-dokulme-onleyici-losyon-12x6-ml","status":"publish","type":"product","link":"https:\/\/www.kozmodern.com\/?product=davines-energizing-seasonal-superactive-mevsimsel-dokulme-onleyici-losyon-12x6-ml","title":{"rendered":"Davines Energizing Seasonal Superactive Mevsimsel D\u00f6k\u00fclme \u00d6nleyici Losyon 12&#215;6 ml"},"content":{"rendered":"<h3 data-section-id=\"g3jpl9\" data-start=\"115\" data-end=\"142\">Kimler i\u00e7in uygundur?<\/h3>\n<ul data-start=\"143\" data-end=\"390\">\n<li data-section-id=\"1emninu\" data-start=\"143\" data-end=\"181\">Mevsimsel sa\u00e7 d\u00f6k\u00fclmesi ya\u015fayanlar<\/li>\n<li data-section-id=\"tjhhz0\" data-start=\"182\" data-end=\"222\">Stres kaynakl\u0131 sa\u00e7 d\u00f6k\u00fclmesi olanlar<\/li>\n<li data-section-id=\"9oji5p\" data-start=\"223\" data-end=\"271\">\u0130nce telli, zay\u0131f ve d\u00f6k\u00fclmeye yatk\u0131n sa\u00e7lar<\/li>\n<li data-section-id=\"tvnahy\" data-start=\"272\" data-end=\"305\">Sa\u00e7 yo\u011funlu\u011fu azalm\u0131\u015f ki\u015filer<\/li>\n<li data-section-id=\"jned9c\" data-start=\"306\" data-end=\"390\">K\u00fcr \u015feklinde yo\u011fun bak\u0131m yapmak isteyenler<\/li>\n<\/ul>\n<p data-start=\"979\" data-end=\"1261\">\n","protected":false},"excerpt":{"rendered":"<h3 data-section-id=\"1o9c7z8\" data-start=\"397\" data-end=\"421\">Ne i\u00e7in kullan\u0131l\u0131r?<\/h3>\n<ul data-start=\"422\" data-end=\"664\">\n<li data-section-id=\"1b84zi2\" data-start=\"422\" data-end=\"493\">Mevsimsel ve stres kaynakl\u0131 sa\u00e7 d\u00f6k\u00fclmesini azaltmaya yard\u0131mc\u0131 olur<\/li>\n<li data-section-id=\"1x7i2zy\" data-start=\"494\" data-end=\"533\">Sa\u00e7 k\u00f6klerini uyar\u0131r ve g\u00fc\u00e7lendirir<\/li>\n<li data-section-id=\"125v8ht\" data-start=\"534\" data-end=\"586\">Sa\u00e7 yo\u011funlu\u011funu ve hacmini art\u0131rmaya destek olur<\/li>\n<li data-section-id=\"12i2b1b\" data-start=\"587\" data-end=\"664\">Sa\u00e7 derisini yeniler ve canland\u0131r\u0131r<\/li>\n<\/ul>\n<h3 data-section-id=\"j8lv26\" data-start=\"671\" data-end=\"694\">\u00a0Nas\u0131l kullan\u0131l\u0131r?<\/h3>\n<ul data-start=\"695\" data-end=\"945\">\n<li data-section-id=\"yulfa0\" data-start=\"695\" data-end=\"755\">Y\u0131kanm\u0131\u015f ve havluyla nemi al\u0131nm\u0131\u015f sa\u00e7 derisine uygulan\u0131r<\/li>\n<li data-section-id=\"1uedrjv\" data-start=\"756\" data-end=\"787\">Ampul sa\u00e7 diplerine d\u00f6k\u00fcl\u00fcr<\/li>\n<li data-section-id=\"1uxa33w\" data-start=\"788\" data-end=\"832\">Parmak u\u00e7lar\u0131yla masaj yaparak yedirilir<\/li>\n<li data-section-id=\"m1pomj\" data-start=\"833\" data-end=\"847\">Durulanmaz<\/li>\n<li data-section-id=\"1hhgcuw\" data-start=\"848\" data-end=\"945\">Genellikle k\u00fcr \u015feklinde (haftada birka\u00e7 kez) kullan\u0131l\u0131r<\/li>\n<\/ul>\n<h3 data-section-id=\"rs32lg\" data-start=\"952\" data-end=\"978\">\u0130\u00e7erik:<\/h3>\n<p data-start=\"979\" data-end=\"1261\">ALCOHOL DENAT., AQUA \/ WATER \/ EAU, EUCALYPTOL, PROPANEDIOL, MENTHOL, MANNITOL, GLYCERIN, LACTOBACILLUS FERMENT, NIACINAMIDE, AGASTACHE MEXICANA FLOWER\/LEAF\/STEM EXTRACT, LIMONENE, EPIGALLOCATECHIN GALLATYL GLUCOSIDE, EPIGALLOCATECHIN GALLATE<\/p>\n","protected":false},"featured_media":4606,"comment_status":"open","ping_status":"closed","template":"","meta":{"_acf_changed":false},"product_brand":[189],"product_cat":[405],"product_tag":[],"class_list":{"0":"post-4607","1":"product","2":"type-product","3":"status-publish","4":"has-post-thumbnail","6":"product_brand-davines","7":"product_cat-losyon","9":"first","10":"outofstock","11":"shipping-taxable","12":"purchasable","13":"product-type-simple"},"acf":[],"_links":{"self":[{"href":"https:\/\/www.kozmodern.com\/index.php?rest_route=\/wp\/v2\/product\/4607","targetHints":{"allow":["GET"]}}],"collection":[{"href":"https:\/\/www.kozmodern.com\/index.php?rest_route=\/wp\/v2\/product"}],"about":[{"href":"https:\/\/www.kozmodern.com\/index.php?rest_route=\/wp\/v2\/types\/product"}],"replies":[{"embeddable":true,"href":"https:\/\/www.kozmodern.com\/index.php?rest_route=%2Fwp%2Fv2%2Fcomments&post=4607"}],"wp:featuredmedia":[{"embeddable":true,"href":"https:\/\/www.kozmodern.com\/index.php?rest_route=\/wp\/v2\/media\/4606"}],"wp:attachment":[{"href":"https:\/\/www.kozmodern.com\/index.php?rest_route=%2Fwp%2Fv2%2Fmedia&parent=4607"}],"wp:term":[{"taxonomy":"product_brand","embeddable":true,"href":"https:\/\/www.kozmodern.com\/index.php?rest_route=%2Fwp%2Fv2%2Fproduct_brand&post=4607"},{"taxonomy":"product_cat","embeddable":true,"href":"https:\/\/www.kozmodern.com\/index.php?rest_route=%2Fwp%2Fv2%2Fproduct_cat&post=4607"},{"taxonomy":"product_tag","embeddable":true,"href":"https:\/\/www.kozmodern.com\/index.php?rest_route=%2Fwp%2Fv2%2Fproduct_tag&post=4607"}],"curies":[{"name":"wp","href":"https:\/\/api.w.org\/{rel}","templated":true}]}}