{"id":4659,"date":"2026-03-02T00:48:18","date_gmt":"2026-03-01T21:48:18","guid":{"rendered":"https:\/\/www.kozmodern.com\/?product=davines-forming-pomade-gorunmez-sekillendirici-75-ml"},"modified":"2026-04-15T14:33:54","modified_gmt":"2026-04-15T11:33:54","slug":"davines-forming-pomade-gorunmez-sekillendirici-75-ml","status":"publish","type":"product","link":"https:\/\/www.kozmodern.com\/?product=davines-forming-pomade-gorunmez-sekillendirici-75-ml","title":{"rendered":"Davines Forming Pomade G\u00f6r\u00fcnmez \u015eekillendirici 75 ml"},"content":{"rendered":"<h3 data-section-id=\"g3jpl9\" data-start=\"106\" data-end=\"133\">Kimler i\u00e7in uygundur?<\/h3>\n<ul data-start=\"134\" data-end=\"361\">\n<li data-section-id=\"a8ngxs\" data-start=\"134\" data-end=\"169\">K\u0131sa ve orta uzunluktaki sa\u00e7lar<\/li>\n<li data-section-id=\"zkpjoi\" data-start=\"170\" data-end=\"220\">Do\u011fal ve \u201c\u00fcr\u00fcn yokmu\u015f gibi\u201d g\u00f6r\u00fcn\u00fcm isteyenler<\/li>\n<li data-section-id=\"loptbs\" data-start=\"221\" data-end=\"275\">Sa\u00e7\u0131n\u0131 g\u00fcn i\u00e7inde tekrar \u015fekillendirmek isteyenler<\/li>\n<li data-section-id=\"1olnior\" data-start=\"276\" data-end=\"321\">Sa\u00e7ta sertlik ve yap\u0131\u015fkanl\u0131k istemeyenler<\/li>\n<li data-section-id=\"12ybvq0\" data-start=\"322\" data-end=\"361\">Erkek ve kad\u0131n kullan\u0131m\u0131na uygundur<\/li>\n<\/ul>\n","protected":false},"excerpt":{"rendered":"<h3 data-section-id=\"1o9c7z8\" data-start=\"431\" data-end=\"455\">Ne i\u00e7in kullan\u0131l\u0131r?<\/h3>\n<ul data-start=\"456\" data-end=\"656\">\n<li data-section-id=\"ravyvk\" data-start=\"456\" data-end=\"502\">Sa\u00e7a hafif tutu\u015f ve esnek \u015fekil vermek<\/li>\n<li data-section-id=\"1gkwg0w\" data-start=\"503\" data-end=\"549\">Do\u011fal, mat-parlak aras\u0131 g\u00f6r\u00fcn\u00fcm olu\u015fturmak<\/li>\n<li data-section-id=\"mebc35\" data-start=\"550\" data-end=\"595\">Sa\u00e7\u0131 a\u011f\u0131rla\u015ft\u0131rmadan kontrol alt\u0131na almak<\/li>\n<li data-section-id=\"fdxcm5\" data-start=\"596\" data-end=\"656\">G\u00fcn i\u00e7inde sa\u00e7\u0131n tekrar \u015fekillendirilebilmesini sa\u011flamak<\/li>\n<\/ul>\n<p data-start=\"658\" data-end=\"827\">\u2714 \u201cMemory effect\u201d sayesinde sa\u00e7 yeniden \u015fekil alabilir <br data-start=\"750\" data-end=\"753\" \/>\u2714 Yap\u0131\u015fkan veya ya\u011fl\u0131 his b\u0131rakmaz<\/p>\n<h3 data-section-id=\"j8lv26\" data-start=\"834\" data-end=\"857\">Nas\u0131l kullan\u0131l\u0131r?<\/h3>\n<ul data-start=\"858\" data-end=\"1040\">\n<li data-section-id=\"18xfaa0\" data-start=\"858\" data-end=\"895\">K\u00fc\u00e7\u00fck bir miktar \u00fcr\u00fcn\u00fc avucuna al<\/li>\n<li data-section-id=\"1c0oacg\" data-start=\"896\" data-end=\"918\">Eller aras\u0131nda yay<\/li>\n<li data-section-id=\"g0hhu4\" data-start=\"919\" data-end=\"965\">Kuru sa\u00e7a uygula \u2192 daha belirgin \u015fekil<\/li>\n<li data-section-id=\"5crzf\" data-start=\"966\" data-end=\"1012\">Nemli sa\u00e7a uygula \u2192 daha do\u011fal g\u00f6r\u00fcn\u00fcm<\/li>\n<li data-section-id=\"foail0\" data-start=\"1013\" data-end=\"1040\">Parmaklar\u0131nla \u015fekil ver<\/li>\n<\/ul>\n<p data-start=\"1042\" data-end=\"1115\">\u2714 G\u00fcn i\u00e7inde tekrar uygulanabilir<\/p>\n<h3 data-section-id=\"rs32lg\" data-start=\"1122\" data-end=\"1148\">\u0130\u00e7erik:<\/h3>\n<p data-start=\"1149\" data-end=\"1651\">AQUA \/ WATER \/ EAU, BUTYROSPERMUM PARKII BUTTER, CETEARYL ALCOHOL, CETEARETH-20, COPERNICIA CERIFERA CERA, CERESIN, GLYCERYL DIBEHENATE, LAURETH-4, BEHENETH-25, ORBIGNYA OLEIFERA SEED OIL, PVP, GLYCERYL ROSINATE, TRIBEHENIN, GLYCERYL BEHENATE, PARFUM \/ FRAGRANCE, OLEA EUROPAEA OIL UNSAPONIFIABLES, CAPRYLYL GLYCOL, BENZYL ALCOHOL, ACRYLATES\/C10-30 ALKYL ACRYLATE CROSSPOLYMER, DISODIUM EDTA, CAPRYLHYDROXAMIC ACID, GLYCERIN, LINALOOL, LIMONENE, SODIUM HYDROXIDE<\/p>\n","protected":false},"featured_media":4658,"comment_status":"open","ping_status":"closed","template":"","meta":{"_acf_changed":false},"product_brand":[189],"product_cat":[404],"product_tag":[],"class_list":{"0":"post-4659","1":"product","2":"type-product","3":"status-publish","4":"has-post-thumbnail","6":"product_brand-davines","7":"product_cat-pasta-kil","9":"first","10":"outofstock","11":"shipping-taxable","12":"purchasable","13":"product-type-simple"},"acf":[],"_links":{"self":[{"href":"https:\/\/www.kozmodern.com\/index.php?rest_route=\/wp\/v2\/product\/4659","targetHints":{"allow":["GET"]}}],"collection":[{"href":"https:\/\/www.kozmodern.com\/index.php?rest_route=\/wp\/v2\/product"}],"about":[{"href":"https:\/\/www.kozmodern.com\/index.php?rest_route=\/wp\/v2\/types\/product"}],"replies":[{"embeddable":true,"href":"https:\/\/www.kozmodern.com\/index.php?rest_route=%2Fwp%2Fv2%2Fcomments&post=4659"}],"wp:featuredmedia":[{"embeddable":true,"href":"https:\/\/www.kozmodern.com\/index.php?rest_route=\/wp\/v2\/media\/4658"}],"wp:attachment":[{"href":"https:\/\/www.kozmodern.com\/index.php?rest_route=%2Fwp%2Fv2%2Fmedia&parent=4659"}],"wp:term":[{"taxonomy":"product_brand","embeddable":true,"href":"https:\/\/www.kozmodern.com\/index.php?rest_route=%2Fwp%2Fv2%2Fproduct_brand&post=4659"},{"taxonomy":"product_cat","embeddable":true,"href":"https:\/\/www.kozmodern.com\/index.php?rest_route=%2Fwp%2Fv2%2Fproduct_cat&post=4659"},{"taxonomy":"product_tag","embeddable":true,"href":"https:\/\/www.kozmodern.com\/index.php?rest_route=%2Fwp%2Fv2%2Fproduct_tag&post=4659"}],"curies":[{"name":"wp","href":"https:\/\/api.w.org\/{rel}","templated":true}]}}