{"id":4725,"date":"2026-03-02T00:50:03","date_gmt":"2026-03-01T21:50:03","guid":{"rendered":"https:\/\/www.kozmodern.com\/?product=davines-heart-of-glass-zengin-sac-kremi-1000-ml"},"modified":"2026-03-12T01:54:50","modified_gmt":"2026-03-11T22:54:50","slug":"davines-heart-of-glass-zengin-sac-kremi-1000-ml","status":"publish","type":"product","link":"https:\/\/www.kozmodern.com\/?product=davines-heart-of-glass-zengin-sac-kremi-1000-ml","title":{"rendered":"Davines Heart of Glass Rich Conditioner (1000 ml)"},"content":{"rendered":"<p data-start=\"0\" data-end=\"92\"><span class=\"hover:entity-accent entity-underline inline cursor-pointer align-baseline\"><span class=\"whitespace-normal\">Davines<\/span><\/span> Heart of Glass Rich Conditioner (1000 ml)<\/p>\n<h3 data-start=\"94\" data-end=\"114\">Ne i\u015fe yarar?<\/h3>\n<ul data-start=\"115\" data-end=\"486\">\n<li data-start=\"115\" data-end=\"183\">\n<p data-start=\"117\" data-end=\"183\">Sa\u00e7\u0131 yo\u011fun \u015fekilde besleyen ve nemlendiren bir sa\u00e7 kremidir.<\/p>\n<\/li>\n<li data-start=\"184\" data-end=\"257\">\n<p data-start=\"186\" data-end=\"257\">Sa\u00e7 tellerini g\u00fc\u00e7lendirmeye ve k\u0131r\u0131lmay\u0131 azaltmaya yard\u0131mc\u0131 olur.<\/p>\n<\/li>\n<li data-start=\"258\" data-end=\"316\">\n<p data-start=\"260\" data-end=\"316\">Sa\u00e7\u0131 daha kolay taran\u0131r hale getirir ve yumu\u015fat\u0131r.<\/p>\n<\/li>\n<li data-start=\"317\" data-end=\"401\">\n<p data-start=\"319\" data-end=\"401\">\u00d6zellikle sar\u0131 sa\u00e7larda olu\u015fan istenmeyen tonlar\u0131 dengelemeye yard\u0131mc\u0131 olur.<\/p>\n<\/li>\n<li data-start=\"402\" data-end=\"486\">\n<p data-start=\"404\" data-end=\"486\">Sa\u00e7a parlakl\u0131k ve canl\u0131l\u0131k kazand\u0131r\u0131r.<\/p>\n<\/li>\n<\/ul>\n","protected":false},"excerpt":{"rendered":"<h3 data-start=\"493\" data-end=\"519\">Ne i\u00e7in kullan\u0131l\u0131r?<\/h3>\n<ul data-start=\"520\" data-end=\"798\">\n<li data-start=\"520\" data-end=\"563\">\n<p data-start=\"522\" data-end=\"563\">Sa\u00e7\u0131n beslenmesi ve g\u00fc\u00e7lenmesi i\u00e7in<\/p>\n<\/li>\n<li data-start=\"564\" data-end=\"627\">\n<p data-start=\"566\" data-end=\"627\">Boyadan veya a\u00e7\u0131c\u0131dan y\u0131pranm\u0131\u015f sa\u00e7lar\u0131 toparlamak i\u00e7in<\/p>\n<\/li>\n<li data-start=\"628\" data-end=\"700\">\n<p data-start=\"630\" data-end=\"700\">Sar\u0131 \/ a\u00e7\u0131lm\u0131\u015f sa\u00e7 rengini daha parlak ve dengeli g\u00f6stermek i\u00e7in<\/p>\n<\/li>\n<li data-start=\"701\" data-end=\"798\">\n<p data-start=\"703\" data-end=\"798\">Kuru ve dola\u015fan sa\u00e7lar\u0131 yumu\u015fatmak i\u00e7in kullan\u0131l\u0131r.<\/p>\n<\/li>\n<\/ul>\n<h3 data-start=\"805\" data-end=\"844\">Hangi sa\u00e7 tipleri i\u00e7in uygundur?<\/h3>\n<ul data-start=\"845\" data-end=\"996\">\n<li data-start=\"845\" data-end=\"868\">\n<p data-start=\"847\" data-end=\"868\">Do\u011fal sar\u0131 sa\u00e7lar<\/p>\n<\/li>\n<li data-start=\"869\" data-end=\"893\">\n<p data-start=\"871\" data-end=\"893\">Boyal\u0131 sar\u0131 sa\u00e7lar<\/p>\n<\/li>\n<li data-start=\"894\" data-end=\"932\">\n<p data-start=\"896\" data-end=\"932\">A\u00e7\u0131c\u0131 (bleach) uygulanm\u0131\u015f sa\u00e7lar<\/p>\n<\/li>\n<li data-start=\"933\" data-end=\"963\">\n<p data-start=\"935\" data-end=\"963\">Kuru ve y\u0131pranm\u0131\u015f sa\u00e7lar<\/p>\n<\/li>\n<li data-start=\"964\" data-end=\"996\">\n<p data-start=\"966\" data-end=\"996\">Renk korumas\u0131 isteyen sa\u00e7lar<\/p>\n<\/li>\n<\/ul>\n<p data-start=\"998\" data-end=\"1103\">\u00d6zellikle sar\u0131 sa\u00e7lara \u00f6zel geli\u015ftirilmi\u015f bir bak\u0131m kremidir.<\/p>\n<h3 data-start=\"1110\" data-end=\"1134\">Nas\u0131l kullan\u0131l\u0131r?<\/h3>\n<ol data-start=\"1135\" data-end=\"1379\">\n<li data-start=\"1135\" data-end=\"1196\">\n<p data-start=\"1138\" data-end=\"1196\">Sa\u00e7\u0131n\u0131z\u0131 \u015fampuanlad\u0131ktan sonra fazla suyu havluyla al\u0131n.<\/p>\n<\/li>\n<li data-start=\"1197\" data-end=\"1238\">\n<p data-start=\"1200\" data-end=\"1238\">Sa\u00e7\u0131n boy ve u\u00e7lar\u0131na uygulay\u0131n.<\/p>\n<\/li>\n<li data-start=\"1239\" data-end=\"1275\">\n<p data-start=\"1242\" data-end=\"1275\">Yakla\u015f\u0131k 5 dakika bekletin.<\/p>\n<\/li>\n<li data-start=\"1276\" data-end=\"1302\">\n<p data-start=\"1279\" data-end=\"1302\">Sa\u00e7\u0131 nazik\u00e7e taray\u0131n.<\/p>\n<\/li>\n<li data-start=\"1303\" data-end=\"1379\">\n<p data-start=\"1306\" data-end=\"1379\">Bol su ile tamamen durulay\u0131n.<\/p>\n<\/li>\n<\/ol>\n<h3 data-start=\"1386\" data-end=\"1413\">\u0130\u00e7indekiler:<\/h3>\n<p data-start=\"1414\" data-end=\"2121\">Aqua \/ Water \/ Eau, Cetearyl Alcohol, Behentrimonium Chloride, Glycerin, Cetyl Alcohol, Hydrogenated Farnesene, Cetrimonium Chloride, Behentrimonium Methosulfate, Parfum \/ Fragrance, Glyceryl Stearate, Orbignya Oleifera Seed Oil, Isopropyl Alcohol, Benzyl Alcohol, Maleic Acid, Disodium EDTA, Sodium Benzoate, Genipa Americana Fruit Extract, Polyglyceryl-3 Polyricinoleate, Sclerotium Gum, Sorbitan Isostearate, Thioctamidoethyl Dimethylamine Maleate, Sodium Hydroxide, Corn Starch Modified, Alpha-Isomethyl Ionone, Linalool, Coumarin, Hydrolyzed Adansonia Digitata Seed Extract, Retinyl Palmitate, Helianthus Annuus Seed Oil \/ Helianthus Annuus (Sunflower) Seed Oil.<\/p>\n","protected":false},"featured_media":4724,"comment_status":"open","ping_status":"closed","template":"","meta":{"_acf_changed":false},"product_brand":[189],"product_cat":[397],"product_tag":[],"class_list":{"0":"post-4725","1":"product","2":"type-product","3":"status-publish","4":"has-post-thumbnail","6":"product_brand-davines","7":"product_cat-sac-kremi-davines","9":"first","10":"outofstock","11":"shipping-taxable","12":"purchasable","13":"product-type-simple"},"acf":[],"_links":{"self":[{"href":"https:\/\/www.kozmodern.com\/index.php?rest_route=\/wp\/v2\/product\/4725","targetHints":{"allow":["GET"]}}],"collection":[{"href":"https:\/\/www.kozmodern.com\/index.php?rest_route=\/wp\/v2\/product"}],"about":[{"href":"https:\/\/www.kozmodern.com\/index.php?rest_route=\/wp\/v2\/types\/product"}],"replies":[{"embeddable":true,"href":"https:\/\/www.kozmodern.com\/index.php?rest_route=%2Fwp%2Fv2%2Fcomments&post=4725"}],"wp:featuredmedia":[{"embeddable":true,"href":"https:\/\/www.kozmodern.com\/index.php?rest_route=\/wp\/v2\/media\/4724"}],"wp:attachment":[{"href":"https:\/\/www.kozmodern.com\/index.php?rest_route=%2Fwp%2Fv2%2Fmedia&parent=4725"}],"wp:term":[{"taxonomy":"product_brand","embeddable":true,"href":"https:\/\/www.kozmodern.com\/index.php?rest_route=%2Fwp%2Fv2%2Fproduct_brand&post=4725"},{"taxonomy":"product_cat","embeddable":true,"href":"https:\/\/www.kozmodern.com\/index.php?rest_route=%2Fwp%2Fv2%2Fproduct_cat&post=4725"},{"taxonomy":"product_tag","embeddable":true,"href":"https:\/\/www.kozmodern.com\/index.php?rest_route=%2Fwp%2Fv2%2Fproduct_tag&post=4725"}],"curies":[{"name":"wp","href":"https:\/\/api.w.org\/{rel}","templated":true}]}}