{"id":4728,"date":"2026-03-02T00:50:04","date_gmt":"2026-03-01T21:50:04","guid":{"rendered":"https:\/\/www.kozmodern.com\/?product=davines-heart-of-glass-zengin-sac-kremi-250-ml"},"modified":"2026-03-12T01:53:45","modified_gmt":"2026-03-11T22:53:45","slug":"davines-heart-of-glass-zengin-sac-kremi-250-ml","status":"publish","type":"product","link":"https:\/\/www.kozmodern.com\/?product=davines-heart-of-glass-zengin-sac-kremi-250-ml","title":{"rendered":"Davines Heart of Glass Zengin Sa\u00e7 Kremi 250 ml"},"content":{"rendered":"<p data-start=\"42\" data-end=\"92\"><span class=\"hover:entity-accent entity-underline inline cursor-pointer align-baseline\"><span class=\"whitespace-normal\">Davines Heart of Glass Rich Conditioner 250 ml<\/span><\/span><\/p>\n<h3 data-start=\"94\" data-end=\"114\">Ne i\u015fe yarar?<\/h3>\n<ul data-start=\"115\" data-end=\"447\">\n<li data-start=\"115\" data-end=\"164\">\n<p data-start=\"117\" data-end=\"164\">Sa\u00e7\u0131 yo\u011fun \u015fekilde besler ve nemlendirir.<\/p>\n<\/li>\n<li data-start=\"165\" data-end=\"235\">\n<p data-start=\"167\" data-end=\"235\">Sa\u00e7 telini g\u00fc\u00e7lendirir ve k\u0131r\u0131lmalar\u0131 azaltmaya yard\u0131mc\u0131 olur.<\/p>\n<\/li>\n<li data-start=\"236\" data-end=\"281\">\n<p data-start=\"238\" data-end=\"281\">Sa\u00e7\u0131 daha kolay taran\u0131r hale getirir.<\/p>\n<\/li>\n<li data-start=\"282\" data-end=\"362\">\n<p data-start=\"284\" data-end=\"362\">Sar\u0131 sa\u00e7larda olu\u015fan istenmeyen s\u0131cak tonlar\u0131 dengelemeye yard\u0131mc\u0131 olur.<\/p>\n<\/li>\n<li data-start=\"363\" data-end=\"447\">\n<p data-start=\"365\" data-end=\"447\">Sa\u00e7a parlakl\u0131k ve canl\u0131l\u0131k kazand\u0131r\u0131r.<\/p>\n<\/li>\n<\/ul>\n<p data-start=\"1434\" data-end=\"2141\">\n","protected":false},"excerpt":{"rendered":"<h3 data-start=\"454\" data-end=\"480\">Ne i\u00e7in kullan\u0131l\u0131r?<\/h3>\n<ul data-start=\"481\" data-end=\"781\">\n<li data-start=\"481\" data-end=\"539\">\n<p data-start=\"483\" data-end=\"539\"><strong data-start=\"483\" data-end=\"532\">Sar\u0131 sa\u00e7lar\u0131n bak\u0131m\u0131n\u0131 yapmak ve g\u00fc\u00e7lendirmek<\/strong> i\u00e7in<\/p>\n<\/li>\n<li data-start=\"540\" data-end=\"618\">\n<p data-start=\"542\" data-end=\"618\"><strong data-start=\"542\" data-end=\"611\">A\u00e7\u0131c\u0131 veya boya sonras\u0131 y\u0131pranm\u0131\u015f sa\u00e7lar\u0131 onarmaya yard\u0131mc\u0131 olmak<\/strong> i\u00e7in<\/p>\n<\/li>\n<li data-start=\"619\" data-end=\"683\">\n<p data-start=\"621\" data-end=\"683\"><strong data-start=\"621\" data-end=\"676\">Sar\u0131 sa\u00e7 tonlar\u0131n\u0131 daha dengeli ve parlak g\u00f6stermek<\/strong> i\u00e7in<\/p>\n<\/li>\n<li data-start=\"684\" data-end=\"781\">\n<p data-start=\"686\" data-end=\"781\"><strong data-start=\"686\" data-end=\"724\">Kuru ve dola\u015fan sa\u00e7lar\u0131 yumu\u015fatmak<\/strong> i\u00e7in kullan\u0131l\u0131r.<\/p>\n<\/li>\n<\/ul>\n<h3 data-start=\"788\" data-end=\"827\">Hangi sa\u00e7 tipleri i\u00e7in uygundur?<\/h3>\n<ul data-start=\"828\" data-end=\"980\">\n<li data-start=\"828\" data-end=\"853\">\n<p data-start=\"830\" data-end=\"853\"><strong data-start=\"830\" data-end=\"851\">Do\u011fal sar\u0131 sa\u00e7lar<\/strong><\/p>\n<\/li>\n<li data-start=\"854\" data-end=\"880\">\n<p data-start=\"856\" data-end=\"880\"><strong data-start=\"856\" data-end=\"878\">Boyal\u0131 sar\u0131 sa\u00e7lar<\/strong><\/p>\n<\/li>\n<li data-start=\"881\" data-end=\"914\">\n<p data-start=\"883\" data-end=\"914\"><strong data-start=\"883\" data-end=\"912\">A\u00e7\u0131lm\u0131\u015f (bleached) sa\u00e7lar<\/strong><\/p>\n<\/li>\n<li data-start=\"915\" data-end=\"947\">\n<p data-start=\"917\" data-end=\"947\"><strong data-start=\"917\" data-end=\"945\">Kuru ve y\u0131pranm\u0131\u015f sa\u00e7lar<\/strong><\/p>\n<\/li>\n<li data-start=\"948\" data-end=\"980\">\n<p data-start=\"950\" data-end=\"980\">Renk korunumu isteyen sa\u00e7lar<\/p>\n<\/li>\n<\/ul>\n<p data-start=\"982\" data-end=\"1114\">Bu seri \u00f6zellikle <strong data-start=\"1000\" data-end=\"1074\">sar\u0131 sa\u00e7lar\u0131n bak\u0131m\u0131n\u0131 ve ton dengesini korumak i\u00e7in geli\u015ftirilmi\u015ftir.<\/strong><\/p>\n<h3 data-start=\"1121\" data-end=\"1145\">Nas\u0131l kullan\u0131l\u0131r?<\/h3>\n<ol data-start=\"1146\" data-end=\"1398\">\n<li data-start=\"1146\" data-end=\"1213\">\n<p data-start=\"1149\" data-end=\"1213\">Sa\u00e7\u0131n\u0131z\u0131 \u015fampuanlad\u0131ktan sonra <strong data-start=\"1180\" data-end=\"1210\">havluyla fazla suyunu al\u0131n<\/strong>.<\/p>\n<\/li>\n<li data-start=\"1214\" data-end=\"1255\">\n<p data-start=\"1217\" data-end=\"1255\">Sa\u00e7\u0131n <strong data-start=\"1223\" data-end=\"1242\">boy ve u\u00e7lar\u0131na<\/strong> uygulay\u0131n.<\/p>\n<\/li>\n<li data-start=\"1256\" data-end=\"1292\">\n<p data-start=\"1259\" data-end=\"1292\">Yakla\u015f\u0131k <strong data-start=\"1268\" data-end=\"1289\">5 dakika bekletin<\/strong>.<\/p>\n<\/li>\n<li data-start=\"1293\" data-end=\"1323\">\n<p data-start=\"1296\" data-end=\"1323\">Sa\u00e7\u0131 nazik\u00e7e <strong data-start=\"1309\" data-end=\"1320\">taray\u0131n<\/strong>.<\/p>\n<\/li>\n<li data-start=\"1324\" data-end=\"1398\">\n<p data-start=\"1327\" data-end=\"1398\"><strong data-start=\"1327\" data-end=\"1358\">Bol su ile iyice durulay\u0131n.<\/strong><\/p>\n<\/li>\n<\/ol>\n<h3 data-start=\"1405\" data-end=\"1432\">\u0130\u00e7indekiler:<\/h3>\n<p data-start=\"1434\" data-end=\"2141\">Aqua \/ Water \/ Eau, Cetearyl Alcohol, Behentrimonium Chloride, Glycerin, Cetyl Alcohol, Hydrogenated Farnesene, Cetrimonium Chloride, Behentrimonium Methosulfate, Parfum \/ Fragrance, Glyceryl Stearate, Orbignya Oleifera Seed Oil, Isopropyl Alcohol, Benzyl Alcohol, Maleic Acid, Disodium EDTA, Sodium Benzoate, Genipa Americana Fruit Extract, Polyglyceryl-3 Polyricinoleate, Sclerotium Gum, Sorbitan Isostearate, Thioctamidoethyl Dimethylamine Maleate, Sodium Hydroxide, Corn Starch Modified, Alpha-Isomethyl Ionone, Linalool, Coumarin, Hydrolyzed Adansonia Digitata Seed Extract, Retinyl Palmitate, Helianthus Annuus Seed Oil \/ Helianthus Annuus (Sunflower) Seed Oil.<\/p>\n","protected":false},"featured_media":4727,"comment_status":"open","ping_status":"closed","template":"","meta":{"_acf_changed":false},"product_brand":[189],"product_cat":[397],"product_tag":[],"class_list":{"0":"post-4728","1":"product","2":"type-product","3":"status-publish","4":"has-post-thumbnail","6":"product_brand-davines","7":"product_cat-sac-kremi-davines","9":"first","10":"outofstock","11":"shipping-taxable","12":"purchasable","13":"product-type-simple"},"acf":[],"_links":{"self":[{"href":"https:\/\/www.kozmodern.com\/index.php?rest_route=\/wp\/v2\/product\/4728","targetHints":{"allow":["GET"]}}],"collection":[{"href":"https:\/\/www.kozmodern.com\/index.php?rest_route=\/wp\/v2\/product"}],"about":[{"href":"https:\/\/www.kozmodern.com\/index.php?rest_route=\/wp\/v2\/types\/product"}],"replies":[{"embeddable":true,"href":"https:\/\/www.kozmodern.com\/index.php?rest_route=%2Fwp%2Fv2%2Fcomments&post=4728"}],"wp:featuredmedia":[{"embeddable":true,"href":"https:\/\/www.kozmodern.com\/index.php?rest_route=\/wp\/v2\/media\/4727"}],"wp:attachment":[{"href":"https:\/\/www.kozmodern.com\/index.php?rest_route=%2Fwp%2Fv2%2Fmedia&parent=4728"}],"wp:term":[{"taxonomy":"product_brand","embeddable":true,"href":"https:\/\/www.kozmodern.com\/index.php?rest_route=%2Fwp%2Fv2%2Fproduct_brand&post=4728"},{"taxonomy":"product_cat","embeddable":true,"href":"https:\/\/www.kozmodern.com\/index.php?rest_route=%2Fwp%2Fv2%2Fproduct_cat&post=4728"},{"taxonomy":"product_tag","embeddable":true,"href":"https:\/\/www.kozmodern.com\/index.php?rest_route=%2Fwp%2Fv2%2Fproduct_tag&post=4728"}],"curies":[{"name":"wp","href":"https:\/\/api.w.org\/{rel}","templated":true}]}}