{"id":4749,"date":"2026-03-02T00:50:36","date_gmt":"2026-03-01T21:50:36","guid":{"rendered":"https:\/\/www.kozmodern.com\/?product=davines-ince-telli-sac-koruyucu-bakim-seti"},"modified":"2026-04-16T13:48:56","modified_gmt":"2026-04-16T10:48:56","slug":"davines-ince-telli-sac-koruyucu-bakim-seti","status":"publish","type":"product","link":"https:\/\/www.kozmodern.com\/?product=davines-ince-telli-sac-koruyucu-bakim-seti","title":{"rendered":"Davines \u0130nce Telli Sa\u00e7 Koruyucu Bak\u0131m Seti"},"content":{"rendered":"<p data-start=\"42\" data-end=\"99\">Davines \u0130nce Telli Sa\u00e7 Koruyucu Bak\u0131m Seti<\/p>\n<p data-start=\"100\" data-end=\"133\">(Dede Shampoo + Dede Conditioner)<\/p>\n<h3 data-start=\"135\" data-end=\"155\">Ne i\u015fe yarar?<\/h3>\n<ul data-start=\"156\" data-end=\"547\">\n<li data-start=\"156\" data-end=\"221\">\n<p data-start=\"158\" data-end=\"221\">\u0130nce telli sa\u00e7lar\u0131 nazik \u015fekilde temizler ve bak\u0131m yapar.<\/p>\n<\/li>\n<li data-start=\"222\" data-end=\"270\">\n<p data-start=\"224\" data-end=\"270\">Sa\u00e7a hafif nem ve yumu\u015fakl\u0131k kazand\u0131r\u0131r.<\/p>\n<\/li>\n<li data-start=\"271\" data-end=\"351\">\n<p data-start=\"273\" data-end=\"351\">Sa\u00e7\u0131 a\u011f\u0131rla\u015ft\u0131rmadan daha hacimli ve sa\u011fl\u0131kl\u0131 g\u00f6r\u00fcnmesine yard\u0131mc\u0131 olur.<\/p>\n<\/li>\n<li data-start=\"352\" data-end=\"432\">\n<p data-start=\"354\" data-end=\"432\">Sa\u00e7\u0131 kimyasal i\u015flemlerden (boya, perma vb.) \u00f6nce korumaya yard\u0131mc\u0131 olur.<\/p>\n<\/li>\n<li data-start=\"433\" data-end=\"547\">\n<p data-start=\"435\" data-end=\"547\">Sa\u00e7\u0131n do\u011fal dengesini koruyarak g\u00fcnl\u00fck kullan\u0131ma uygun bak\u0131m sa\u011flar.<\/p>\n<\/li>\n<\/ul>\n<p data-start=\"2108\" data-end=\"2348\">\n","protected":false},"excerpt":{"rendered":"<h3 data-start=\"554\" data-end=\"580\">Ne i\u00e7in kullan\u0131l\u0131r?<\/h3>\n<ul data-start=\"581\" data-end=\"850\">\n<li data-start=\"581\" data-end=\"649\">\n<p data-start=\"583\" data-end=\"649\">\u0130nce telli ve hassas sa\u00e7lar\u0131n nazik temizli\u011fi ve bak\u0131m\u0131 i\u00e7in<\/p>\n<\/li>\n<li data-start=\"650\" data-end=\"696\">\n<p data-start=\"652\" data-end=\"696\">Sa\u00e7\u0131 a\u011f\u0131rla\u015ft\u0131rmadan nemlendirmek i\u00e7in<\/p>\n<\/li>\n<li data-start=\"697\" data-end=\"734\">\n<p data-start=\"699\" data-end=\"734\">G\u00fcnl\u00fck sa\u00e7 y\u0131kama rutini i\u00e7in<\/p>\n<\/li>\n<li data-start=\"735\" data-end=\"850\">\n<p data-start=\"737\" data-end=\"850\">Kimyasal i\u015flem \u00f6ncesi sa\u00e7\u0131n korunmas\u0131na destek olmak i\u00e7in kullan\u0131l\u0131r.<\/p>\n<\/li>\n<\/ul>\n<h3 data-start=\"857\" data-end=\"896\">Hangi sa\u00e7 tipleri i\u00e7in uygundur?<\/h3>\n<ul data-start=\"897\" data-end=\"1046\">\n<li data-start=\"897\" data-end=\"922\">\n<p data-start=\"899\" data-end=\"922\">\u0130nce telli sa\u00e7lar<\/p>\n<\/li>\n<li data-start=\"923\" data-end=\"962\">\n<p data-start=\"925\" data-end=\"962\">Hafif ve \u00e7abuk a\u011f\u0131rla\u015fan sa\u00e7lar<\/p>\n<\/li>\n<li data-start=\"963\" data-end=\"998\">\n<p data-start=\"965\" data-end=\"998\">G\u00fcnl\u00fck y\u0131kama yapan ki\u015filer<\/p>\n<\/li>\n<li data-start=\"999\" data-end=\"1046\">\n<p data-start=\"1001\" data-end=\"1046\">Y\u0131pranm\u0131\u015f veya i\u015flem g\u00f6rm\u00fc\u015f ince sa\u00e7lar<\/p>\n<\/li>\n<\/ul>\n<p data-start=\"1048\" data-end=\"1188\">Dede serisi \u00f6zellikle hafif form\u00fcll\u00fc ve g\u00fcnl\u00fck kullan\u0131ma uygun sa\u00e7 bak\u0131m\u0131 i\u00e7in geli\u015ftirilmi\u015ftir.<\/p>\n<h3 data-start=\"1195\" data-end=\"1219\">Nas\u0131l kullan\u0131l\u0131r?<\/h3>\n<h4 data-start=\"1221\" data-end=\"1232\">\u015eampuan<\/h4>\n<ol data-start=\"1233\" data-end=\"1473\">\n<li data-start=\"1233\" data-end=\"1263\">\n<p data-start=\"1236\" data-end=\"1263\">Sa\u00e7\u0131 tamamen \u0131slat\u0131n.<\/p>\n<\/li>\n<li data-start=\"1264\" data-end=\"1301\">\n<p data-start=\"1267\" data-end=\"1301\">\u015eampuan\u0131 sa\u00e7 derisine uygulay\u0131n.<\/p>\n<\/li>\n<li data-start=\"1302\" data-end=\"1342\">\n<p data-start=\"1305\" data-end=\"1342\">Nazik\u00e7e masaj yaparak k\u00f6p\u00fcrt\u00fcn.<\/p>\n<\/li>\n<li data-start=\"1343\" data-end=\"1391\">\n<p data-start=\"1346\" data-end=\"1391\">Birka\u00e7 dakika bekletip iyice durulay\u0131n.<\/p>\n<\/li>\n<li data-start=\"1392\" data-end=\"1473\">\n<p data-start=\"1395\" data-end=\"1473\">Gerekirse i\u015flemi tekrar edebilirsiniz.<\/p>\n<\/li>\n<\/ol>\n<h4 data-start=\"1475\" data-end=\"1488\">Sa\u00e7 Kremi<\/h4>\n<ol data-start=\"1489\" data-end=\"1699\">\n<li data-start=\"1489\" data-end=\"1535\">\n<p data-start=\"1492\" data-end=\"1535\">\u015eampuan sonras\u0131 nemli sa\u00e7a uygulay\u0131n.<\/p>\n<\/li>\n<li data-start=\"1536\" data-end=\"1573\">\n<p data-start=\"1539\" data-end=\"1573\">Sa\u00e7\u0131n boy ve u\u00e7lar\u0131na yay\u0131n.<\/p>\n<\/li>\n<li data-start=\"1574\" data-end=\"1603\">\n<p data-start=\"1577\" data-end=\"1603\">3-5 dakika bekletin.<\/p>\n<\/li>\n<li data-start=\"1604\" data-end=\"1630\">\n<p data-start=\"1607\" data-end=\"1630\">Sa\u00e7\u0131 nazik\u00e7e taray\u0131n.<\/p>\n<\/li>\n<li data-start=\"1631\" data-end=\"1699\">\n<p data-start=\"1634\" data-end=\"1699\">Bol su ile durulay\u0131n.<\/p>\n<\/li>\n<\/ol>\n<h3 data-start=\"1706\" data-end=\"1733\">\u0130\u00e7indekiler:<\/h3>\n<h4 data-start=\"1735\" data-end=\"1751\">Dede Shampoo<\/h4>\n<p data-start=\"1752\" data-end=\"2085\">Aqua \/ Water \/ Eau, Sodium Lauroyl Methyl Isethionate, Cocamidopropyl Betaine, Sodium Lauroyl Sarcosinate, Glycerin, Decyl Glucoside, Parfum \/ Fragrance, Benzyl Alcohol, Sodium Benzoate, Potassium Sorbate, Citric Acid, Guar Hydroxypropyltrimonium Chloride, Panthenol, Prunus Amygdalus Dulcis Oil, Daucus Carota Sativa Root Extract.<\/p>\n<h4 data-start=\"2087\" data-end=\"2107\">Dede Conditioner<\/h4>\n<p data-start=\"2108\" data-end=\"2348\">Aqua \/ Water \/ Eau, Cetearyl Alcohol, Behentrimonium Chloride, Cetyl Alcohol, Glycerin, Parfum \/ Fragrance, Benzyl Alcohol, Sodium Benzoate, Potassium Sorbate, Citric Acid, Panthenol, Prunus Amygdalus Dulcis Oil, Apium Graveolens Extract.<\/p>\n","protected":false},"featured_media":4748,"comment_status":"open","ping_status":"closed","template":"","meta":{"_acf_changed":false},"product_brand":[189],"product_cat":[400],"product_tag":[],"class_list":{"0":"post-4749","1":"product","2":"type-product","3":"status-publish","4":"has-post-thumbnail","6":"product_brand-davines","7":"product_cat-set","9":"first","10":"outofstock","11":"shipping-taxable","12":"purchasable","13":"product-type-simple"},"acf":[],"_links":{"self":[{"href":"https:\/\/www.kozmodern.com\/index.php?rest_route=\/wp\/v2\/product\/4749","targetHints":{"allow":["GET"]}}],"collection":[{"href":"https:\/\/www.kozmodern.com\/index.php?rest_route=\/wp\/v2\/product"}],"about":[{"href":"https:\/\/www.kozmodern.com\/index.php?rest_route=\/wp\/v2\/types\/product"}],"replies":[{"embeddable":true,"href":"https:\/\/www.kozmodern.com\/index.php?rest_route=%2Fwp%2Fv2%2Fcomments&post=4749"}],"wp:featuredmedia":[{"embeddable":true,"href":"https:\/\/www.kozmodern.com\/index.php?rest_route=\/wp\/v2\/media\/4748"}],"wp:attachment":[{"href":"https:\/\/www.kozmodern.com\/index.php?rest_route=%2Fwp%2Fv2%2Fmedia&parent=4749"}],"wp:term":[{"taxonomy":"product_brand","embeddable":true,"href":"https:\/\/www.kozmodern.com\/index.php?rest_route=%2Fwp%2Fv2%2Fproduct_brand&post=4749"},{"taxonomy":"product_cat","embeddable":true,"href":"https:\/\/www.kozmodern.com\/index.php?rest_route=%2Fwp%2Fv2%2Fproduct_cat&post=4749"},{"taxonomy":"product_tag","embeddable":true,"href":"https:\/\/www.kozmodern.com\/index.php?rest_route=%2Fwp%2Fv2%2Fproduct_tag&post=4749"}],"curies":[{"name":"wp","href":"https:\/\/api.w.org\/{rel}","templated":true}]}}