{"id":4752,"date":"2026-03-02T00:50:37","date_gmt":"2026-03-01T21:50:37","guid":{"rendered":"https:\/\/www.kozmodern.com\/?product=davines-invisible-no-gas-gorunmez-gazsiz-sprey-250-ml"},"modified":"2026-03-12T02:06:20","modified_gmt":"2026-03-11T23:06:20","slug":"davines-invisible-no-gas-gorunmez-gazsiz-sprey-250-ml","status":"publish","type":"product","link":"https:\/\/www.kozmodern.com\/?product=davines-invisible-no-gas-gorunmez-gazsiz-sprey-250-ml","title":{"rendered":"Davines Invisible No Gas G\u00f6r\u00fcnmez Gazs\u0131z Sprey 250 ml"},"content":{"rendered":"<p data-start=\"42\" data-end=\"92\"><span class=\"inline align-baseline\"><span class=\"whitespace-normal\"><span class=\"hover:entity-accent entity-underline cursor-pointer\">Davines Invisible No Gas G\u00f6r\u00fcnmez Gazs\u0131z Sprey 250 ml<\/span><\/span><\/span><\/p>\n<h3 data-start=\"94\" data-end=\"114\">Ne i\u015fe yarar?<\/h3>\n<ul data-start=\"115\" data-end=\"452\">\n<li data-start=\"115\" data-end=\"175\">\n<p data-start=\"117\" data-end=\"175\">Sa\u00e7a orta seviyede tutu\u015f sa\u011flayan bir sa\u00e7 spreyidir.<\/p>\n<\/li>\n<li data-start=\"176\" data-end=\"237\">\n<p data-start=\"178\" data-end=\"237\">Sa\u00e7ta do\u011fal ve g\u00f6r\u00fcnmez bir sabitleme etkisi b\u0131rak\u0131r.<\/p>\n<\/li>\n<li data-start=\"238\" data-end=\"300\">\n<p data-start=\"240\" data-end=\"300\">Sa\u00e7\u0131 sertle\u015ftirmeden \u015feklin korunmas\u0131na yard\u0131mc\u0131 olur.<\/p>\n<\/li>\n<li data-start=\"301\" data-end=\"357\">\n<p data-start=\"303\" data-end=\"357\">Nem ve hava ko\u015fullar\u0131na kar\u015f\u0131 sa\u00e7 stilini korur.<\/p>\n<\/li>\n<li data-start=\"358\" data-end=\"452\">\n<p data-start=\"360\" data-end=\"452\">Sa\u00e7a hafif parlakl\u0131k ve yumu\u015fak doku kazand\u0131r\u0131r.<\/p>\n<\/li>\n<\/ul>\n","protected":false},"excerpt":{"rendered":"<h3 data-start=\"459\" data-end=\"485\">Ne i\u00e7in kullan\u0131l\u0131r?<\/h3>\n<ul data-start=\"486\" data-end=\"774\">\n<li data-start=\"486\" data-end=\"521\">\n<p data-start=\"488\" data-end=\"521\">Sa\u00e7 stilini sabitlemek i\u00e7in<\/p>\n<\/li>\n<li data-start=\"522\" data-end=\"575\">\n<p data-start=\"524\" data-end=\"575\">Do\u011fal g\u00f6r\u00fcn\u00fcml\u00fc sa\u00e7 \u015fekilleri olu\u015fturmak i\u00e7in<\/p>\n<\/li>\n<li data-start=\"576\" data-end=\"664\">\n<p data-start=\"578\" data-end=\"664\">F\u00f6n veya s\u0131cak \u015fekillendirici aletlerle yap\u0131lan sa\u00e7 modellerini desteklemek i\u00e7in<\/p>\n<\/li>\n<li data-start=\"665\" data-end=\"774\">\n<p data-start=\"667\" data-end=\"774\">Hafif ve esnek tutu\u015f sa\u011flayan bir sa\u00e7 spreyi olarak kullan\u0131l\u0131r.<\/p>\n<\/li>\n<\/ul>\n<h3 data-start=\"781\" data-end=\"820\">Hangi sa\u00e7 tipleri i\u00e7in uygundur?<\/h3>\n<ul data-start=\"821\" data-end=\"955\">\n<li data-start=\"821\" data-end=\"844\">\n<p data-start=\"823\" data-end=\"844\">T\u00fcm sa\u00e7 tipleri<\/p>\n<\/li>\n<li data-start=\"845\" data-end=\"870\">\n<p data-start=\"847\" data-end=\"870\">\u0130nce telli sa\u00e7lar<\/p>\n<\/li>\n<li data-start=\"871\" data-end=\"901\">\n<p data-start=\"873\" data-end=\"901\">Orta kal\u0131nl\u0131kta sa\u00e7lar<\/p>\n<\/li>\n<li data-start=\"902\" data-end=\"955\">\n<p data-start=\"904\" data-end=\"955\">Do\u011fal g\u00f6r\u00fcn\u00fcm isteyen \u015fekillendirilmi\u015f sa\u00e7lar<\/p>\n<\/li>\n<\/ul>\n<p data-start=\"957\" data-end=\"1085\">Gazs\u0131z yap\u0131s\u0131 sayesinde sa\u00e7ta a\u011f\u0131rla\u015fma veya yap\u0131\u015fkan his b\u0131rakmadan kullan\u0131labilir.<\/p>\n<h3 data-start=\"1092\" data-end=\"1116\">Nas\u0131l kullan\u0131l\u0131r?<\/h3>\n<ol data-start=\"1117\" data-end=\"1438\">\n<li data-start=\"1117\" data-end=\"1167\">\n<p data-start=\"1120\" data-end=\"1167\">\u00dcr\u00fcn\u00fc kullanmadan \u00f6nce \u015fi\u015feyi \u00e7alkalay\u0131n.<\/p>\n<\/li>\n<li data-start=\"1168\" data-end=\"1220\">\n<p data-start=\"1171\" data-end=\"1220\">Sa\u00e7tan yakla\u015f\u0131k 30 cm uzakl\u0131ktan p\u00fcsk\u00fcrt\u00fcn.<\/p>\n<\/li>\n<li data-start=\"1221\" data-end=\"1276\">\n<p data-start=\"1224\" data-end=\"1276\">Sa\u00e7\u0131 tarayarak veya parmaklarla \u015fekillendirin.<\/p>\n<\/li>\n<li data-start=\"1277\" data-end=\"1353\">\n<p data-start=\"1280\" data-end=\"1353\">Belirli b\u00f6lgeleri sabitlemek i\u00e7in do\u011frudan o b\u00f6lgeye uygulanabilir.<\/p>\n<\/li>\n<li data-start=\"1354\" data-end=\"1438\">\n<p data-start=\"1357\" data-end=\"1438\">Nemli veya kuru sa\u00e7ta kullan\u0131labilir.<\/p>\n<\/li>\n<\/ol>\n<h3 data-start=\"1445\" data-end=\"1472\">\u0130\u00e7indekiler<\/h3>\n<p data-start=\"1474\" data-end=\"1923\">Alcohol Denat., Water (Aqua), Polyurethane-14, AMP-Acrylates Copolymer, Octylacrylamide\/Acrylates\/Butylaminoethyl Methacrylate Copolymer, Fragrance (Parfum), Sodium Benzoate, Aminomethyl Propanol, Triethyl Citrate, Glycerin, Thymus Vulgaris (Thyme) Flower\/Leaf\/Stem Extract, Phyllanthus Emblica Fruit Extract, Citrus Limon (Lemon) Peel Extract, Hippophae Rhamnoides Fruit Extract, Ascophyllum Nodosum Extract.<\/p>\n","protected":false},"featured_media":4751,"comment_status":"open","ping_status":"closed","template":"","meta":{"_acf_changed":false},"product_brand":[189],"product_cat":[403],"product_tag":[],"class_list":{"0":"post-4752","1":"product","2":"type-product","3":"status-publish","4":"has-post-thumbnail","6":"product_brand-davines","7":"product_cat-sprey-davines","9":"first","10":"outofstock","11":"shipping-taxable","12":"purchasable","13":"product-type-simple"},"acf":[],"_links":{"self":[{"href":"https:\/\/www.kozmodern.com\/index.php?rest_route=\/wp\/v2\/product\/4752","targetHints":{"allow":["GET"]}}],"collection":[{"href":"https:\/\/www.kozmodern.com\/index.php?rest_route=\/wp\/v2\/product"}],"about":[{"href":"https:\/\/www.kozmodern.com\/index.php?rest_route=\/wp\/v2\/types\/product"}],"replies":[{"embeddable":true,"href":"https:\/\/www.kozmodern.com\/index.php?rest_route=%2Fwp%2Fv2%2Fcomments&post=4752"}],"wp:featuredmedia":[{"embeddable":true,"href":"https:\/\/www.kozmodern.com\/index.php?rest_route=\/wp\/v2\/media\/4751"}],"wp:attachment":[{"href":"https:\/\/www.kozmodern.com\/index.php?rest_route=%2Fwp%2Fv2%2Fmedia&parent=4752"}],"wp:term":[{"taxonomy":"product_brand","embeddable":true,"href":"https:\/\/www.kozmodern.com\/index.php?rest_route=%2Fwp%2Fv2%2Fproduct_brand&post=4752"},{"taxonomy":"product_cat","embeddable":true,"href":"https:\/\/www.kozmodern.com\/index.php?rest_route=%2Fwp%2Fv2%2Fproduct_cat&post=4752"},{"taxonomy":"product_tag","embeddable":true,"href":"https:\/\/www.kozmodern.com\/index.php?rest_route=%2Fwp%2Fv2%2Fproduct_tag&post=4752"}],"curies":[{"name":"wp","href":"https:\/\/api.w.org\/{rel}","templated":true}]}}