{"id":4766,"date":"2026-03-02T00:50:53","date_gmt":"2026-03-01T21:50:53","guid":{"rendered":"https:\/\/www.kozmodern.com\/?product=davines-kepek-karsi-sampuan-bakim-seti"},"modified":"2026-04-16T13:48:01","modified_gmt":"2026-04-16T10:48:01","slug":"davines-kepek-karsi-sampuan-bakim-seti","status":"publish","type":"product","link":"https:\/\/www.kozmodern.com\/?product=davines-kepek-karsi-sampuan-bakim-seti","title":{"rendered":"Davines Purifying Kepek Kar\u015f\u0131 \u015eampuan Bak\u0131m Seti"},"content":{"rendered":"<h4 data-start=\"42\" data-end=\"100\">Davines Purifying Kepe\u011fe Kar\u015f\u0131 \u015eampuan 250 ml<\/h4>\n<h3 data-start=\"102\" data-end=\"122\">Ne i\u015fe yarar?<\/h3>\n<ul data-start=\"123\" data-end=\"475\">\n<li data-start=\"123\" data-end=\"171\">\n<p data-start=\"125\" data-end=\"171\">Kepek olu\u015fumunu azaltmaya yard\u0131mc\u0131 olur.<\/p>\n<\/li>\n<li data-start=\"172\" data-end=\"229\">\n<p data-start=\"174\" data-end=\"229\">Sa\u00e7 derisini derinlemesine temizler ve ar\u0131nd\u0131r\u0131r.<\/p>\n<\/li>\n<li data-start=\"230\" data-end=\"306\">\n<p data-start=\"232\" data-end=\"306\">Sa\u00e7 derisinde olu\u015fan mikrobiyal sorunlar\u0131 dengelemeye yard\u0131mc\u0131 olur.<\/p>\n<\/li>\n<li data-start=\"307\" data-end=\"356\">\n<p data-start=\"309\" data-end=\"356\">Ka\u015f\u0131nt\u0131 ve tahri\u015fi azaltmaya destek olur.<\/p>\n<\/li>\n<li data-start=\"357\" data-end=\"475\">\n<p data-start=\"359\" data-end=\"475\">Sa\u00e7 derisinin sa\u011fl\u0131kl\u0131 ve dengeli bir ortam olu\u015fturmas\u0131na yard\u0131mc\u0131 olur.<\/p>\n<\/li>\n<\/ul>\n","protected":false},"excerpt":{"rendered":"<h3 data-start=\"482\" data-end=\"508\">Ne i\u00e7in kullan\u0131l\u0131r?<\/h3>\n<ul data-start=\"509\" data-end=\"802\">\n<li data-start=\"509\" data-end=\"563\">\n<p data-start=\"511\" data-end=\"563\">Kuru veya ya\u011fl\u0131 kepek problemini azaltmak i\u00e7in<\/p>\n<\/li>\n<li data-start=\"564\" data-end=\"626\">\n<p data-start=\"566\" data-end=\"626\">Sa\u00e7 derisini ar\u0131nd\u0131rmak ve detoks etkisi sa\u011flamak i\u00e7in<\/p>\n<\/li>\n<li data-start=\"627\" data-end=\"684\">\n<p data-start=\"629\" data-end=\"684\">Ka\u015f\u0131nt\u0131l\u0131 ve hassas sa\u00e7 derisini rahatlatmak i\u00e7in<\/p>\n<\/li>\n<li data-start=\"685\" data-end=\"802\">\n<p data-start=\"687\" data-end=\"802\">Sa\u00e7 derisinde olu\u015fan pullanma ve kabuklanmay\u0131 azaltmak i\u00e7in kullan\u0131l\u0131r.<\/p>\n<\/li>\n<\/ul>\n<h3 data-start=\"809\" data-end=\"848\">Hangi sa\u00e7 tipleri i\u00e7in uygundur?<\/h3>\n<ul data-start=\"849\" data-end=\"1023\">\n<li data-start=\"849\" data-end=\"892\">\n<p data-start=\"851\" data-end=\"892\">Kuru kepek problemi olan sa\u00e7 derisi<\/p>\n<\/li>\n<li data-start=\"893\" data-end=\"937\">\n<p data-start=\"895\" data-end=\"937\">Ya\u011fl\u0131 kepek problemi olan sa\u00e7 derisi<\/p>\n<\/li>\n<li data-start=\"938\" data-end=\"978\">\n<p data-start=\"940\" data-end=\"978\">Hassas veya ka\u015f\u0131nt\u0131l\u0131 sa\u00e7 derisi<\/p>\n<\/li>\n<li data-start=\"979\" data-end=\"1023\">\n<p data-start=\"981\" data-end=\"1023\">Kepek sorunu ya\u015fayan t\u00fcm sa\u00e7 tipleri<\/p>\n<\/li>\n<\/ul>\n<p data-start=\"1025\" data-end=\"1173\">Bu \u015fampuan \u00f6zellikle kepek sorunu ya\u015fayan sa\u00e7 derileri i\u00e7in geli\u015ftirilmi\u015f profesyonel bak\u0131m \u015fampuan\u0131d\u0131r.<\/p>\n<h3 data-start=\"1180\" data-end=\"1204\">Nas\u0131l kullan\u0131l\u0131r?<\/h3>\n<ol data-start=\"1205\" data-end=\"1373\">\n<li data-start=\"1205\" data-end=\"1227\">\n<p data-start=\"1208\" data-end=\"1227\">Sa\u00e7\u0131 \u0131slat\u0131n.<\/p>\n<\/li>\n<li data-start=\"1228\" data-end=\"1289\">\n<p data-start=\"1231\" data-end=\"1289\">\u00dcr\u00fcn\u00fc sa\u00e7 derisine uygulay\u0131n ve nazik\u00e7e masaj yap\u0131n.<\/p>\n<\/li>\n<li data-start=\"1290\" data-end=\"1336\">\n<p data-start=\"1293\" data-end=\"1336\">Birka\u00e7 dakika sa\u00e7 derisinde bekletin.<\/p>\n<\/li>\n<li data-start=\"1337\" data-end=\"1373\">\n<p data-start=\"1340\" data-end=\"1373\">Bol su ile iyice durulay\u0131n.<\/p>\n<\/li>\n<\/ol>\n<p data-start=\"1375\" data-end=\"1398\">Kullan\u0131m \u00f6nerisi:<\/p>\n<ul data-start=\"1399\" data-end=\"1542\">\n<li data-start=\"1399\" data-end=\"1450\">\n<p data-start=\"1401\" data-end=\"1450\">Yo\u011fun tedavi: 3 hafta boyunca haftada 2 kez<\/p>\n<\/li>\n<li data-start=\"1451\" data-end=\"1542\">\n<p data-start=\"1453\" data-end=\"1542\">Koruyucu bak\u0131m: 6 hafta boyunca haftada 1 kez<\/p>\n<\/li>\n<\/ul>\n<h3 data-start=\"1549\" data-end=\"1576\">\u0130\u00e7indekiler:<\/h3>\n<p data-start=\"1578\" data-end=\"2141\">Aqua \/ Water \/ Eau, Cocamidopropyl Betaine, Propylene Glycol, Sodium Lauryl Glucose Carboxylate, Glycerin, Lauryl Glucoside, Sodium Lauroyl Methyl Isethionate, Acrylates\/C10-30 Alkyl Acrylate Crosspolymer, Selenium Sulfide, Glyceryl Oleate, Taraxacum Officinale Root Extract \/ Taraxacum Officinale (Dandelion) Root Extract, Coco-Glucoside, Polysorbate 20, Sodium Benzoate, Citric Acid, Sodium Chloride, Trisodium Ethylenediamine Disuccinate, Potassium Sorbate, 2-Bromo-2-Nitropropane-1,3-Diol, Linalool, Parfum \/ Fragrance.<\/p>\n","protected":false},"featured_media":4765,"comment_status":"open","ping_status":"closed","template":"","meta":{"_acf_changed":false},"product_brand":[189],"product_cat":[398],"product_tag":[],"class_list":{"0":"post-4766","1":"product","2":"type-product","3":"status-publish","4":"has-post-thumbnail","6":"product_brand-davines","7":"product_cat-sampuan-davines","9":"first","10":"outofstock","11":"shipping-taxable","12":"purchasable","13":"product-type-simple"},"acf":[],"_links":{"self":[{"href":"https:\/\/www.kozmodern.com\/index.php?rest_route=\/wp\/v2\/product\/4766","targetHints":{"allow":["GET"]}}],"collection":[{"href":"https:\/\/www.kozmodern.com\/index.php?rest_route=\/wp\/v2\/product"}],"about":[{"href":"https:\/\/www.kozmodern.com\/index.php?rest_route=\/wp\/v2\/types\/product"}],"replies":[{"embeddable":true,"href":"https:\/\/www.kozmodern.com\/index.php?rest_route=%2Fwp%2Fv2%2Fcomments&post=4766"}],"wp:featuredmedia":[{"embeddable":true,"href":"https:\/\/www.kozmodern.com\/index.php?rest_route=\/wp\/v2\/media\/4765"}],"wp:attachment":[{"href":"https:\/\/www.kozmodern.com\/index.php?rest_route=%2Fwp%2Fv2%2Fmedia&parent=4766"}],"wp:term":[{"taxonomy":"product_brand","embeddable":true,"href":"https:\/\/www.kozmodern.com\/index.php?rest_route=%2Fwp%2Fv2%2Fproduct_brand&post=4766"},{"taxonomy":"product_cat","embeddable":true,"href":"https:\/\/www.kozmodern.com\/index.php?rest_route=%2Fwp%2Fv2%2Fproduct_cat&post=4766"},{"taxonomy":"product_tag","embeddable":true,"href":"https:\/\/www.kozmodern.com\/index.php?rest_route=%2Fwp%2Fv2%2Fproduct_tag&post=4766"}],"curies":[{"name":"wp","href":"https:\/\/api.w.org\/{rel}","templated":true}]}}