{"id":4846,"date":"2026-03-02T00:53:01","date_gmt":"2026-03-01T21:53:01","guid":{"rendered":"https:\/\/www.kozmodern.com\/?product=davines-love-curl-cream-bukle-belirginlestirici-krem-150-ml-2"},"modified":"2026-03-12T02:35:55","modified_gmt":"2026-03-11T23:35:55","slug":"davines-love-curl-cream-bukle-belirginlestirici-krem-150-ml-2","status":"publish","type":"product","link":"https:\/\/www.kozmodern.com\/?product=davines-love-curl-cream-bukle-belirginlestirici-krem-150-ml-2","title":{"rendered":"Davines Love Curl Cream Bukle Belirginle\u015ftirici Krem 150 ml"},"content":{"rendered":"<h4 data-start=\"0\" data-end=\"76\"><strong data-start=\"13\" data-end=\"76\">Davines Love Curl Cream Bukle Belirginle\u015ftirici Krem 150\u202fml<\/strong><\/h4>\n<h3 data-start=\"83\" data-end=\"107\">Ne i\u015fe yarar?<\/h3>\n<ul data-start=\"108\" data-end=\"418\">\n<li data-start=\"108\" data-end=\"174\">\n<p data-start=\"110\" data-end=\"174\">K\u0131v\u0131rc\u0131k ve dalgal\u0131 sa\u00e7lardaki bukleleri belirginle\u015ftirir.<\/p>\n<\/li>\n<li data-start=\"175\" data-end=\"214\">\n<p data-start=\"177\" data-end=\"214\">Sa\u00e7a nem ve elastikiyet sa\u011flar.<\/p>\n<\/li>\n<li data-start=\"215\" data-end=\"286\">\n<p data-start=\"217\" data-end=\"286\">Elektriklenme ve kabarmay\u0131 kontrol alt\u0131na almaya yard\u0131mc\u0131 olur.<\/p>\n<\/li>\n<li data-start=\"287\" data-end=\"363\">\n<p data-start=\"289\" data-end=\"363\">Buklelerin daha az da\u011f\u0131n\u0131k, daha tan\u0131ml\u0131 ve diri g\u00f6r\u00fcnmesini sa\u011flar.<\/p>\n<\/li>\n<li data-start=\"364\" data-end=\"418\">\n<p data-start=\"366\" data-end=\"418\">Sa\u00e7a yumu\u015fak, do\u011fal bir doku ve parlakl\u0131k verir.<\/p>\n<\/li>\n<\/ul>\n","protected":false},"excerpt":{"rendered":"<h3 data-start=\"425\" data-end=\"455\">Ne i\u00e7in kullan\u0131l\u0131r?<\/h3>\n<ul data-start=\"456\" data-end=\"692\">\n<li data-start=\"456\" data-end=\"530\">\n<p data-start=\"458\" data-end=\"530\">K\u0131v\u0131rc\u0131k veya dalgal\u0131 sa\u00e7lar\u0131n \u015fekillendirme bak\u0131m\u0131nda kullan\u0131l\u0131r.<\/p>\n<\/li>\n<li data-start=\"531\" data-end=\"589\">\n<p data-start=\"533\" data-end=\"589\">Bukleleri belirginle\u015ftirmek ve kontrol etmek i\u00e7in.<\/p>\n<\/li>\n<li data-start=\"590\" data-end=\"692\">\n<p data-start=\"592\" data-end=\"692\">Nem sa\u011flamak, kabarmay\u0131 azaltmak ve buklelerin daha tan\u0131ml\u0131 kalmas\u0131n\u0131 desteklemek i\u00e7in uygundur.<\/p>\n<\/li>\n<\/ul>\n<h3 data-start=\"699\" data-end=\"742\">Hangi sa\u00e7 tipleri i\u00e7in uygundur?<\/h3>\n<ul data-start=\"743\" data-end=\"883\">\n<li data-start=\"743\" data-end=\"773\">\n<p data-start=\"745\" data-end=\"773\">Dalgal\u0131 sa\u00e7lar (wavy).<\/p>\n<\/li>\n<li data-start=\"774\" data-end=\"806\">\n<p data-start=\"776\" data-end=\"806\">K\u0131v\u0131rc\u0131k sa\u00e7lar (curly).<\/p>\n<\/li>\n<li data-start=\"807\" data-end=\"883\">\n<p data-start=\"809\" data-end=\"883\">Buklelerini daha kontroll\u00fc, belirgin ve yumu\u015fak tutmak isteyen herkes.<\/p>\n<\/li>\n<\/ul>\n<p data-start=\"885\" data-end=\"970\">Bu \u00fcr\u00fcn \u00f6zellikle curly ve wavy sa\u00e7 tipi i\u00e7in stil ve bak\u0131m sa\u011flayan bir kremdir.<\/p>\n<h3 data-start=\"977\" data-end=\"1005\">Nas\u0131l kullan\u0131l\u0131r?<\/h3>\n<ol data-start=\"1006\" data-end=\"1403\">\n<li data-start=\"1006\" data-end=\"1081\">\n<p data-start=\"1009\" data-end=\"1081\">Du\u015f sonras\u0131 sa\u00e7\u0131n\u0131z\u0131 havluyla hafif\u00e7e kurulay\u0131n (fazla suyu al\u0131n).<\/p>\n<\/li>\n<li data-start=\"1082\" data-end=\"1124\">\n<p data-start=\"1085\" data-end=\"1124\">Bir miktar kremi avu\u00e7 i\u00e7ine al\u0131n.<\/p>\n<\/li>\n<li data-start=\"1125\" data-end=\"1175\">\n<p data-start=\"1128\" data-end=\"1175\">Sa\u00e7\u0131n boy ve u\u00e7lar\u0131na e\u015fit \u015fekilde yay\u0131n.<\/p>\n<\/li>\n<li data-start=\"1176\" data-end=\"1259\">\n<p data-start=\"1179\" data-end=\"1259\">Parmaklarla bukleleri belirginle\u015ftirin veya tarakla nazik\u00e7e \u015fekillendirin.<\/p>\n<\/li>\n<li data-start=\"1260\" data-end=\"1313\">\n<p data-start=\"1263\" data-end=\"1313\">Bu \u00fcr\u00fcn durulanmaz (leave\u2011in) \u2014 sa\u00e7ta kal\u0131r.<\/p>\n<\/li>\n<li data-start=\"1314\" data-end=\"1403\">\n<p data-start=\"1317\" data-end=\"1403\">\u0130stersen dif\u00fcz\u00f6r (diffuser) ile kurutabilirsin, bu bukle tan\u0131m\u0131n\u0131 daha da art\u0131r\u0131r.<\/p>\n<\/li>\n<\/ol>\n<h3 data-start=\"1410\" data-end=\"1473\">\u0130\u00e7indekiler:<\/h3>\n<p data-start=\"1474\" data-end=\"2024\">Aqua \/ Water \/ Eau, Glycerin, Cetearyl Alcohol, Behentrimonium Methosulfate, Cetyl Alcohol, Cocamidopropyl Betaine, Panthenol, Parfum \/ Fragrance, Cyclopentasiloxane, Dimethicone, VP\/DMAPA Acrylates Copolymer, Polyquaternium\u201137, Propylene Glycol Dicaprylate\/Dicaprate, Benzyl Alcohol, PPG\u20111 Trideceth\u20116, Prunus Amygdalus Dulcis (Sweet Almond) Seed Extract, Sodium Benzoate, Citric Acid, Cetrimonium Chloride, Disodium EDTA, Limonene, Phenoxyethanol, Citronellol.<\/p>\n","protected":false},"featured_media":4845,"comment_status":"open","ping_status":"closed","template":"","meta":{"_acf_changed":false},"product_brand":[189],"product_cat":[397],"product_tag":[],"class_list":{"0":"post-4846","1":"product","2":"type-product","3":"status-publish","4":"has-post-thumbnail","6":"product_brand-davines","7":"product_cat-sac-kremi-davines","9":"first","10":"outofstock","11":"shipping-taxable","12":"purchasable","13":"product-type-simple"},"acf":[],"_links":{"self":[{"href":"https:\/\/www.kozmodern.com\/index.php?rest_route=\/wp\/v2\/product\/4846","targetHints":{"allow":["GET"]}}],"collection":[{"href":"https:\/\/www.kozmodern.com\/index.php?rest_route=\/wp\/v2\/product"}],"about":[{"href":"https:\/\/www.kozmodern.com\/index.php?rest_route=\/wp\/v2\/types\/product"}],"replies":[{"embeddable":true,"href":"https:\/\/www.kozmodern.com\/index.php?rest_route=%2Fwp%2Fv2%2Fcomments&post=4846"}],"wp:featuredmedia":[{"embeddable":true,"href":"https:\/\/www.kozmodern.com\/index.php?rest_route=\/wp\/v2\/media\/4845"}],"wp:attachment":[{"href":"https:\/\/www.kozmodern.com\/index.php?rest_route=%2Fwp%2Fv2%2Fmedia&parent=4846"}],"wp:term":[{"taxonomy":"product_brand","embeddable":true,"href":"https:\/\/www.kozmodern.com\/index.php?rest_route=%2Fwp%2Fv2%2Fproduct_brand&post=4846"},{"taxonomy":"product_cat","embeddable":true,"href":"https:\/\/www.kozmodern.com\/index.php?rest_route=%2Fwp%2Fv2%2Fproduct_cat&post=4846"},{"taxonomy":"product_tag","embeddable":true,"href":"https:\/\/www.kozmodern.com\/index.php?rest_route=%2Fwp%2Fv2%2Fproduct_tag&post=4846"}],"curies":[{"name":"wp","href":"https:\/\/api.w.org\/{rel}","templated":true}]}}