{"id":4881,"date":"2026-03-02T00:54:04","date_gmt":"2026-03-01T21:54:04","guid":{"rendered":"https:\/\/www.kozmodern.com\/?product=davines-love-curl-revitalizer-bukle-yenileyici-sprey-250-ml"},"modified":"2026-04-16T13:43:04","modified_gmt":"2026-04-16T10:43:04","slug":"davines-love-curl-revitalizer-bukle-yenileyici-sprey-250-ml","status":"publish","type":"product","link":"https:\/\/www.kozmodern.com\/?product=davines-love-curl-revitalizer-bukle-yenileyici-sprey-250-ml","title":{"rendered":"Davines Love Curl Revitalizer Bukle Yenileyici Sprey 250 ml"},"content":{"rendered":"<h4 data-start=\"0\" data-end=\"76\"><strong data-start=\"13\" data-end=\"76\">Davines Love Curl Revitalizer Bukle Yenileyici Sprey 250\u202fml<\/strong><\/h4>\n<h3 data-start=\"83\" data-end=\"107\">Ne i\u015fe yarar?<\/h3>\n<ul data-start=\"108\" data-end=\"409\">\n<li data-start=\"108\" data-end=\"156\">\n<p data-start=\"110\" data-end=\"156\">Mevcut bukleleri canland\u0131r\u0131r ve tazeler.<\/p>\n<\/li>\n<li data-start=\"157\" data-end=\"224\">\n<p data-start=\"159\" data-end=\"224\">Sa\u00e7taki kabarma ve elektriklenmeyi azaltmaya yard\u0131mc\u0131 olur.<\/p>\n<\/li>\n<li data-start=\"225\" data-end=\"297\">\n<p data-start=\"227\" data-end=\"297\">Buklelerin daha belirgin, yumu\u015fak ve elastik g\u00f6r\u00fcnmesini sa\u011flar.<\/p>\n<\/li>\n<li data-start=\"298\" data-end=\"361\">\n<p data-start=\"300\" data-end=\"361\">Kuru veya \u015fekillendirilmi\u015f sa\u00e7lar\u0131 yeniden nemlendirir.<\/p>\n<\/li>\n<li data-start=\"362\" data-end=\"409\">\n<p data-start=\"364\" data-end=\"409\">Do\u011fal, hafif bir bukle dokusu kazand\u0131r\u0131r.<\/p>\n<\/li>\n<\/ul>\n","protected":false},"excerpt":{"rendered":"<h3 data-start=\"416\" data-end=\"446\">Ne i\u00e7in kullan\u0131l\u0131r?<\/h3>\n<ul data-start=\"447\" data-end=\"710\">\n<li data-start=\"447\" data-end=\"502\">\n<p data-start=\"449\" data-end=\"502\">Bukleleri g\u00fcn i\u00e7inde yeniden canland\u0131rmak i\u00e7in.<\/p>\n<\/li>\n<li data-start=\"503\" data-end=\"555\">\n<p data-start=\"505\" data-end=\"555\">Kuru veya da\u011f\u0131n\u0131k bukleleri toparlamak i\u00e7in.<\/p>\n<\/li>\n<li data-start=\"556\" data-end=\"642\">\n<p data-start=\"558\" data-end=\"642\">Du\u015f aras\u0131, spor sonras\u0131 veya gece sonras\u0131 bukleleri tazelemek i\u00e7in kullan\u0131l\u0131r.<\/p>\n<\/li>\n<li data-start=\"643\" data-end=\"710\">\n<p data-start=\"645\" data-end=\"710\">Buklelerdeki kabarmay\u0131 kontrol alt\u0131nda tutmak i\u00e7in etkilidir.<\/p>\n<\/li>\n<\/ul>\n<h3 data-start=\"717\" data-end=\"760\">Hangi sa\u00e7 tipleri i\u00e7in uygundur?<\/h3>\n<ul data-start=\"761\" data-end=\"896\">\n<li data-start=\"761\" data-end=\"791\">\n<p data-start=\"763\" data-end=\"791\">Dalgal\u0131 sa\u00e7lar (wavy).<\/p>\n<\/li>\n<li data-start=\"792\" data-end=\"824\">\n<p data-start=\"794\" data-end=\"824\">K\u0131v\u0131rc\u0131k sa\u00e7lar (curly).<\/p>\n<\/li>\n<li data-start=\"825\" data-end=\"896\">\n<p data-start=\"827\" data-end=\"896\">Buklelerini g\u00fcn i\u00e7inde tazelemek ve kontrol etmek isteyen herkes.<\/p>\n<\/li>\n<\/ul>\n<p data-start=\"898\" data-end=\"1010\">Bu \u00fcr\u00fcn \u00f6zellikle curly \/ wavy sa\u00e7 tipleri i\u00e7in g\u00fcnl\u00fck yenileme ve bak\u0131m sa\u011flamak amac\u0131yla geli\u015ftirilmi\u015ftir.<\/p>\n<h3 data-start=\"1017\" data-end=\"1045\">Nas\u0131l kullan\u0131l\u0131r?<\/h3>\n<ol data-start=\"1046\" data-end=\"1408\">\n<li data-start=\"1046\" data-end=\"1095\">\n<p data-start=\"1049\" data-end=\"1095\">Sa\u00e7\u0131 kuru veya hafif nemli hale getirin.<\/p>\n<\/li>\n<li data-start=\"1096\" data-end=\"1174\">\n<p data-start=\"1099\" data-end=\"1174\">Spreyi sa\u00e7\u0131n genelinde veya sadece buklelerde e\u015fit \u015fekilde p\u00fcsk\u00fcrt\u00fcn.<\/p>\n<\/li>\n<li data-start=\"1175\" data-end=\"1245\">\n<p data-start=\"1178\" data-end=\"1245\">Parmaklarla bukleleri a\u00e7arak veya s\u0131k\u0131\u015ft\u0131rarak \u015fekillendirin.<\/p>\n<\/li>\n<li data-start=\"1246\" data-end=\"1306\">\n<p data-start=\"1249\" data-end=\"1306\">Gerekirse dif\u00fcz\u00f6r ile hafif kurutma yapabilirsiniz.<\/p>\n<\/li>\n<li data-start=\"1307\" data-end=\"1408\">\n<p data-start=\"1310\" data-end=\"1408\">\u0130sterseniz \u00fczerine Love Curl Controller veya Cream gibi \u015fekillendiriciler de ekleyebilirsiniz.<\/p>\n<\/li>\n<\/ol>\n<h3 data-start=\"1415\" data-end=\"1478\">\u0130\u00e7indekiler:<\/h3>\n<p data-start=\"1479\" data-end=\"1792\">Aqua \/ Water \/ Eau, Glycerin, Propanediol, Aloe Barbadensis Leaf Juice Powder, Panthenol, Polysorbate 20, Parfum \/ Fragrance, Hydroxyethylcellulose, Caprylyl Glycol, Ethylhexylglycerin, Phenoxyethanol, Citric Acid, Sodium Benzoate, Benzyl Alcohol, Limonene, Linalool, Citral, Geraniol.<\/p>\n","protected":false},"featured_media":4880,"comment_status":"open","ping_status":"closed","template":"","meta":{"_acf_changed":false},"product_brand":[189],"product_cat":[403],"product_tag":[],"class_list":{"0":"post-4881","1":"product","2":"type-product","3":"status-publish","4":"has-post-thumbnail","6":"product_brand-davines","7":"product_cat-sprey-davines","9":"first","10":"outofstock","11":"shipping-taxable","12":"purchasable","13":"product-type-simple"},"acf":[],"_links":{"self":[{"href":"https:\/\/www.kozmodern.com\/index.php?rest_route=\/wp\/v2\/product\/4881","targetHints":{"allow":["GET"]}}],"collection":[{"href":"https:\/\/www.kozmodern.com\/index.php?rest_route=\/wp\/v2\/product"}],"about":[{"href":"https:\/\/www.kozmodern.com\/index.php?rest_route=\/wp\/v2\/types\/product"}],"replies":[{"embeddable":true,"href":"https:\/\/www.kozmodern.com\/index.php?rest_route=%2Fwp%2Fv2%2Fcomments&post=4881"}],"wp:featuredmedia":[{"embeddable":true,"href":"https:\/\/www.kozmodern.com\/index.php?rest_route=\/wp\/v2\/media\/4880"}],"wp:attachment":[{"href":"https:\/\/www.kozmodern.com\/index.php?rest_route=%2Fwp%2Fv2%2Fmedia&parent=4881"}],"wp:term":[{"taxonomy":"product_brand","embeddable":true,"href":"https:\/\/www.kozmodern.com\/index.php?rest_route=%2Fwp%2Fv2%2Fproduct_brand&post=4881"},{"taxonomy":"product_cat","embeddable":true,"href":"https:\/\/www.kozmodern.com\/index.php?rest_route=%2Fwp%2Fv2%2Fproduct_cat&post=4881"},{"taxonomy":"product_tag","embeddable":true,"href":"https:\/\/www.kozmodern.com\/index.php?rest_route=%2Fwp%2Fv2%2Fproduct_tag&post=4881"}],"curies":[{"name":"wp","href":"https:\/\/api.w.org\/{rel}","templated":true}]}}