{"id":4904,"date":"2026-03-02T00:54:43","date_gmt":"2026-03-01T21:54:43","guid":{"rendered":"https:\/\/www.kozmodern.com\/?product=davines-love-smoothing-conditioner-puruzsuzlestirici-sac-bakim-kremi-250-ml"},"modified":"2026-04-16T13:42:31","modified_gmt":"2026-04-16T10:42:31","slug":"davines-love-smoothing-conditioner-puruzsuzlestirici-sac-bakim-kremi-250-ml","status":"publish","type":"product","link":"https:\/\/www.kozmodern.com\/?product=davines-love-smoothing-conditioner-puruzsuzlestirici-sac-bakim-kremi-250-ml","title":{"rendered":"Davines Love Smoothing Conditioner P\u00fcr\u00fczs\u00fczle\u015ftirici Sa\u00e7 Bak\u0131m Kremi 250 ml"},"content":{"rendered":"<h4 data-start=\"0\" data-end=\"92\"><strong data-start=\"13\" data-end=\"92\">Davines Love Smoothing Conditioner P\u00fcr\u00fczs\u00fczle\u015ftirici Sa\u00e7 Bak\u0131m Kremi 250\u202fml<\/strong><\/h4>\n<h3 data-start=\"99\" data-end=\"123\">Ne i\u015fe yarar?<\/h3>\n<ul data-start=\"124\" data-end=\"452\">\n<li data-start=\"124\" data-end=\"206\">\n<p data-start=\"126\" data-end=\"206\">Sa\u00e7taki kabarma ve elektriklenmeyi kontrol alt\u0131na alarak p\u00fcr\u00fczs\u00fczle\u015ftirir.<\/p>\n<\/li>\n<li data-start=\"207\" data-end=\"258\">\n<p data-start=\"209\" data-end=\"258\">Sa\u00e7\u0131 yumu\u015fat\u0131r, kolay taran\u0131r hale getirir.<\/p>\n<\/li>\n<li data-start=\"259\" data-end=\"301\">\n<p data-start=\"261\" data-end=\"301\">Nem ve elastikiyet deste\u011fi sa\u011flar.<\/p>\n<\/li>\n<li data-start=\"302\" data-end=\"350\">\n<p data-start=\"304\" data-end=\"350\">Sa\u00e7a parlakl\u0131k ve ipeksi bir doku verir.<\/p>\n<\/li>\n<li data-start=\"351\" data-end=\"452\">\n<p data-start=\"353\" data-end=\"452\">Asi, kurumaya ve kabarmaya e\u011filimli sa\u00e7larda daha d\u00fczenli ve kontrol edilebilir g\u00f6r\u00fcn\u00fcm sa\u011flar.<\/p>\n<\/li>\n<\/ul>\n","protected":false},"excerpt":{"rendered":"<h3 data-start=\"459\" data-end=\"489\">Ne i\u00e7in kullan\u0131l\u0131r?<\/h3>\n<ul data-start=\"490\" data-end=\"706\">\n<li data-start=\"490\" data-end=\"566\">\n<p data-start=\"492\" data-end=\"566\">Kabarma ve elektriklenme g\u00f6r\u00fclen sa\u00e7lar\u0131n bak\u0131m\u0131n\u0131 desteklemek i\u00e7in.<\/p>\n<\/li>\n<li data-start=\"567\" data-end=\"621\">\n<p data-start=\"569\" data-end=\"621\">Sa\u00e7 teline nem ve yumu\u015fakl\u0131k kazand\u0131rmak i\u00e7in.<\/p>\n<\/li>\n<li data-start=\"622\" data-end=\"706\">\n<p data-start=\"624\" data-end=\"706\">Daha p\u00fcr\u00fczs\u00fcz, kontrol edilebilir ve parlak sa\u00e7lar elde etmek i\u00e7in kullan\u0131l\u0131r.<\/p>\n<\/li>\n<\/ul>\n<h3 data-start=\"713\" data-end=\"756\">Hangi sa\u00e7 tipleri i\u00e7in uygundur?<\/h3>\n<ul data-start=\"757\" data-end=\"956\">\n<li data-start=\"757\" data-end=\"798\">\n<p data-start=\"759\" data-end=\"798\">Kuru &amp; elektriklenen sa\u00e7 tipleri.<\/p>\n<\/li>\n<li data-start=\"799\" data-end=\"838\">\n<p data-start=\"801\" data-end=\"838\">Asi, zor kontrol edilen sa\u00e7lar.<\/p>\n<\/li>\n<li data-start=\"839\" data-end=\"881\">\n<p data-start=\"841\" data-end=\"881\">Kal\u0131n telli veya g\u00f6zenekli sa\u00e7lar.<\/p>\n<\/li>\n<li data-start=\"882\" data-end=\"956\">\n<p data-start=\"884\" data-end=\"956\">T\u00fcm sa\u00e7 tiplerinde p\u00fcr\u00fczs\u00fczl\u00fck isteyen herkes bu kremi kullanabilir.<\/p>\n<\/li>\n<\/ul>\n<p data-start=\"958\" data-end=\"1041\">Bu \u00fcr\u00fcn \u00f6zellikle anti\u2011frizz \/ p\u00fcr\u00fczs\u00fczle\u015ftirici bak\u0131m i\u00e7in form\u00fcle edilmi\u015ftir.<\/p>\n<h3 data-start=\"1048\" data-end=\"1076\">Nas\u0131l kullan\u0131l\u0131r?<\/h3>\n<ol data-start=\"1077\" data-end=\"1420\">\n<li data-start=\"1077\" data-end=\"1140\">\n<p data-start=\"1080\" data-end=\"1140\">\u015eampuan sonras\u0131 nemli sa\u00e7a yeterli miktarda uygulay\u0131n.<\/p>\n<\/li>\n<li data-start=\"1141\" data-end=\"1191\">\n<p data-start=\"1144\" data-end=\"1191\">Sa\u00e7\u0131n boy ve u\u00e7lar\u0131na e\u015fit \u015fekilde yay\u0131n.<\/p>\n<\/li>\n<li data-start=\"1192\" data-end=\"1221\">\n<p data-start=\"1195\" data-end=\"1221\">3\u20135 dakika bekletin.<\/p>\n<\/li>\n<li data-start=\"1222\" data-end=\"1287\">\n<p data-start=\"1225\" data-end=\"1287\">Sa\u00e7\u0131 nazik\u00e7e tarayarak \u00fcr\u00fcn\u00fcn e\u015fit da\u011f\u0131lmas\u0131n\u0131 sa\u011flay\u0131n.<\/p>\n<\/li>\n<li data-start=\"1288\" data-end=\"1324\">\n<p data-start=\"1291\" data-end=\"1324\">Bol su ile iyice durulay\u0131n.<\/p>\n<\/li>\n<li data-start=\"1325\" data-end=\"1420\">\n<p data-start=\"1328\" data-end=\"1420\">Ard\u0131ndan sa\u00e7\u0131n\u0131z\u0131 nazik\u00e7e kurutabilir veya \u015fekillendirici \u00fcr\u00fcnlerle devam edebilirsiniz.<\/p>\n<\/li>\n<\/ol>\n<h3 data-start=\"1427\" data-end=\"1490\"><strong data-start=\"1430\" data-end=\"1488\">\u0130\u00e7indekiler:<\/strong><\/h3>\n<p data-start=\"1491\" data-end=\"2085\">Aqua \/ Water \/ Eau, Cetearyl Alcohol, Glycerin, Behentrimonium Chloride, Cetyl Alcohol, Dimethicone, Cetrimonium Chloride, Behentrimonium Methosulfate, Isopropyl Alcohol, Panthenol, Benzyl Alcohol, Parfum \/ Fragrance, Dicaprylyl Ether, Lauryl Alcohol, Amodimethicone\/Silsesquioxane Copolymer, Oryza Sativa Cera \/ Oryza Sativa (Rice) Bran Wax, Disodium EDTA, Hydroxyethylcellulose, Olea Europaea Fruit Extract \/ Olea Europaea (Olive) Fruit Extract, Sodium Benzoate, Citric Acid, Trideceth\u20115, Polyquaternium\u201110, Tocopherol, Phenoxyethanol, Limonene, CI 60730 \/ Ext. Violet 2, CI 19140 \/ Yellow 5.<\/p>\n","protected":false},"featured_media":4903,"comment_status":"open","ping_status":"closed","template":"","meta":{"_acf_changed":false},"product_brand":[189],"product_cat":[394,397],"product_tag":[],"class_list":{"0":"post-4904","1":"product","2":"type-product","3":"status-publish","4":"has-post-thumbnail","6":"product_brand-davines","7":"product_cat-davines","8":"product_cat-sac-kremi-davines","10":"first","11":"instock","12":"shipping-taxable","13":"purchasable","14":"product-type-simple"},"acf":[],"_links":{"self":[{"href":"https:\/\/www.kozmodern.com\/index.php?rest_route=\/wp\/v2\/product\/4904","targetHints":{"allow":["GET"]}}],"collection":[{"href":"https:\/\/www.kozmodern.com\/index.php?rest_route=\/wp\/v2\/product"}],"about":[{"href":"https:\/\/www.kozmodern.com\/index.php?rest_route=\/wp\/v2\/types\/product"}],"replies":[{"embeddable":true,"href":"https:\/\/www.kozmodern.com\/index.php?rest_route=%2Fwp%2Fv2%2Fcomments&post=4904"}],"wp:featuredmedia":[{"embeddable":true,"href":"https:\/\/www.kozmodern.com\/index.php?rest_route=\/wp\/v2\/media\/4903"}],"wp:attachment":[{"href":"https:\/\/www.kozmodern.com\/index.php?rest_route=%2Fwp%2Fv2%2Fmedia&parent=4904"}],"wp:term":[{"taxonomy":"product_brand","embeddable":true,"href":"https:\/\/www.kozmodern.com\/index.php?rest_route=%2Fwp%2Fv2%2Fproduct_brand&post=4904"},{"taxonomy":"product_cat","embeddable":true,"href":"https:\/\/www.kozmodern.com\/index.php?rest_route=%2Fwp%2Fv2%2Fproduct_cat&post=4904"},{"taxonomy":"product_tag","embeddable":true,"href":"https:\/\/www.kozmodern.com\/index.php?rest_route=%2Fwp%2Fv2%2Fproduct_tag&post=4904"}],"curies":[{"name":"wp","href":"https:\/\/api.w.org\/{rel}","templated":true}]}}