{"id":4920,"date":"2026-03-02T00:55:18","date_gmt":"2026-03-01T21:55:18","guid":{"rendered":"https:\/\/www.kozmodern.com\/?product=davines-love-smoothing-puruzsuzlestirici-sampuan-1000-ml"},"modified":"2026-03-12T03:13:12","modified_gmt":"2026-03-12T00:13:12","slug":"davines-love-smoothing-puruzsuzlestirici-sampuan-1000-ml","status":"publish","type":"product","link":"https:\/\/www.kozmodern.com\/?product=davines-love-smoothing-puruzsuzlestirici-sampuan-1000-ml","title":{"rendered":"Davines Love Smoothing P\u00fcr\u00fczs\u00fczle\u015ftirici \u015eampuan 1000 ml"},"content":{"rendered":"<h4 data-start=\"0\" data-end=\"62\"><strong data-start=\"3\" data-end=\"62\"> <span class=\"inline align-baseline\"><span class=\"whitespace-normal\"><span class=\"hover:entity-accent entity-underline cursor-pointer\">Davines Love Smoothing Shampoo<\/span><\/span><\/span> 1000\u202fml<\/strong><\/h4>\n<h3 data-start=\"69\" data-end=\"93\">Ne i\u015fe yarar?<\/h3>\n<ul data-start=\"94\" data-end=\"416\">\n<li data-start=\"94\" data-end=\"172\">\n<p data-start=\"96\" data-end=\"172\">Asi, kabar\u0131k ve elektriklenen sa\u00e7lar\u0131 yat\u0131\u015ft\u0131rarak p\u00fcr\u00fczs\u00fczl\u00fck sa\u011flar.<\/p>\n<\/li>\n<li data-start=\"173\" data-end=\"227\">\n<p data-start=\"175\" data-end=\"227\">Sa\u00e7\u0131 nazik\u00e7e temizler ve sa\u00e7 telini yumu\u015fat\u0131r.<\/p>\n<\/li>\n<li data-start=\"228\" data-end=\"331\">\n<p data-start=\"230\" data-end=\"331\">Anti\u2011frizz (kabarmay\u0131 \u00f6nleyici) etki ile sa\u00e7\u0131n daha d\u00fczg\u00fcn ve ipeksi g\u00f6r\u00fcnmesine yard\u0131mc\u0131 olur.<\/p>\n<\/li>\n<li data-start=\"332\" data-end=\"416\">\n<p data-start=\"334\" data-end=\"416\">Sa\u00e7a parlakl\u0131k ve yumu\u015fakl\u0131k kazand\u0131r\u0131r.<\/p>\n<\/li>\n<\/ul>\n","protected":false},"excerpt":{"rendered":"<h3 data-start=\"423\" data-end=\"453\">Ne i\u00e7in kullan\u0131l\u0131r?<\/h3>\n<ul data-start=\"454\" data-end=\"746\">\n<li data-start=\"454\" data-end=\"550\">\n<p data-start=\"456\" data-end=\"550\">Kabarma ve elektriklenmenin yo\u011fun oldu\u011fu sa\u00e7larda bak\u0131m yapmak ve kontrol sa\u011flamak i\u00e7in.<\/p>\n<\/li>\n<li data-start=\"551\" data-end=\"632\">\n<p data-start=\"553\" data-end=\"632\">Daha p\u00fcr\u00fczs\u00fcz, kolay \u015fekillendirilebilir ve parlak sa\u00e7lar elde etmek i\u00e7in<\/p>\n<\/li>\n<li data-start=\"633\" data-end=\"746\">\n<p data-start=\"635\" data-end=\"746\">G\u00fcnl\u00fck sa\u00e7 temizli\u011fi ile ayn\u0131 zamanda bak\u0131m sa\u011flamak i\u00e7in kullan\u0131l\u0131r.<\/p>\n<\/li>\n<\/ul>\n<h3 data-start=\"753\" data-end=\"796\">Hangi sa\u00e7 tipleri i\u00e7in uygundur?<\/h3>\n<ul data-start=\"797\" data-end=\"969\">\n<li data-start=\"797\" data-end=\"824\">\n<p data-start=\"799\" data-end=\"824\">Asi, kabar\u0131k sa\u00e7lar<\/p>\n<\/li>\n<li data-start=\"825\" data-end=\"873\">\n<p data-start=\"827\" data-end=\"873\">Elektriklenme sorunu ya\u015fayan sa\u00e7 tipleri<\/p>\n<\/li>\n<li data-start=\"874\" data-end=\"919\">\n<p data-start=\"876\" data-end=\"919\">Kuru veya zor kontrol edilen sa\u00e7larda<\/p>\n<\/li>\n<li data-start=\"920\" data-end=\"969\">\n<p data-start=\"922\" data-end=\"969\">T\u00fcm sa\u00e7 tiplerinde p\u00fcr\u00fczs\u00fczl\u00fck isteyenler<\/p>\n<\/li>\n<\/ul>\n<p data-start=\"971\" data-end=\"1109\">Bu \u015fampuan \u00f6zellikle anti\u2011frizz ve p\u00fcr\u00fczs\u00fczle\u015ftirici bak\u0131m isteyen sa\u00e7lar i\u00e7in geli\u015ftirilmi\u015ftir.<\/p>\n<h3 data-start=\"1116\" data-end=\"1144\">Nas\u0131l kullan\u0131l\u0131r?<\/h3>\n<ol data-start=\"1145\" data-end=\"1480\">\n<li data-start=\"1145\" data-end=\"1167\">\n<p data-start=\"1148\" data-end=\"1167\">Sa\u00e7\u0131 \u0131slat\u0131n.<\/p>\n<\/li>\n<li data-start=\"1168\" data-end=\"1247\">\n<p data-start=\"1171\" data-end=\"1247\">\u015eampuan\u0131 sa\u00e7 diplerinden u\u00e7lara do\u011fru nazik\u00e7e masaj yaparak uygulay\u0131n.<\/p>\n<\/li>\n<li data-start=\"1248\" data-end=\"1280\">\n<p data-start=\"1251\" data-end=\"1280\">Birka\u00e7 dakika bekletin.<\/p>\n<\/li>\n<li data-start=\"1281\" data-end=\"1317\">\n<p data-start=\"1284\" data-end=\"1317\">Bol su ile iyice durulay\u0131n.<\/p>\n<\/li>\n<li data-start=\"1318\" data-end=\"1365\">\n<p data-start=\"1321\" data-end=\"1365\">Gerekirse i\u015flemi tekrar edebilirsiniz.<\/p>\n<\/li>\n<li data-start=\"1366\" data-end=\"1480\">\n<p data-start=\"1369\" data-end=\"1480\">Ard\u0131ndan ayn\u0131 seri i\u00e7inden uygun sa\u00e7 kremi ile bak\u0131m\u0131n\u0131z\u0131 tamamlay\u0131n.<\/p>\n<\/li>\n<\/ol>\n<h2 data-start=\"1487\" data-end=\"1553\">\u0130\u00e7indekiler:<\/h2>\n<p data-start=\"1554\" data-end=\"2461\">Aqua \/ Water \/ Eau, Disodium Laureth Sulfosuccinate, Glycerin, Sodium Cocoyl Isethionate, Sodium Lauroyl Methyl Isethionate, Cocamidopropyl Betaine, Sodium Lauroyl Sarcosinate, Sodium Lauryl Sulfoacetate, Coco\u2011Glucoside, Glyceryl Oleate, Parfum \/ Fragrance, Panthenol, Phenethyl Benzoate, Acrylates\/C10\u201130 Alkyl Acrylate Crosspolymer, Benzyl Alcohol, Dicaprylyl Ether, Glycol Distearate, Sodium Methyl 2\u2011Sulfolaurate, Sodium Benzoate, Lauryl Alcohol, Polyquaternium\u20117, Guar Hydroxypropyltrimonium Chloride, Amodimethicone\/Silsesquioxane Copolymer, Olea Europaea (Olive) Fruit Extract, Citric Acid, Trideceth\u20115, Glyceryl Stearate, Sodium Hydroxide, Sodium Chloride, Limonene, CI 60730 \/ Ext. Violet 2, CI 19140 \/ Yellow 5, CI 61570 \/ Green 5.<\/p>\n","protected":false},"featured_media":4919,"comment_status":"open","ping_status":"closed","template":"","meta":{"_acf_changed":false},"product_brand":[189],"product_cat":[398],"product_tag":[],"class_list":{"0":"post-4920","1":"product","2":"type-product","3":"status-publish","4":"has-post-thumbnail","6":"product_brand-davines","7":"product_cat-sampuan-davines","9":"first","10":"outofstock","11":"shipping-taxable","12":"purchasable","13":"product-type-simple"},"acf":[],"_links":{"self":[{"href":"https:\/\/www.kozmodern.com\/index.php?rest_route=\/wp\/v2\/product\/4920","targetHints":{"allow":["GET"]}}],"collection":[{"href":"https:\/\/www.kozmodern.com\/index.php?rest_route=\/wp\/v2\/product"}],"about":[{"href":"https:\/\/www.kozmodern.com\/index.php?rest_route=\/wp\/v2\/types\/product"}],"replies":[{"embeddable":true,"href":"https:\/\/www.kozmodern.com\/index.php?rest_route=%2Fwp%2Fv2%2Fcomments&post=4920"}],"wp:featuredmedia":[{"embeddable":true,"href":"https:\/\/www.kozmodern.com\/index.php?rest_route=\/wp\/v2\/media\/4919"}],"wp:attachment":[{"href":"https:\/\/www.kozmodern.com\/index.php?rest_route=%2Fwp%2Fv2%2Fmedia&parent=4920"}],"wp:term":[{"taxonomy":"product_brand","embeddable":true,"href":"https:\/\/www.kozmodern.com\/index.php?rest_route=%2Fwp%2Fv2%2Fproduct_brand&post=4920"},{"taxonomy":"product_cat","embeddable":true,"href":"https:\/\/www.kozmodern.com\/index.php?rest_route=%2Fwp%2Fv2%2Fproduct_cat&post=4920"},{"taxonomy":"product_tag","embeddable":true,"href":"https:\/\/www.kozmodern.com\/index.php?rest_route=%2Fwp%2Fv2%2Fproduct_tag&post=4920"}],"curies":[{"name":"wp","href":"https:\/\/api.w.org\/{rel}","templated":true}]}}