{"id":5127,"date":"2026-03-02T00:57:54","date_gmt":"2026-03-01T21:57:54","guid":{"rendered":"https:\/\/www.kozmodern.com\/?product=davines-melu-mellow-kirilma-onleyici-parlaklik-sampuani-250-ml"},"modified":"2026-04-16T13:37:48","modified_gmt":"2026-04-16T10:37:48","slug":"davines-melu-mellow-kirilma-onleyici-parlaklik-sampuani-250-ml","status":"publish","type":"product","link":"https:\/\/www.kozmodern.com\/?product=davines-melu-mellow-kirilma-onleyici-parlaklik-sampuani-250-ml","title":{"rendered":"Davines Melu Mellow K\u0131r\u0131lma \u00d6nleyici Parlakl\u0131k \u015eampuan\u0131 250 ml"},"content":{"rendered":"<h3 data-section-id=\"1il4q8\" data-start=\"46\" data-end=\"78\"><span role=\"text\"><strong data-start=\"53\" data-end=\"78\">Kimler \u0130\u00e7in Uygundur?<\/strong><\/span><\/h3>\n<p data-start=\"79\" data-end=\"358\">Bu \u015fampuan \u00f6zellikle uzun, zay\u0131f, y\u0131pranm\u0131\u015f ve k\u0131r\u0131lmaya e\u011filimli sa\u00e7lar i\u00e7in tasarlanm\u0131\u015ft\u0131r \u2014 g\u00fcnl\u00fck bak\u0131mda kullan\u0131labilir. Sa\u00e7\u0131n\u0131z kolay k\u0131r\u0131l\u0131yor, elastikiyetini kaybetmi\u015f ya da daha parlak\/sa\u011fl\u0131kl\u0131 g\u00f6r\u00fcnmesini istiyorsan\u0131z uygundur.<\/p>\n<p data-start=\"1492\" data-end=\"2392\">\n","protected":false},"excerpt":{"rendered":"<h3 data-section-id=\"qj6nx0\" data-start=\"365\" data-end=\"398\"><span role=\"text\">Ne \u0130\u00e7in Kullan\u0131l\u0131r?<\/span><\/h3>\n<p data-start=\"399\" data-end=\"909\">Bu \u00fcr\u00fcn:<br data-start=\"407\" data-end=\"410\" \/>\u2714\ufe0f K\u0131r\u0131lmaya kar\u015f\u0131 koruma sa\u011flar ve sa\u00e7 tellerini g\u00fc\u00e7lendirmeye yard\u0131mc\u0131 olur, b\u00f6ylece sa\u00e7 k\u0131r\u0131lmalar\u0131n\u0131 azalt\u0131r. <br data-start=\"565\" data-end=\"568\" \/>\u2714\ufe0f Nazik\u00e7e temizler \u2014 5,5\u202fpH de\u011feri ile sa\u00e7 ve sa\u00e7 derisini yormadan bak\u0131m yapar. <br data-start=\"691\" data-end=\"694\" \/>\u2714\ufe0f Sa\u00e7a parlakl\u0131k ve yumu\u015fakl\u0131k kazand\u0131r\u0131r. <br data-start=\"779\" data-end=\"782\" \/>\u2714\ufe0f Sa\u00e7\u0131n do\u011fal yap\u0131s\u0131n\u0131 yeniden kazanmas\u0131na destek olur (elastikiyet ve nem dengesi).<\/p>\n<h3 data-section-id=\"1lu2cql\" data-start=\"916\" data-end=\"944\"><span role=\"text\">Nas\u0131l Kullan\u0131l\u0131r?<\/span><\/h3>\n<ol data-start=\"945\" data-end=\"1429\">\n<li data-section-id=\"19ll2v7\" data-start=\"945\" data-end=\"1030\">Islak sa\u00e7a yeterli miktarda uygulay\u0131n.<\/li>\n<li data-section-id=\"1y9kezj\" data-start=\"1031\" data-end=\"1109\">Nazik\u00e7e masaj yaparak k\u00f6p\u00fcrt\u00fcn.<\/li>\n<li data-section-id=\"hka2g3\" data-start=\"1110\" data-end=\"1210\">Birka\u00e7 dakika bekletip ard\u0131ndan bol su ile durulay\u0131n.<\/li>\n<li data-section-id=\"x857bs\" data-start=\"1211\" data-end=\"1291\">Gerekirse uygulamay\u0131 tekrarlay\u0131n.<\/li>\n<li data-section-id=\"uks52p\" data-start=\"1292\" data-end=\"1429\">En iyi sonu\u00e7 i\u00e7in Melu Mellow k\u0131r\u0131lma \u00f6nleyici krem\/conditioner ile bak\u0131m\u0131n\u0131z\u0131 tamamlay\u0131n.<\/li>\n<\/ol>\n<h3 data-section-id=\"1j4ki1x\" data-start=\"1436\" data-end=\"1491\"><span role=\"text\"><strong data-start=\"1443\" data-end=\"1489\">\u0130\u00e7erik:<\/strong><\/span><\/h3>\n<p data-start=\"1492\" data-end=\"2392\">AQUA \/ WATER \/ EAU, DISODIUM LAURETH SULFOSUCCINATE, GLYCERIN, SODIUM COCOYL ISETHIONATE, SODIUM LAUROYL METHYL ISETHIONATE, COCAMIDOPROPYL BETAINE, SODIUM LAUROYL SARCOSINATE, SODIUM LAURYL SULFOACETATE, BENZYL ALCOHOL, ACRYLATES\/C10\u201130 ALKYL ACRYLATE CROSSPOLYMER, PHENETHYL BENZOATE, PANTHENOL, COCO\u2011GLUCOSIDE, PARFUM \/ FRAGRANCE, GLYCERYL OLEATE, GLYCOL DISTEARATE, SODIUM BENZOATE, DICAPRYLYL ETHER, SODIUM METHYL 2\u2011SULFOLAURATE, LAURYL ALCOHOL, POLYQUATERNIUM\u20117, POLYQUATERNIUM\u201110, AMODIMETHICONE\/SILSESQUIOXANE COPOLYMER, TRISODIUM ETHYLENEDIAMINE DISUCCINATE, TETRASODIUM GLUTAMATE DIACETATE, DISODIUM 2\u2011SULFOLAURATE, LINALOOL, CITRIC ACID, SODIUM HYDROXIDE, TRIDECETH\u20115, HEXYL CINNAMAL, GLYCERYL STEARATE, LENS ESCULENTA SEED EXTRACT \/ LENS ESCULENTA (LENTIL) SEED EXTRACT, SODIUM CHLORIDE, GERANIOL, LIMONENE, CI 61570 \/ GREEN 5, CI 19140 \/ YELLOW 5.<\/p>\n","protected":false},"featured_media":5126,"comment_status":"open","ping_status":"closed","template":"","meta":{"_acf_changed":false},"product_brand":[189],"product_cat":[394,398],"product_tag":[],"class_list":{"0":"post-5127","1":"product","2":"type-product","3":"status-publish","4":"has-post-thumbnail","6":"product_brand-davines","7":"product_cat-davines","8":"product_cat-sampuan-davines","10":"first","11":"instock","12":"shipping-taxable","13":"purchasable","14":"product-type-simple"},"acf":[],"_links":{"self":[{"href":"https:\/\/www.kozmodern.com\/index.php?rest_route=\/wp\/v2\/product\/5127","targetHints":{"allow":["GET"]}}],"collection":[{"href":"https:\/\/www.kozmodern.com\/index.php?rest_route=\/wp\/v2\/product"}],"about":[{"href":"https:\/\/www.kozmodern.com\/index.php?rest_route=\/wp\/v2\/types\/product"}],"replies":[{"embeddable":true,"href":"https:\/\/www.kozmodern.com\/index.php?rest_route=%2Fwp%2Fv2%2Fcomments&post=5127"}],"wp:featuredmedia":[{"embeddable":true,"href":"https:\/\/www.kozmodern.com\/index.php?rest_route=\/wp\/v2\/media\/5126"}],"wp:attachment":[{"href":"https:\/\/www.kozmodern.com\/index.php?rest_route=%2Fwp%2Fv2%2Fmedia&parent=5127"}],"wp:term":[{"taxonomy":"product_brand","embeddable":true,"href":"https:\/\/www.kozmodern.com\/index.php?rest_route=%2Fwp%2Fv2%2Fproduct_brand&post=5127"},{"taxonomy":"product_cat","embeddable":true,"href":"https:\/\/www.kozmodern.com\/index.php?rest_route=%2Fwp%2Fv2%2Fproduct_cat&post=5127"},{"taxonomy":"product_tag","embeddable":true,"href":"https:\/\/www.kozmodern.com\/index.php?rest_route=%2Fwp%2Fv2%2Fproduct_tag&post=5127"}],"curies":[{"name":"wp","href":"https:\/\/api.w.org\/{rel}","templated":true}]}}