{"id":5139,"date":"2026-03-02T00:58:15","date_gmt":"2026-03-01T21:58:15","guid":{"rendered":"https:\/\/www.kozmodern.com\/?product=davines-minu-boyali-saclar-icin-bakim-maskesi-1000-ml"},"modified":"2026-04-09T19:10:26","modified_gmt":"2026-04-09T16:10:26","slug":"davines-minu-boyali-saclar-icin-bakim-maskesi-1000-ml","status":"publish","type":"product","link":"https:\/\/www.kozmodern.com\/?product=davines-minu-boyali-saclar-icin-bakim-maskesi-1000-ml","title":{"rendered":"Davines Minu Boyal\u0131 Sa\u00e7lar i\u00e7in Bak\u0131m Maskesi 1000 ml"},"content":{"rendered":"<h3 data-section-id=\"q84y6r\" data-start=\"49\" data-end=\"78\"><span role=\"text\"><strong data-start=\"56\" data-end=\"78\">Kimler \u0130\u00e7in Uygun?<\/strong><\/span><\/h3>\n<p data-start=\"79\" data-end=\"337\">Bu bak\u0131m maskesi \u00f6zellikle boyal\u0131 sa\u00e7lara sahip olanlar i\u00e7in tasarlanm\u0131\u015ft\u0131r \u2014 sa\u00e7 rengini korumaya yard\u0131mc\u0131 olur, parlakl\u0131k ve yumu\u015fakl\u0131k sa\u011flar. Renk i\u015fleminden sonra sa\u00e7 yap\u0131s\u0131 hassasla\u015fan ki\u015filerde kullan\u0131labilir.<\/p>\n","protected":false},"excerpt":{"rendered":"<h3 data-section-id=\"qj6nx0\" data-start=\"344\" data-end=\"377\"><span role=\"text\">Ne \u0130\u00e7in Kullan\u0131l\u0131r?<\/span><\/h3>\n<p data-start=\"378\" data-end=\"791\">Bu sa\u00e7 maskesi:<br data-start=\"393\" data-end=\"396\" \/>\u2714\ufe0f Boyal\u0131 sa\u00e7 renginin solmas\u0131n\u0131 engeller ve rengin canl\u0131l\u0131\u011f\u0131n\u0131 uzat\u0131r. <br data-start=\"509\" data-end=\"512\" \/>\u2714\ufe0f Sa\u00e7\u0131 derinlemesine besler ve nemlendirir. <br data-start=\"598\" data-end=\"601\" \/>\u2714\ufe0f Sa\u00e7a parlakl\u0131k ve ipeksi yumu\u015fakl\u0131k kazand\u0131r\u0131r. <br data-start=\"693\" data-end=\"696\" \/>\u2714\ufe0f Sa\u00e7 tellerini a\u011f\u0131rla\u015ft\u0131rmadan onar\u0131c\u0131 bak\u0131m sunar.<\/p>\n<h3 data-section-id=\"1lu2cql\" data-start=\"798\" data-end=\"826\"><span role=\"text\">Nas\u0131l Kullan\u0131l\u0131r?<\/span><\/h3>\n<ol data-start=\"827\" data-end=\"1347\">\n<li data-section-id=\"bjgw6b\" data-start=\"827\" data-end=\"921\">Sa\u00e7\u0131n\u0131z\u0131 uygun bir \u015fampuanla y\u0131kay\u0131p durulay\u0131n.<\/li>\n<li data-section-id=\"1bsv7xh\" data-start=\"922\" data-end=\"1002\">Havluyla fazla suyu nazik\u00e7e al\u0131n.<\/li>\n<li data-section-id=\"r0uqym\" data-start=\"1003\" data-end=\"1108\">Maske \u00fcr\u00fcn\u00fcn\u00fc sa\u00e7\u0131n orta k\u0131sm\u0131ndan u\u00e7lara kadar uygulay\u0131n.<\/li>\n<li data-section-id=\"dw72b\" data-start=\"1109\" data-end=\"1178\">10\u201115 dakika bekletin.<\/li>\n<li data-section-id=\"1ki9q9k\" data-start=\"1179\" data-end=\"1347\">Bol su ile durulay\u0131n. <br data-start=\"1247\" data-end=\"1250\" \/>\ud83d\udc49 Haftada 1\u202fkez veya ihtiya\u00e7 duyduk\u00e7a kullanabilirsiniz.<\/li>\n<\/ol>\n<h3 data-section-id=\"1j4ki1x\" data-start=\"1354\" data-end=\"1409\"><span role=\"text\">\u0130\u00e7erik:<\/span><\/h3>\n<p data-start=\"1410\" data-end=\"2192\">AQUA\/WATER\/EAU, CETEARYL\u202fALCOHOL, GLYCERIN, BEHENTRIMONIUM\u202fCHLORIDE, CETRIMONIUM\u202fCHLORIDE, BEHENETH\u201125, GLYCERYL\u202fSTEARATE, PROPANEDIOL, DIMETHICONE, BEHENTRIMONIUM\u202fMETHOSULFATE, PARFUM\/FRAGRANCE, ISOPROPYL\u202fALCOHOL, AMODIMETHICONE\/SILSESQUIOXANE\u202fCOPOLYMER, BENZYL\u202fALCOHOL, BUTYROSPERMUM\u202fPARKII\u202fBUTTER, PENTAERYTHRITYL\u202fTETRA\u2011DI\u2011T\u2011BUTYL\u202fHYDROXYHYDROCINNAMATE, TRIDECETH\u20115, DISODIUM\u202fEDTA, HYDROXYETHYLCELLULOSE, SODIUM\u202fBENZOATE, LINALOOL, DIMETHICONOL, ALCOHOL, TOCOPHEROL, CITRIC\u202fACID, SCLEROTIUM\u202fGUM, TRIS(TETRAMETHYLHYDROXYPIPERIDINOL)\u202fCITRATE, CAPPARIS\u202fSPINOSA\u202fFRUIT\u202fEXTRACT, PHENOXYETHANOL, GERANIOL, CYCLOHEXASILOXANE, CYCLOPENTASILOXANE, CAPRYLYL\u202fGLYCOL, CI\u202f61570\/GREEN\u202f5, CAPRYLHYDROXAMIC\u202fACID, CI\u202f60730\/ACID\u202fVIOLET\u202f43, CI\u202f19140\/YELLOW\u202f5.<\/p>\n","protected":false},"featured_media":5138,"comment_status":"open","ping_status":"closed","template":"","meta":{"_acf_changed":false},"product_brand":[189],"product_cat":[406],"product_tag":[],"class_list":{"0":"post-5139","1":"product","2":"type-product","3":"status-publish","4":"has-post-thumbnail","6":"product_brand-davines","7":"product_cat-maske-davines","9":"first","10":"outofstock","11":"shipping-taxable","12":"purchasable","13":"product-type-simple"},"acf":[],"_links":{"self":[{"href":"https:\/\/www.kozmodern.com\/index.php?rest_route=\/wp\/v2\/product\/5139","targetHints":{"allow":["GET"]}}],"collection":[{"href":"https:\/\/www.kozmodern.com\/index.php?rest_route=\/wp\/v2\/product"}],"about":[{"href":"https:\/\/www.kozmodern.com\/index.php?rest_route=\/wp\/v2\/types\/product"}],"replies":[{"embeddable":true,"href":"https:\/\/www.kozmodern.com\/index.php?rest_route=%2Fwp%2Fv2%2Fcomments&post=5139"}],"wp:featuredmedia":[{"embeddable":true,"href":"https:\/\/www.kozmodern.com\/index.php?rest_route=\/wp\/v2\/media\/5138"}],"wp:attachment":[{"href":"https:\/\/www.kozmodern.com\/index.php?rest_route=%2Fwp%2Fv2%2Fmedia&parent=5139"}],"wp:term":[{"taxonomy":"product_brand","embeddable":true,"href":"https:\/\/www.kozmodern.com\/index.php?rest_route=%2Fwp%2Fv2%2Fproduct_brand&post=5139"},{"taxonomy":"product_cat","embeddable":true,"href":"https:\/\/www.kozmodern.com\/index.php?rest_route=%2Fwp%2Fv2%2Fproduct_cat&post=5139"},{"taxonomy":"product_tag","embeddable":true,"href":"https:\/\/www.kozmodern.com\/index.php?rest_route=%2Fwp%2Fv2%2Fproduct_tag&post=5139"}],"curies":[{"name":"wp","href":"https:\/\/api.w.org\/{rel}","templated":true}]}}