{"id":5178,"date":"2026-03-02T00:59:26","date_gmt":"2026-03-01T21:59:26","guid":{"rendered":"https:\/\/www.kozmodern.com\/?product=davines-minu-boyali-saclar-icin-bakim-serumu-150-ml"},"modified":"2026-04-16T13:28:29","modified_gmt":"2026-04-16T10:28:29","slug":"davines-minu-boyali-saclar-icin-bakim-serumu-150-ml","status":"publish","type":"product","link":"https:\/\/www.kozmodern.com\/?product=davines-minu-boyali-saclar-icin-bakim-serumu-150-ml","title":{"rendered":"Davines Minu Boyal\u0131 Sa\u00e7lar \u0130\u00e7in Bak\u0131m Serumu 150 ml"},"content":{"rendered":"<h3 data-section-id=\"q84y6r\" data-start=\"46\" data-end=\"75\"><span role=\"text\">Kimler \u0130\u00e7in Uygun?<\/span><\/h3>\n<p data-start=\"76\" data-end=\"481\">Bu serum:<br data-start=\"85\" data-end=\"88\" \/>\u2714\ufe0f Boyal\u0131 sa\u00e7lara sahip olanlar i\u00e7in \u00f6zel olarak form\u00fcle edilmi\u015ftir \u2014 t\u00fcm renkler i\u00e7in uygundur ve sa\u00e7 renginin canl\u0131l\u0131\u011f\u0131n\u0131 uzun s\u00fcre korumaya yard\u0131mc\u0131 olur. <br data-start=\"291\" data-end=\"294\" \/>\u2714\ufe0f Renk solmas\u0131n\u0131 azaltmak isteyenler<br data-start=\"331\" data-end=\"334\" \/>\u2714\ufe0f Sa\u00e7lar\u0131nda parlakl\u0131k, yumu\u015fakl\u0131k ve nem isteyen herkes<br data-start=\"395\" data-end=\"398\" \/>\u2714\ufe0f Sa\u00e7 bak\u0131m rutinini g\u00fc\u00e7lendirmek isteyenler<\/p>\n","protected":false},"excerpt":{"rendered":"<h3 data-section-id=\"qj6nx0\" data-start=\"488\" data-end=\"521\"><span role=\"text\"> Ne \u0130\u00e7in Kullan\u0131l\u0131r?<\/span><\/h3>\n<p data-start=\"522\" data-end=\"538\">Bu bak\u0131m serumu:<\/p>\n<p data-start=\"540\" data-end=\"1059\">\u2714\ufe0f Boyal\u0131 sa\u00e7 renginin kal\u0131c\u0131l\u0131\u011f\u0131n\u0131 art\u0131rmaya yard\u0131mc\u0131 olur <br data-start=\"637\" data-end=\"640\" \/>\u2714\ufe0f Sa\u00e7a yo\u011fun nem ve besin sa\u011flar <br data-start=\"715\" data-end=\"718\" \/>\u2714\ufe0f Sa\u00e7a ekstra parlakl\u0131k ve p\u00fcr\u00fczs\u00fcz yumu\u015fakl\u0131k verir <br data-start=\"813\" data-end=\"816\" \/>\u2714\ufe0f Sa\u00e7 telini koruyarak d\u0131\u015f etkenlere kar\u015f\u0131 dayan\u0131kl\u0131l\u0131\u011f\u0131 destekler <br data-start=\"925\" data-end=\"928\" \/>\u2714\ufe0f Is\u0131 korumas\u0131 sa\u011flayarak \u015fekillendirme \u00f6ncesi koruma sunar (baz\u0131 \u00fcr\u00fcn tan\u0131mlar\u0131na g\u00f6re)<\/p>\n<h3 data-section-id=\"1lu2cql\" data-start=\"1066\" data-end=\"1094\"><span role=\"text\">Nas\u0131l Kullan\u0131l\u0131r?<\/span><\/h3>\n<p data-start=\"1095\" data-end=\"1217\">\ud83d\udd39 Durulanmayan form\u00fcl: \u00dcr\u00fcn\u00fc sa\u00e7ta durulamay\u0131n. <br data-start=\"1189\" data-end=\"1192\" \/>\ud83d\udd39 Kullan\u0131m ad\u0131mlar\u0131:<\/p>\n<ol data-start=\"1218\" data-end=\"1725\">\n<li data-section-id=\"92sjwe\" data-start=\"1218\" data-end=\"1274\">Sa\u00e7\u0131n\u0131z\u0131 uygun bir \u015fampuanla y\u0131kay\u0131p durulay\u0131n.<\/li>\n<li data-section-id=\"vuasmh\" data-start=\"1275\" data-end=\"1404\">E\u011fer kullan\u0131yorsan\u0131z sa\u00e7 kremi\/maske sonras\u0131 havluyla nemi al\u0131nm\u0131\u015f sa\u00e7a uygulay\u0131n.<\/li>\n<li data-section-id=\"6u2s6z\" data-start=\"1405\" data-end=\"1492\">\u00dcr\u00fcn\u00fc tarayarak t\u00fcm sa\u00e7a e\u015fit da\u011f\u0131t\u0131n.<\/li>\n<li data-section-id=\"orvf4b\" data-start=\"1493\" data-end=\"1725\">Durulamay\u0131n, ard\u0131ndan sa\u00e7\u0131n\u0131z\u0131 istedi\u011finiz gibi kurutun veya \u015fekillendirin. <br data-start=\"1615\" data-end=\"1618\" \/>\u2714\ufe0f \u0130nce telli sa\u00e7larda direkt \u015fampuan sonras\u0131 da uygulanabilir.<\/li>\n<\/ol>\n<h3 data-section-id=\"1j4ki1x\" data-start=\"1732\" data-end=\"1787\"><span role=\"text\">\u0130\u00e7erik:<\/span><\/h3>\n<p data-start=\"1788\" data-end=\"2403\">AQUA \/ WATER \/ EAU, CETEARYL ALCOHOL, PANTHENOL, AMODIMETHICONE\/SILSESQUIOXANE COPOLYMER, BEHENTRIMONIUM CHLORIDE, CETYL ALCOHOL, POLYSORBATE\u202f20, BENZYL\u202fALCOHOL, GLYCERIN, CETRIMONIUM\u202fCHLORIDE, TRIDECETH\u20115, AMODIMETHICONE, PARFUM \/ FRAGRANCE, MICROCRYSTALLINE\u202fCELLULOSE, DISODIUM\u202fEDTA, SODIUM\u202fBENZOATE, CITRIC\u202fACID, LINALOOL, ACRYLAMIDOPROPYLTRIMONIUM\u202fCHLORIDE\/ACRYLATES\u202fCOPOLYMER, CELLULOSE\u202fGUM, PHENOXYETHANOL, CAPPARIS\u202fSPINOSA\u202fFRUIT\u202fEXTRACT, TRIDECETH\u201112, CYCLOPENTASILOXANE, GERANIOL, LIMONENE, CITRONELLOL, CI\u202f61570\u202f\/GREEN\u202f5, CI\u202f60730\u202f\/EXT.\u202fVIOLET\u202f2, CI\u202f19140\u202f\/YELLOW\u202f5.<\/p>\n","protected":false},"featured_media":5177,"comment_status":"open","ping_status":"closed","template":"","meta":{"_acf_changed":false},"product_brand":[189],"product_cat":[401],"product_tag":[],"class_list":{"0":"post-5178","1":"product","2":"type-product","3":"status-publish","4":"has-post-thumbnail","6":"product_brand-davines","7":"product_cat-serum","9":"first","10":"outofstock","11":"shipping-taxable","12":"purchasable","13":"product-type-simple"},"acf":[],"_links":{"self":[{"href":"https:\/\/www.kozmodern.com\/index.php?rest_route=\/wp\/v2\/product\/5178","targetHints":{"allow":["GET"]}}],"collection":[{"href":"https:\/\/www.kozmodern.com\/index.php?rest_route=\/wp\/v2\/product"}],"about":[{"href":"https:\/\/www.kozmodern.com\/index.php?rest_route=\/wp\/v2\/types\/product"}],"replies":[{"embeddable":true,"href":"https:\/\/www.kozmodern.com\/index.php?rest_route=%2Fwp%2Fv2%2Fcomments&post=5178"}],"wp:featuredmedia":[{"embeddable":true,"href":"https:\/\/www.kozmodern.com\/index.php?rest_route=\/wp\/v2\/media\/5177"}],"wp:attachment":[{"href":"https:\/\/www.kozmodern.com\/index.php?rest_route=%2Fwp%2Fv2%2Fmedia&parent=5178"}],"wp:term":[{"taxonomy":"product_brand","embeddable":true,"href":"https:\/\/www.kozmodern.com\/index.php?rest_route=%2Fwp%2Fv2%2Fproduct_brand&post=5178"},{"taxonomy":"product_cat","embeddable":true,"href":"https:\/\/www.kozmodern.com\/index.php?rest_route=%2Fwp%2Fv2%2Fproduct_cat&post=5178"},{"taxonomy":"product_tag","embeddable":true,"href":"https:\/\/www.kozmodern.com\/index.php?rest_route=%2Fwp%2Fv2%2Fproduct_tag&post=5178"}],"curies":[{"name":"wp","href":"https:\/\/api.w.org\/{rel}","templated":true}]}}