{"id":5392,"date":"2026-03-02T01:06:01","date_gmt":"2026-03-01T22:06:01","guid":{"rendered":"https:\/\/www.kozmodern.com\/?product=davines-nounou-besleyici-ve-koruyucu-bakim-sampuani-1000-ml"},"modified":"2026-04-09T16:22:49","modified_gmt":"2026-04-09T13:22:49","slug":"davines-nounou-besleyici-ve-koruyucu-bakim-sampuani-1000-ml","status":"publish","type":"product","link":"https:\/\/www.kozmodern.com\/?product=davines-nounou-besleyici-ve-koruyucu-bakim-sampuani-1000-ml","title":{"rendered":"Davines Nounou Besleyici ve Koruyucu Bak\u0131m \u015eampuan\u0131 1000 ml"},"content":{"rendered":"<h3 data-section-id=\"kidu44\" data-start=\"111\" data-end=\"133\">Kimler i\u00e7in uygun?<\/h3>\n<ul data-start=\"134\" data-end=\"394\">\n<li data-section-id=\"142qlen\" data-start=\"134\" data-end=\"199\">Boya, r\u00f6fle, ombre, perma gibi kimyasal i\u015flem g\u00f6rm\u00fc\u015f sa\u00e7lar<\/li>\n<li data-section-id=\"w1jth7\" data-start=\"200\" data-end=\"256\">Kuru, y\u0131pranm\u0131\u015f ve elastikiyetini kaybetmi\u015f sa\u00e7lar<\/li>\n<li data-section-id=\"fgk3wp\" data-start=\"257\" data-end=\"312\">S\u0131k i\u015flemden dolay\u0131 zay\u0131flam\u0131\u015f ve k\u0131r\u0131lgan sa\u00e7 yap\u0131s\u0131<\/li>\n<li data-section-id=\"y8e9ei\" data-start=\"313\" data-end=\"394\">Nem kayb\u0131 ya\u015fayan, mat ve cans\u0131z sa\u00e7lar<\/li>\n<\/ul>\n","protected":false},"excerpt":{"rendered":"<h3 data-section-id=\"gneok4\" data-start=\"401\" data-end=\"424\">Ne i\u00e7in kullan\u0131l\u0131r?<\/h3>\n<ul data-start=\"425\" data-end=\"728\">\n<li data-section-id=\"cdufcj\" data-start=\"425\" data-end=\"472\">Sa\u00e7\u0131 nazik\u00e7e temizlemek (sa\u00e7\u0131 kurutmadan)<\/li>\n<li data-section-id=\"eqeabe\" data-start=\"473\" data-end=\"519\">Sa\u00e7a yo\u011fun nem ve besin deste\u011fi sa\u011flamak<\/li>\n<li data-section-id=\"1b6ugp2\" data-start=\"520\" data-end=\"582\">Hasarl\u0131 sa\u00e7lar\u0131 onarmaya ve g\u00fc\u00e7lendirmeye yard\u0131mc\u0131 olmak<\/li>\n<li data-section-id=\"5sve17\" data-start=\"583\" data-end=\"640\">Sa\u00e7\u0131n yumu\u015fak, parlak ve canl\u0131 g\u00f6r\u00fcnmesini sa\u011flamak<\/li>\n<li data-section-id=\"1op2sh5\" data-start=\"641\" data-end=\"728\">Serbest radikallere kar\u015f\u0131 koruma sa\u011flamak<\/li>\n<\/ul>\n<h3 data-section-id=\"1j8b2gn\" data-start=\"735\" data-end=\"756\">Nas\u0131l kullan\u0131l\u0131r?<\/h3>\n<ol data-start=\"757\" data-end=\"964\">\n<li data-section-id=\"gr7bxj\" data-start=\"757\" data-end=\"782\">Islak sa\u00e7a uygulay\u0131n<\/li>\n<li data-section-id=\"1rqit58\" data-start=\"783\" data-end=\"818\">Nazik\u00e7e masaj yaparak k\u00f6p\u00fcrt\u00fcn<\/li>\n<li data-section-id=\"1qmyqzn\" data-start=\"819\" data-end=\"839\">\u0130yice durulay\u0131n<\/li>\n<li data-section-id=\"s665dz\" data-start=\"840\" data-end=\"873\">Gerekirse i\u015flemi tekrarlay\u0131n<\/li>\n<li data-section-id=\"13b2h9b\" data-start=\"874\" data-end=\"964\">Daha iyi sonu\u00e7 i\u00e7in ard\u0131ndan sa\u00e7 kremi kullan\u0131n<\/li>\n<\/ol>\n<h3 data-section-id=\"1qxdhdy\" data-start=\"971\" data-end=\"1014\">\u0130\u00e7eri\u011fi:<\/h3>\n<p data-start=\"1015\" data-end=\"1967\">AQUA \/ WATER \/ EAU, DISODIUM LAURETH SULFOSUCCINATE, GLYCERIN, SODIUM COCOYL ISETHIONATE, SODIUM LAUROYL METHYL ISETHIONATE, COCAMIDOPROPYL BETAINE, SODIUM LAUROYL SARCOSINATE, SODIUM LAURYL SULFOACETATE, COCO-GLUCOSIDE, GLYCERYL OLEATE, BENZYL ALCOHOL, PANTHENOL, PHENETHYL BENZOATE, ACRYLATES\/C10-30 ALKYL ACRYLATE CROSSPOLYMER, PARFUM \/ FRAGRANCE, GLYCOL DISTEARATE, SODIUM METHYL 2-SULFOLAURATE, SODIUM BENZOATE, DICAPRYLYL ETHER, DISODIUM EDTA, BUTETH-3, LAURYL ALCOHOL, POLYQUATERNIUM-7, POLYQUATERNIUM-10, AMODIMETHICONE, SODIUM BENZOTRIAZOLYL BUTYLPHENOL SULFONATE, TRISODIUM ETHYLENEDIAMINE DISUCCINATE, SODIUM HYDROXIDE, DISODIUM 2-SULFOLAURATE, SOLANUM LYCOPERSICUM (TOMATO) FRUIT EXTRACT, CITRIC ACID, C11-15 PARETH-7, GLYCERYL STEARATE, ALCOHOL, SODIUM CHLORIDE, LAURETH-9, TRIDECETH-12, LINALOOL, GERANIOL, TRIS(TETRAMETHYLHYDROXYPIPERIDINOL) CITRATE, TRIBUTYL CITRATE, CI 19140, CI 14700, CI 61570<\/p>\n","protected":false},"featured_media":5391,"comment_status":"open","ping_status":"closed","template":"","meta":{"_acf_changed":false},"product_brand":[189],"product_cat":[398],"product_tag":[],"class_list":{"0":"post-5392","1":"product","2":"type-product","3":"status-publish","4":"has-post-thumbnail","6":"product_brand-davines","7":"product_cat-sampuan-davines","9":"first","10":"outofstock","11":"shipping-taxable","12":"purchasable","13":"product-type-simple"},"acf":[],"_links":{"self":[{"href":"https:\/\/www.kozmodern.com\/index.php?rest_route=\/wp\/v2\/product\/5392","targetHints":{"allow":["GET"]}}],"collection":[{"href":"https:\/\/www.kozmodern.com\/index.php?rest_route=\/wp\/v2\/product"}],"about":[{"href":"https:\/\/www.kozmodern.com\/index.php?rest_route=\/wp\/v2\/types\/product"}],"replies":[{"embeddable":true,"href":"https:\/\/www.kozmodern.com\/index.php?rest_route=%2Fwp%2Fv2%2Fcomments&post=5392"}],"wp:featuredmedia":[{"embeddable":true,"href":"https:\/\/www.kozmodern.com\/index.php?rest_route=\/wp\/v2\/media\/5391"}],"wp:attachment":[{"href":"https:\/\/www.kozmodern.com\/index.php?rest_route=%2Fwp%2Fv2%2Fmedia&parent=5392"}],"wp:term":[{"taxonomy":"product_brand","embeddable":true,"href":"https:\/\/www.kozmodern.com\/index.php?rest_route=%2Fwp%2Fv2%2Fproduct_brand&post=5392"},{"taxonomy":"product_cat","embeddable":true,"href":"https:\/\/www.kozmodern.com\/index.php?rest_route=%2Fwp%2Fv2%2Fproduct_cat&post=5392"},{"taxonomy":"product_tag","embeddable":true,"href":"https:\/\/www.kozmodern.com\/index.php?rest_route=%2Fwp%2Fv2%2Fproduct_tag&post=5392"}],"curies":[{"name":"wp","href":"https:\/\/api.w.org\/{rel}","templated":true}]}}