{"id":5422,"date":"2026-03-02T01:06:55","date_gmt":"2026-03-01T22:06:55","guid":{"rendered":"https:\/\/www.kozmodern.com\/?product=davines-nounou-besleyici-ve-koruyucu-sac-bakim-kremi-1000-ml"},"modified":"2026-04-09T16:18:42","modified_gmt":"2026-04-09T13:18:42","slug":"davines-nounou-besleyici-ve-koruyucu-sac-bakim-kremi-1000-ml","status":"publish","type":"product","link":"https:\/\/www.kozmodern.com\/?product=davines-nounou-besleyici-ve-koruyucu-sac-bakim-kremi-1000-ml","title":{"rendered":"Davines Nounou Besleyici ve Koruyucu Sa\u00e7 Bak\u0131m Kremi 1000 ml"},"content":{"rendered":"<h3 data-section-id=\"kidu44\" data-start=\"113\" data-end=\"135\">Kimler i\u00e7in uygun?<\/h3>\n<ul data-start=\"136\" data-end=\"401\">\n<li data-section-id=\"n7ah6v\" data-start=\"136\" data-end=\"218\">Boya, r\u00f6fle, ombre, perma veya d\u00fczle\u015ftirme gibi kimyasal i\u015flem g\u00f6rm\u00fc\u015f sa\u00e7lar<\/li>\n<li data-section-id=\"1wig0er\" data-start=\"219\" data-end=\"265\">A\u015f\u0131r\u0131 kuru, y\u0131pranm\u0131\u015f ve k\u0131r\u0131lgan sa\u00e7lar<\/li>\n<li data-section-id=\"7z7kiv\" data-start=\"266\" data-end=\"315\">Is\u0131 i\u015flemleri nedeniyle zarar g\u00f6rm\u00fc\u015f sa\u00e7 yap\u0131s\u0131<\/li>\n<li data-section-id=\"1vp5dhv\" data-start=\"316\" data-end=\"401\">Nem kayb\u0131 ya\u015fayan, sertle\u015fmi\u015f ve mat sa\u00e7lar<\/li>\n<\/ul>\n","protected":false},"excerpt":{"rendered":"<h3 data-section-id=\"gneok4\" data-start=\"408\" data-end=\"431\">Ne i\u00e7in kullan\u0131l\u0131r?<\/h3>\n<ul data-start=\"432\" data-end=\"717\">\n<li data-section-id=\"6jfpw8\" data-start=\"432\" data-end=\"481\">Sa\u00e7\u0131 derinlemesine beslemek ve nemlendirmek<\/li>\n<li data-section-id=\"u32xcx\" data-start=\"482\" data-end=\"530\">Hasarl\u0131 sa\u00e7 yap\u0131s\u0131n\u0131 onararak g\u00fc\u00e7lendirmek<\/li>\n<li data-section-id=\"1ntm20\" data-start=\"531\" data-end=\"582\">Sa\u00e7\u0131 yumu\u015fatmak ve kolay taranmas\u0131n\u0131 sa\u011flamak<\/li>\n<li data-section-id=\"1uukqxt\" data-start=\"583\" data-end=\"638\">Sa\u00e7a dolgunluk, parlakl\u0131k ve canl\u0131l\u0131k kazand\u0131rmak<\/li>\n<li data-section-id=\"16dzjdy\" data-start=\"639\" data-end=\"717\">Sa\u00e7\u0131 d\u0131\u015f etkenlere kar\u015f\u0131 korumak<\/li>\n<\/ul>\n<h3 data-section-id=\"1j8b2gn\" data-start=\"724\" data-end=\"745\">Nas\u0131l kullan\u0131l\u0131r?<\/h3>\n<ol data-start=\"746\" data-end=\"929\">\n<li data-section-id=\"g7av63\" data-start=\"746\" data-end=\"780\">Sa\u00e7\u0131 \u015fampuanla y\u0131kay\u0131p durula<\/li>\n<li data-section-id=\"1fu6nc7\" data-start=\"781\" data-end=\"849\">Havluyla nemini ald\u0131ktan sonra sa\u00e7\u0131n boy ve u\u00e7lar\u0131na uygula<\/li>\n<li data-section-id=\"1659lza\" data-start=\"850\" data-end=\"873\">5\u201315 dakika beklet<\/li>\n<li data-section-id=\"1rhhwan\" data-start=\"874\" data-end=\"929\">\u0130yice durula<\/li>\n<\/ol>\n<h3 data-section-id=\"1qxdhdy\" data-start=\"936\" data-end=\"979\">\u0130\u00e7eri\u011fi:<\/h3>\n<p data-start=\"980\" data-end=\"1735\">AQUA \/ WATER \/ EAU, CETEARYL ALCOHOL, GLYCERIN, BEHENTRIMONIUM CHLORIDE, CETYL ALCOHOL, CETRIMONIUM CHLORIDE, DIMETHICONE, GLYCERYL STEARATE, BEHENYL ALCOHOL, BENZOTRIAZOLYL DODECYL P-CRESOL, BEHENETH-25, PARFUM \/ FRAGRANCE, BENZYL ALCOHOL, SIMMONDSIA CHINENSIS (JOJOBA) SEED OIL, CREATINE, AMODIMETHICONE, CITRIC ACID, DICAPRYLYL ETHER, LAURYL ALCOHOL, OCTADECYL DI-T-BUTYL-4-HYDROXYHYDROCINNAMATE, HYDROXYETHYLCELLULOSE, DISODIUM EDTA, SODIUM BENZOATE, PRUNUS AMYGDALUS DULCIS (SWEET ALMOND) OIL, HYDROGENATED VEGETABLE OIL, TOCOPHEROL, SOLANUM LYCOPERSICUM (TOMATO) FRUIT EXTRACT, CARAMEL, SCLEROTIUM GUM, DISILOXANE, LINALOOL, BUTYROSPERMUM PARKII (SHEA) BUTTER, GERANIOL, LIMONENE, CI 19140, CI 14700, CI 61570<\/p>\n","protected":false},"featured_media":5421,"comment_status":"open","ping_status":"closed","template":"","meta":{"_acf_changed":false},"product_brand":[189],"product_cat":[394],"product_tag":[],"class_list":{"0":"post-5422","1":"product","2":"type-product","3":"status-publish","4":"has-post-thumbnail","6":"product_brand-davines","7":"product_cat-davines","9":"first","10":"outofstock","11":"shipping-taxable","12":"purchasable","13":"product-type-simple"},"acf":[],"_links":{"self":[{"href":"https:\/\/www.kozmodern.com\/index.php?rest_route=\/wp\/v2\/product\/5422","targetHints":{"allow":["GET"]}}],"collection":[{"href":"https:\/\/www.kozmodern.com\/index.php?rest_route=\/wp\/v2\/product"}],"about":[{"href":"https:\/\/www.kozmodern.com\/index.php?rest_route=\/wp\/v2\/types\/product"}],"replies":[{"embeddable":true,"href":"https:\/\/www.kozmodern.com\/index.php?rest_route=%2Fwp%2Fv2%2Fcomments&post=5422"}],"wp:featuredmedia":[{"embeddable":true,"href":"https:\/\/www.kozmodern.com\/index.php?rest_route=\/wp\/v2\/media\/5421"}],"wp:attachment":[{"href":"https:\/\/www.kozmodern.com\/index.php?rest_route=%2Fwp%2Fv2%2Fmedia&parent=5422"}],"wp:term":[{"taxonomy":"product_brand","embeddable":true,"href":"https:\/\/www.kozmodern.com\/index.php?rest_route=%2Fwp%2Fv2%2Fproduct_brand&post=5422"},{"taxonomy":"product_cat","embeddable":true,"href":"https:\/\/www.kozmodern.com\/index.php?rest_route=%2Fwp%2Fv2%2Fproduct_cat&post=5422"},{"taxonomy":"product_tag","embeddable":true,"href":"https:\/\/www.kozmodern.com\/index.php?rest_route=%2Fwp%2Fv2%2Fproduct_tag&post=5422"}],"curies":[{"name":"wp","href":"https:\/\/api.w.org\/{rel}","templated":true}]}}