{"id":5437,"date":"2026-03-02T01:07:28","date_gmt":"2026-03-01T22:07:28","guid":{"rendered":"https:\/\/www.kozmodern.com\/?product=davines-nounou-besleyici-ve-koruyucu-sac-bakim-maskesi-1000-ml"},"modified":"2026-03-05T01:23:39","modified_gmt":"2026-03-04T22:23:39","slug":"davines-nounou-besleyici-ve-koruyucu-sac-bakim-maskesi-1000-ml","status":"publish","type":"product","link":"https:\/\/www.kozmodern.com\/?product=davines-nounou-besleyici-ve-koruyucu-sac-bakim-maskesi-1000-ml","title":{"rendered":"Davines Nounou Besleyici ve Koruyucu Sa\u00e7 Bak\u0131m Maskesi 1000 ml"},"content":{"rendered":"<ul>\n<li>A\u00e7ma i\u015flemi g\u00f6rm\u00fc\u015f, perma yap\u0131lm\u0131\u015f veya kimyasal i\u015flem g\u00f6rm\u00fc\u015f sa\u00e7lar i\u00e7in \u00f6zel olarak geli\u015ftirilmi\u015f Davines Nounou Sa\u00e7 Maskesi ile sa\u00e7lar\u0131n\u0131z\u0131 onar\u0131n!<\/li>\n<li>Bu maske, sa\u00e7\u0131n\u0131z\u0131 derinlemesine besleyerek nemi ve dolgunlu\u011fu geri kazand\u0131r\u0131r.<\/li>\n<li>Sa\u00e7 a\u00e7ma i\u015flemi g\u00f6rm\u00fc\u015f, permal\u0131 veya kimyasal i\u015flem g\u00f6rm\u00fc\u015f sa\u00e7lar\u0131n ihtiya\u00e7 duydu\u011fu yo\u011fun bak\u0131m\u0131 sa\u011flar.<\/li>\n<li>\u0130\u015flem g\u00f6rm\u00fc\u015f sa\u00e7lar\u0131 a\u011f\u0131rla\u015ft\u0131rmadan ipeksi yumu\u015fakl\u0131\u011fa kavu\u015fturur.<\/li>\n<li>Sa\u00e7\u0131n\u0131zdaki d\u00fc\u011f\u00fcmleri \u00e7\u00f6zerek taramay\u0131 kolayla\u015ft\u0131r\u0131r.<\/li>\n<li>Antioksidan \u00f6zelliklere sahip E vitamini ile zenginle\u015ftirilmi\u015ftir, sa\u00e7\u0131n\u0131z\u0131 \u00e7evresel fakt\u00f6rlere kar\u015f\u0131 korur.<\/li>\n<li>Sa\u00e7\u0131n\u0131za dolgunluk, yo\u011fun nem ve ipeksi bir yumu\u015fakl\u0131k kazand\u0131r\u0131r.<\/li>\n<li>Do\u011fan\u0131n g\u00fcc\u00fcn\u00fc sa\u00e7\u0131n\u0131za ta\u015f\u0131yan, \u00f6zenle se\u00e7ilmi\u015f do\u011fal bile\u015fenlerle zenginle\u015ftirilmi\u015ftir.<\/li>\n<li>Slow Food Presidium&#8217;dan elde edilen Torre Guaceto Fiaschetto Domates \u00f6z\u00fc ile zenginle\u015ftirilmi\u015ftir.<\/li>\n<li>Karbonhidratlar ve proteinler a\u00e7\u0131s\u0131ndan zengin olmas\u0131yla g\u00fc\u00e7l\u00fc bir besleyici g\u00fcce ve C vitamini sayesinde antioksidan etkiye sahiptir.<\/li>\n<li>%100 temiz enerji ile \u00fcretilmi\u015ftir.<\/li>\n<li>Ambalaj\u0131 s\u0131f\u0131r etki prensibiyle tasarlanm\u0131\u015f, sade ve geri d\u00f6n\u00fc\u015ft\u00fcr\u00fclebilirdir.<\/li>\n<li>Davines Nounou Sa\u00e7 Maskesi ile i\u015flem g\u00f6rm\u00fc\u015f sa\u00e7lar\u0131n\u0131z\u0131 yeniden canland\u0131r\u0131n, onlara sa\u011fl\u0131k, parlakl\u0131k ve ipeksi bir yumu\u015fakl\u0131k kazand\u0131r\u0131n!<\/li>\n<li>Haftada bir kez, sa\u00e7 kreminizin yerine Nounou sa\u00e7 maskesini kullan\u0131n.<\/li>\n<li>Havluyla nemi al\u0131nm\u0131\u015f sa\u00e7lar\u0131n\u0131za k\u00fc\u00e7\u00fck bir miktar uygulay\u0131n.<\/li>\n<li>Sa\u00e7\u0131n\u0131z\u0131 taray\u0131n ve 10-15 dakika beklettikten sonra iyice durulay\u0131n.<\/li>\n<\/ul>\n<p><strong>\u0130\u00e7erik (INCI):<\/strong> AQUA \/ WATER \/ EAU, GLYCERIN, CETEARYL ALCOHOL, PROPANEDIOL, BEHENTRIMONIUM CHLORIDE, CETRIMONIUM CHLORI DE, CETYL ALCOHOL, DIMETHICONE, GLYCERYL STEARATE, BEHENYL ALCOHOL, BENZOTRIAZOLYL DODECYL P-CRESOL, BEHENETH-25, PARFUM \/ FRAGRANCE, BENZYL ALCOHOL, SIMMONDSIA CHINENSIS SEED OIL \/ SIMMONDSIA CHINENSIS (JOJOB A) SEED OIL, OLEA EUROPAEA FRUIT OIL \/ OLEA EUROPAEA (OLIVE) FRUIT OIL, AMODIMETHICONE, DICAPRYLYL ETHER, LAU RYL ALCOHOL, OCTADECYL DI-T-BUTYL-4-HYDROXYHYDROCINNAMATE, HYDROXYETHYLCELLULOSE, DISODIUM EDTA, SODI UM BENZOATE, CITRIC ACID, HYDROGENATED OLIVE OIL, TOCOPHEROL, SOLANUM LYCOPERSICUM FRUIT EXTRACT \/ SOLANUM LYCOPERSICUM (TOMATO) FRUIT EXTRACT, SCLEROTIUM GUM, DISILOXANE, LINALOOL, GERANIOL, LIMONENE, CI 19140 \/ YELLOW 5, CI 14700 \/ RED 4, CI 61570 \/ GREEN 5<\/p>\n<p>&nbsp;<\/p>\n","protected":false},"excerpt":{"rendered":"<p>A\u00e7ma i\u015flemi g\u00f6rm\u00fc\u015f, perma yap\u0131lm\u0131\u015f veya kimyasal i\u015flem g\u00f6rm\u00fc\u015f sa\u00e7lar i\u00e7in \u00f6zel olarak geli\u015ftirilmi\u015f Davines Nounou Sa\u00e7 Maskesi ile sa\u00e7lar\u0131n\u0131z\u0131 onar\u0131n! \u2022 Bu maske, sa\u00e7\u0131n\u0131z\u0131 derinlemesine besleyerek nemi ve dolgunlu\u011fu geri kazand\u0131r\u0131r.<\/p>\n","protected":false},"featured_media":5436,"comment_status":"open","ping_status":"closed","template":"","meta":{"_acf_changed":false},"product_brand":[189],"product_cat":[406],"product_tag":[],"class_list":{"0":"post-5437","1":"product","2":"type-product","3":"status-publish","4":"has-post-thumbnail","6":"product_brand-davines","7":"product_cat-maske-davines","9":"first","10":"outofstock","11":"shipping-taxable","12":"purchasable","13":"product-type-simple"},"acf":[],"_links":{"self":[{"href":"https:\/\/www.kozmodern.com\/index.php?rest_route=\/wp\/v2\/product\/5437","targetHints":{"allow":["GET"]}}],"collection":[{"href":"https:\/\/www.kozmodern.com\/index.php?rest_route=\/wp\/v2\/product"}],"about":[{"href":"https:\/\/www.kozmodern.com\/index.php?rest_route=\/wp\/v2\/types\/product"}],"replies":[{"embeddable":true,"href":"https:\/\/www.kozmodern.com\/index.php?rest_route=%2Fwp%2Fv2%2Fcomments&post=5437"}],"wp:featuredmedia":[{"embeddable":true,"href":"https:\/\/www.kozmodern.com\/index.php?rest_route=\/wp\/v2\/media\/5436"}],"wp:attachment":[{"href":"https:\/\/www.kozmodern.com\/index.php?rest_route=%2Fwp%2Fv2%2Fmedia&parent=5437"}],"wp:term":[{"taxonomy":"product_brand","embeddable":true,"href":"https:\/\/www.kozmodern.com\/index.php?rest_route=%2Fwp%2Fv2%2Fproduct_brand&post=5437"},{"taxonomy":"product_cat","embeddable":true,"href":"https:\/\/www.kozmodern.com\/index.php?rest_route=%2Fwp%2Fv2%2Fproduct_cat&post=5437"},{"taxonomy":"product_tag","embeddable":true,"href":"https:\/\/www.kozmodern.com\/index.php?rest_route=%2Fwp%2Fv2%2Fproduct_tag&post=5437"}],"curies":[{"name":"wp","href":"https:\/\/api.w.org\/{rel}","templated":true}]}}