{"id":5455,"date":"2026-03-02T01:08:00","date_gmt":"2026-03-01T22:08:00","guid":{"rendered":"https:\/\/www.kozmodern.com\/?product=davines-nourishing-3lu-mucize-mini-keratin-bakim-set"},"modified":"2026-03-05T01:14:59","modified_gmt":"2026-03-04T22:14:59","slug":"davines-nourishing-3lu-mucize-mini-keratin-bakim-set","status":"publish","type":"product","link":"https:\/\/www.kozmodern.com\/?product=davines-nourishing-3lu-mucize-mini-keratin-bakim-set","title":{"rendered":"Davines Nourishing 3&#8217;l\u00fc Mucize Mini Keratin Bak\u0131m Set"},"content":{"rendered":"<ul>\n<li>Davines Nourishing Y\u0131pranm\u0131\u015f Kuru Sa\u00e7lar i\u00e7in S\u00fclfats\u0131z \u015eampuan 250 ml x 1 Adet<\/li>\n<li>Davines Nourishing Y\u0131pranm\u0131\u015f Kuru Sa\u00e7 Kremi 250 ml x 1 Adet<\/li>\n<li>Davines Nourishing Hair Building Pak Y\u0131pranm\u0131\u015f Kuru Sa\u00e7 Maskesi 250 ml x 1 Adet<\/li>\n<li>\u00c7evresel veya genetik fakt\u00f6rlerin etkisiyle kuruyup, y\u0131pranan sa\u00e7 k\u0131r\u0131lganla\u015f\u0131r.<\/li>\n<li>Davines Y\u0131pranm\u0131\u015f Kuru Sa\u00e7 \u015eampuan\u0131, nemini kaybetmi\u015f ve k\u0131r\u0131lmaya ba\u015flayan sa\u00e7lar\u0131 onararak yeniden canlanmas\u0131n\u0131 sa\u011flar.<\/li>\n<li>Sa\u00e7\u0131n g\u00fcnl\u00fck temizlik ve bak\u0131m\u0131n\u0131 nazik ve \u00f6zenle yapar.<\/li>\n<li>5.5 pH de\u011feriyle cildi yormadan bak\u0131m\u0131n\u0131 yapar.<\/li>\n<li>\u0130\u00e7eri\u011findeki bitki \u00f6zleri, esansiyel ya\u011flar ve k\u00fc\u00e7\u00fck tah\u0131llar\u0131n etkisiyle sa\u00e7\u0131n kaybetti\u011fi nem dengesini yeniden kazand\u0131r\u0131r.<\/li>\n<li>\u00dcz\u00fcm Ekstresi, G\u00fcne\u015f \u0131\u015f\u0131nlar\u0131na kar\u015f\u0131 koruyucu etkisi vard\u0131r. Ayr\u0131ca kurutma sonras\u0131nda serbest radikallerin olu\u015fmas\u0131n\u0131 engeller.<\/li>\n<li>Nazik temizleyiciler,Sa\u00e7\u0131n do\u011fal yap\u0131s\u0131n\u0131 bozmadan temizleyen nazik bile\u015fenler kar\u0131\u015f\u0131m\u0131d\u0131r.<\/li>\n<li>Keratin,dolgu maddesi g\u00f6revi g\u00f6rerek sa\u00e7 yap\u0131s\u0131n\u0131n g\u00fc\u00e7lenmesini sa\u011flar, sa\u00e7\u0131 yumu\u015fat\u0131r.<\/li>\n<li>Mandalina Ya\u011f\u0131, sa\u00e7 derisini g\u00fc\u00e7lendirir ve ya\u011f dengesinin kurulmas\u0131n\u0131 sa\u011flar.<\/li>\n<li>Ylang Ylang Esansiyel ya\u011flar\u0131, cildi yumu\u015fat\u0131r ve nemlendirir. Sa\u00e7\u0131n sa\u011fl\u0131kl\u0131 uzamas\u0131n\u0131 sa\u011flar. Bozulan sa\u00e7 yap\u0131s\u0131n\u0131 onar\u0131r.<\/li>\n<li>S\u00fclfat, paraben ve sodyum i\u00e7ermeyen yap\u0131s\u0131, onar\u0131m ve neme ihtiya\u00e7 duyan t\u00fcm sa\u00e7 tipleri i\u00e7in g\u00fcnl\u00fck olarak kullan\u0131labilir.<\/li>\n<li>Sa\u00e7\u0131 i\u00e7ten d\u0131\u015fa nemlendirerek elastikiyet katar.<\/li>\n<li>Sa\u00e7\u0131n kolay taranmas\u0131n\u0131 ve parlak olmas\u0131n\u0131 sa\u011flar.<\/li>\n<li>Sa\u00e7taki kuruluk hissini gidererek canl\u0131l\u0131k katar.<\/li>\n<li>4.0 pH de\u011feriyle cildi yormaz.<\/li>\n<li>Kurumu\u015f ve hasar g\u00f6rm\u00fc\u015f sa\u00e7a yumu\u015fakl\u0131k ve parlakl\u0131k verir.<\/li>\n<li>Bozulan sa\u00e7 yap\u0131s\u0131n\u0131 d\u00fczeltir ve kuvvetlendirir.<\/li>\n<li>Sa\u00e7\u0131 yeniden yap\u0131land\u0131r\u0131r ve kimyasal i\u015flemlere kar\u015f\u0131 g\u00fc\u00e7lenmesini sa\u011flar.<\/li>\n<li>Nemli sa\u00e7a masaj yaparak uygulay\u0131n.<\/li>\n<li>Birka\u00e7 dakika bekletip durulay\u0131n.<\/li>\n<li>Gerekirse i\u015flemi tekrarlay\u0131n.<\/li>\n<li>Davines Nourishing Y\u0131pranm\u0131\u015f Kuru Sa\u00e7 Kremi ile g\u00fcnl\u00fck bak\u0131m\u0131n\u0131z\u0131 tamamlay\u0131n.<\/li>\n<\/ul>\n<p>&nbsp;<\/p>\n<p>&nbsp;<\/p>\n","protected":false},"excerpt":{"rendered":"<p>Davines Nourishing Y\u0131pranm\u0131\u015f Kuru Sa\u00e7lar i\u00e7in S\u00fclfats\u0131z \u015eampuan 250 ml x 1 Adet \u2022 Davines Nourishing Y\u0131pranm\u0131\u015f Kuru Sa\u00e7 Kremi 250 ml x 1 Adet<\/p>\n","protected":false},"featured_media":5454,"comment_status":"open","ping_status":"closed","template":"","meta":{"_acf_changed":false},"product_brand":[189],"product_cat":[400],"product_tag":[],"class_list":{"0":"post-5455","1":"product","2":"type-product","3":"status-publish","4":"has-post-thumbnail","6":"product_brand-davines","7":"product_cat-set","9":"first","10":"outofstock","11":"shipping-taxable","12":"purchasable","13":"product-type-simple"},"acf":[],"_links":{"self":[{"href":"https:\/\/www.kozmodern.com\/index.php?rest_route=\/wp\/v2\/product\/5455","targetHints":{"allow":["GET"]}}],"collection":[{"href":"https:\/\/www.kozmodern.com\/index.php?rest_route=\/wp\/v2\/product"}],"about":[{"href":"https:\/\/www.kozmodern.com\/index.php?rest_route=\/wp\/v2\/types\/product"}],"replies":[{"embeddable":true,"href":"https:\/\/www.kozmodern.com\/index.php?rest_route=%2Fwp%2Fv2%2Fcomments&post=5455"}],"wp:featuredmedia":[{"embeddable":true,"href":"https:\/\/www.kozmodern.com\/index.php?rest_route=\/wp\/v2\/media\/5454"}],"wp:attachment":[{"href":"https:\/\/www.kozmodern.com\/index.php?rest_route=%2Fwp%2Fv2%2Fmedia&parent=5455"}],"wp:term":[{"taxonomy":"product_brand","embeddable":true,"href":"https:\/\/www.kozmodern.com\/index.php?rest_route=%2Fwp%2Fv2%2Fproduct_brand&post=5455"},{"taxonomy":"product_cat","embeddable":true,"href":"https:\/\/www.kozmodern.com\/index.php?rest_route=%2Fwp%2Fv2%2Fproduct_cat&post=5455"},{"taxonomy":"product_tag","embeddable":true,"href":"https:\/\/www.kozmodern.com\/index.php?rest_route=%2Fwp%2Fv2%2Fproduct_tag&post=5455"}],"curies":[{"name":"wp","href":"https:\/\/api.w.org\/{rel}","templated":true}]}}