{"id":5484,"date":"2026-03-02T01:08:23","date_gmt":"2026-03-01T22:08:23","guid":{"rendered":"https:\/\/www.kozmodern.com\/?product=davines-nourishing-vegetarian-miracle-yipranmis-kuru-sac-kremi-250-ml"},"modified":"2026-04-16T13:22:01","modified_gmt":"2026-04-16T10:22:01","slug":"davines-nourishing-vegetarian-miracle-yipranmis-kuru-sac-kremi-250-ml","status":"publish","type":"product","link":"https:\/\/www.kozmodern.com\/?product=davines-nourishing-vegetarian-miracle-yipranmis-kuru-sac-kremi-250-ml","title":{"rendered":"Davines Nourishing Vegetarian Miracle Y\u0131pranm\u0131\u015f Kuru Sa\u00e7 Kremi 250 ml"},"content":{"rendered":"<ul>\n<li>Yap\u0131s\u0131 bozulmu\u015f ve k\u0131r\u0131lgan sa\u00e7lar i\u00e7in \u00f6zel olarak tasarlanm\u0131\u015f Davines Nourishing Vegetarian Miracle Sa\u00e7 Kremi ile tan\u0131\u015f\u0131n!<\/li>\n<li>Bu balsam, sa\u00e7\u0131n\u0131z\u0131 derinlemesine nemlendirirken, yumu\u015fak, parlak ve kolay taran\u0131r hale getirir, ayn\u0131 zamanda sa\u00e7 yap\u0131s\u0131n\u0131 g\u00fc\u00e7lendirir.<\/li>\n<li>Sa\u00e7\u0131n\u0131z\u0131n en derin katmanlar\u0131na n\u00fcfuz ederek yo\u011fun nem sa\u011flar.<\/li>\n<li>Sa\u00e7 tellerini g\u00fc\u00e7lendirerek daha dayan\u0131kl\u0131 olmalar\u0131na yard\u0131mc\u0131 olur, ayn\u0131 zamanda sa\u00e7\u0131n\u0131za yumu\u015fakl\u0131k ve parlakl\u0131k kazand\u0131r\u0131r.<\/li>\n<li>Do\u011fan\u0131n g\u00fcc\u00fcn\u00fc sa\u00e7\u0131n\u0131za ta\u015f\u0131yan, \u00f6zenle se\u00e7ilmi\u015f do\u011fal bile\u015fenlerle zenginle\u015ftirilmi\u015ftir.<\/li>\n<li>Sa\u00e7 sa\u011fl\u0131\u011f\u0131n\u0131za \u00f6nem veren, nazik bir form\u00fcle sahiptir.<\/li>\n<li>Davines Nourishing Vegetarian Miracle Sa\u00e7 Kremi ile yap\u0131s\u0131 bozulmu\u015f ve k\u0131r\u0131lgan sa\u00e7lar\u0131n\u0131za derinlemesine nem, g\u00fc\u00e7 ve parlakl\u0131k kazand\u0131r\u0131n!<\/li>\n<li>Temiz ve nemli sa\u00e7\u0131n boylar\u0131na ve u\u00e7lar\u0131na uygulay\u0131n.<\/li>\n<li>5 dakika beklettikten sonra taray\u0131n ve iyice durulay\u0131n.<\/li>\n<li>Sa\u00e7 kremi, sa\u00e7\u0131n\u0131z\u0131n ihtiya\u00e7lar\u0131na g\u00f6re diledi\u011finiz zaman kullan\u0131labilir.<\/li>\n<\/ul>\n<p><strong>\u0130\u00e7erik (INCI):<\/strong> AQUA \/ WATER \/ EAU, CETEARYL ALCOHOL, CETYL ALCOHOL, GLYCERIN, BEHENTRIMONIUM CHLORIDE, BEHENTRIMONIUM METHOSULFATE, CETRIMONIUM CHLORIDE, BEHENETH-25, GLYCINE, QUATERNIUM-87, PARFUM \/ FRAGRANCE, ISOPROPYL ALCOHOL, MALEIC ACID, BENZYL ALCOHOL, LYSINE HCL, SIMMONDSIA CHINENSIS SEED OIL \/ SIMMONDSIA CHINENSIS (JOJOBA) SEED OIL, HYDROLYZED RICE PROTEIN, THIOCTAMIDOETHYL DIMETHYLAMINE MALEATE, DISODIUM EDTA, HYDROXYETHYLCELLULOSE, SODIUM BENZOATE, SODIUM HYDROXIDE, RETINYL PALMITATE, SCLEROTIUM GUM, HELIANTHUS ANNUUS SEED OIL \/ HELIANTHUS ANNUUS (SUNFLOWER) SEED OIL, HEXYL CINNAMAL, LINALOOL.<\/p>\n","protected":false},"excerpt":{"rendered":"<p>Yap\u0131s\u0131 bozulmu\u015f ve k\u0131r\u0131lgan sa\u00e7lar i\u00e7in \u00f6zel olarak tasarlanm\u0131\u015f Davines Nourishing Vegetarian Miracle Sa\u00e7 Kremi ile tan\u0131\u015f\u0131n! \u2022 Bu balsam, sa\u00e7\u0131n\u0131z\u0131 derinlemesine nemlendirirken, yumu\u015fak, parlak ve kolay taran\u0131r hale getirir, ayn\u0131 zamanda sa\u00e7 yap\u0131s\u0131n\u0131 g\u00fc\u00e7lendirir.<\/p>\n","protected":false},"featured_media":5483,"comment_status":"open","ping_status":"closed","template":"","meta":{"_acf_changed":false},"product_brand":[189],"product_cat":[394,397],"product_tag":[],"class_list":{"0":"post-5484","1":"product","2":"type-product","3":"status-publish","4":"has-post-thumbnail","6":"product_brand-davines","7":"product_cat-davines","8":"product_cat-sac-kremi-davines","10":"first","11":"instock","12":"shipping-taxable","13":"purchasable","14":"product-type-simple"},"acf":[],"_links":{"self":[{"href":"https:\/\/www.kozmodern.com\/index.php?rest_route=\/wp\/v2\/product\/5484","targetHints":{"allow":["GET"]}}],"collection":[{"href":"https:\/\/www.kozmodern.com\/index.php?rest_route=\/wp\/v2\/product"}],"about":[{"href":"https:\/\/www.kozmodern.com\/index.php?rest_route=\/wp\/v2\/types\/product"}],"replies":[{"embeddable":true,"href":"https:\/\/www.kozmodern.com\/index.php?rest_route=%2Fwp%2Fv2%2Fcomments&post=5484"}],"wp:featuredmedia":[{"embeddable":true,"href":"https:\/\/www.kozmodern.com\/index.php?rest_route=\/wp\/v2\/media\/5483"}],"wp:attachment":[{"href":"https:\/\/www.kozmodern.com\/index.php?rest_route=%2Fwp%2Fv2%2Fmedia&parent=5484"}],"wp:term":[{"taxonomy":"product_brand","embeddable":true,"href":"https:\/\/www.kozmodern.com\/index.php?rest_route=%2Fwp%2Fv2%2Fproduct_brand&post=5484"},{"taxonomy":"product_cat","embeddable":true,"href":"https:\/\/www.kozmodern.com\/index.php?rest_route=%2Fwp%2Fv2%2Fproduct_cat&post=5484"},{"taxonomy":"product_tag","embeddable":true,"href":"https:\/\/www.kozmodern.com\/index.php?rest_route=%2Fwp%2Fv2%2Fproduct_tag&post=5484"}],"curies":[{"name":"wp","href":"https:\/\/api.w.org\/{rel}","templated":true}]}}