{"id":5572,"date":"2026-03-02T01:10:14","date_gmt":"2026-03-01T22:10:14","guid":{"rendered":"https:\/\/www.kozmodern.com\/?product=davines-oi-hand-balm-el-kremi-75-ml"},"modified":"2026-03-05T00:39:13","modified_gmt":"2026-03-04T21:39:13","slug":"davines-oi-hand-balm-el-kremi-75-ml","status":"publish","type":"product","link":"https:\/\/www.kozmodern.com\/?product=davines-oi-hand-balm-el-kremi-75-ml","title":{"rendered":"Davines OI Hand Balm El Kremi 75 ml"},"content":{"rendered":"<ul>\n<li>Roucou ya\u011f\u0131 ile zenginle\u015ftirilmi\u015f \u00f6zel i\u00e7eri\u011fe sahiptir.<\/li>\n<li>Nemlendirici etkisi ile elleri yumu\u015fat\u0131r.<\/li>\n<li>D\u0131\u015f fakt\u00f6rlerin cildi kurutan ve y\u0131pratan etkilerine ka\u015f\u0131 koruma sa\u011flar.<\/li>\n<li>Uzun s\u00fcreli ve kal\u0131c\u0131 nem sa\u011flar.<\/li>\n<li>Paraben i\u00e7ermez.<\/li>\n<li>Ayn\u0131 zamanda Annatto olarak da bilinen bir Amazon bitkisidir.<\/li>\n<li>Beta-carotene bak\u0131m\u0131ndan \u00e7ok zengindir (havu\u00e7takinin 100 kat\u0131 kadar).<\/li>\n<li>Yap\u0131land\u0131r\u0131c\u0131 bir etkisi vard\u0131r.<\/li>\n<li>Melanin \u00fcretimini harekete ge\u00e7irerek UV \u0131\u015f\u0131nlar\u0131n\u0131n yol a\u00e7t\u0131\u011f\u0131 h\u00fccre hasar\u0131n\u0131 b\u00fcy\u00fck oranda azalt\u0131r.<\/li>\n<li>Ya\u015flanman\u0131n \u00f6n\u00fcne ge\u00e7er.<\/li>\n<li>Cildin esnekli\u011fini korumas\u0131n\u0131 sa\u011flar.<\/li>\n<li>Oligoelementler bak\u0131m\u0131ndan zengindir.<\/li>\n<li>Serbest radikallere kar\u015f\u0131 n\u00f6tralize edici etkisi ile bilinen Ellagic Asit i\u00e7erir.<\/li>\n<li>Elinize masaj yaparak uygulay\u0131n.<\/li>\n<li>\u0130htiya\u00e7 duyduk\u00e7a uygulamay\u0131 tekrar edebilirsiniz.<\/li>\n<\/ul>\n<p><strong>\u0130\u00e7erik (INCI):<\/strong> AQUA \/ WATER \/ EAU, GLYCERIN, CYCLOPENTASILOXANE, CETEARYL ALCOHOL, CETYL ALCOHOL, ARACHIDYL ALCOHOL, BEHENYL ALCOHOL, BENZYL ALCOHOL, CYCLOHEXASILOXANE, TOCOPHERYL ACETATE, DIMETHICONE, DICAPRYLYL CARBONATE, C12-15 ALKYL BENZOATE, ARACHIDYL GLUCOSIDE, DIMETHICONE CROSSPOLYMER, ALLANTOIN, SODIUM POLYACRYLATE, HEXYLDECYL LAURATE, HEXYLDECANOL, PARFUM \/ FRAGRANCE, POTASSIUM SORBATE, HYDROGENATED POLYDECENE, C30-45 ALKYL METHICONE, C30-45 OLEFIN, OLEA EUROPAEA FRUIT OIL \/ OLEA EUROPAEA (OLIVE) FRUIT OIL, SIMMONDSIA CHINENSIS SEED OIL \/ SIMMONDSIA CHINENSIS (JOJOBA) SEED OIL, PRUNUS AMYGDALUS DULCIS OIL \/ PRUNUS AMYGDALUS DULCIS (SWEET ALMOND) OIL, DISODIUM EDTA, TOCOPHEROL, TRIDECETH-6, BIXA ORELLANA SEED OIL, HYDROGENATED PALM GLYCERIDES CITRATE, CITRONELLOL, GERANIOL, JUGLANS REGIA SEED EXTRACT \/ JUGLANS REGIA (WALNUT) SEED EXTRACT, ALPHA-ISOMETHYL IONONE, LINALOOL<\/p>\n","protected":false},"excerpt":{"rendered":"<p>Roucou ya\u011f\u0131 ile zenginle\u015ftirilmi\u015f \u00f6zel i\u00e7eri\u011fe sahiptir. \u2022 Nemlendirici etkisi ile elleri yumu\u015fat\u0131r.<\/p>\n","protected":false},"featured_media":5571,"comment_status":"open","ping_status":"closed","template":"","meta":{"_acf_changed":false},"product_brand":[189],"product_cat":[409],"product_tag":[],"class_list":{"0":"post-5572","1":"product","2":"type-product","3":"status-publish","4":"has-post-thumbnail","6":"product_brand-davines","7":"product_cat-el-bakimi","9":"first","10":"outofstock","11":"shipping-taxable","12":"purchasable","13":"product-type-simple"},"acf":[],"_links":{"self":[{"href":"https:\/\/www.kozmodern.com\/index.php?rest_route=\/wp\/v2\/product\/5572","targetHints":{"allow":["GET"]}}],"collection":[{"href":"https:\/\/www.kozmodern.com\/index.php?rest_route=\/wp\/v2\/product"}],"about":[{"href":"https:\/\/www.kozmodern.com\/index.php?rest_route=\/wp\/v2\/types\/product"}],"replies":[{"embeddable":true,"href":"https:\/\/www.kozmodern.com\/index.php?rest_route=%2Fwp%2Fv2%2Fcomments&post=5572"}],"wp:featuredmedia":[{"embeddable":true,"href":"https:\/\/www.kozmodern.com\/index.php?rest_route=\/wp\/v2\/media\/5571"}],"wp:attachment":[{"href":"https:\/\/www.kozmodern.com\/index.php?rest_route=%2Fwp%2Fv2%2Fmedia&parent=5572"}],"wp:term":[{"taxonomy":"product_brand","embeddable":true,"href":"https:\/\/www.kozmodern.com\/index.php?rest_route=%2Fwp%2Fv2%2Fproduct_brand&post=5572"},{"taxonomy":"product_cat","embeddable":true,"href":"https:\/\/www.kozmodern.com\/index.php?rest_route=%2Fwp%2Fv2%2Fproduct_cat&post=5572"},{"taxonomy":"product_tag","embeddable":true,"href":"https:\/\/www.kozmodern.com\/index.php?rest_route=%2Fwp%2Fv2%2Fproduct_tag&post=5572"}],"curies":[{"name":"wp","href":"https:\/\/api.w.org\/{rel}","templated":true}]}}