{"id":5590,"date":"2026-03-02T01:10:47","date_gmt":"2026-03-01T22:10:47","guid":{"rendered":"https:\/\/www.kozmodern.com\/?product=davines-oi-liquid-luster-durulanan-sac-parlatici-serum-300-ml"},"modified":"2026-03-05T00:35:31","modified_gmt":"2026-03-04T21:35:31","slug":"davines-oi-liquid-luster-durulanan-sac-parlatici-serum-300-ml","status":"publish","type":"product","link":"https:\/\/www.kozmodern.com\/?product=davines-oi-liquid-luster-durulanan-sac-parlatici-serum-300-ml","title":{"rendered":"Davines OI Liquid Luster Durulanan Sa\u00e7 Parlat\u0131c\u0131 Serum 300 ml"},"content":{"rendered":"<ul>\n<li>Renksiz s\u0131v\u0131 form\u00fcle sahip nemlendirici form\u00fcl\u00fc sa\u00e7 fiberlerine an\u0131nda etki ederek h\u0131zl\u0131 bir parlakl\u0131k ve yumu\u015fakl\u0131k katar.<\/li>\n<li>Sa\u00e7lar an\u0131nda daha parlak g\u00f6z\u00fck\u00fcr ve ipeksi bir yumu\u015fakl\u0131\u011fa kavu\u015fur.<\/li>\n<li>T\u00fcm sa\u00e7 tiplerinde kullan\u0131labilir.<\/li>\n<li>Sa\u00e7larda a\u011f\u0131rl\u0131k yapmaz.<\/li>\n<li>\u015eampuanla y\u0131kanm\u0131\u015f temiz sa\u00e7lara par\u00e7alar halinde boylar\u0131ndan ucuna do\u011fru uygulay\u0131n.<\/li>\n<li>Parmaklar\u0131n\u0131z yada tarak yard\u0131m\u0131 ile serumu t\u00fcm sa\u00e7a yay\u0131n.<\/li>\n<li>Bol su ile durulay\u0131n.<\/li>\n<\/ul>\n<p><strong>\u0130\u00e7erik (INCI):<\/strong> PROPYLENE GLYCOL, ALCOHOL DENAT., AQUA \/ WATER \/ EAU, MYRISTYL ALCOHOL, PARFUM \/ FRAGRANCE, SILICONE QUATERNIUM-8, CETRIMONIUM CHLORIDE, BEHENTRIMONIUM CHLORIDE, C8-12 ACID TRIGLYCERIDE, GLYCERIN, PHENETHYL BENZOATE, POLYQUATERNIUM-11, ISOPROPYL ALCOHOL, CITRONELLOL, LACTIC ACID, GERANIOL, BIXA ORELLANA SEED EXTRACT, ALPHA-ISOMETHYL IONONE, LINALOOL, CITRIC ACID<\/p>\n","protected":false},"excerpt":{"rendered":"<p>Renksiz s\u0131v\u0131 form\u00fcle sahip nemlendirici form\u00fcl\u00fc sa\u00e7 fiberlerine an\u0131nda etki ederek h\u0131zl\u0131 bir parlakl\u0131k ve yumu\u015fakl\u0131k katar. \u2022 Sa\u00e7lar an\u0131nda daha parlak g\u00f6z\u00fck\u00fcr ve ipeksi bir yumu\u015fakl\u0131\u011fa kavu\u015fur.<\/p>\n","protected":false},"featured_media":5589,"comment_status":"open","ping_status":"closed","template":"","meta":{"_acf_changed":false},"product_brand":[189],"product_cat":[401],"product_tag":[],"class_list":{"0":"post-5590","1":"product","2":"type-product","3":"status-publish","4":"has-post-thumbnail","6":"product_brand-davines","7":"product_cat-serum","9":"first","10":"outofstock","11":"shipping-taxable","12":"purchasable","13":"product-type-simple"},"acf":[],"_links":{"self":[{"href":"https:\/\/www.kozmodern.com\/index.php?rest_route=\/wp\/v2\/product\/5590","targetHints":{"allow":["GET"]}}],"collection":[{"href":"https:\/\/www.kozmodern.com\/index.php?rest_route=\/wp\/v2\/product"}],"about":[{"href":"https:\/\/www.kozmodern.com\/index.php?rest_route=\/wp\/v2\/types\/product"}],"replies":[{"embeddable":true,"href":"https:\/\/www.kozmodern.com\/index.php?rest_route=%2Fwp%2Fv2%2Fcomments&post=5590"}],"wp:featuredmedia":[{"embeddable":true,"href":"https:\/\/www.kozmodern.com\/index.php?rest_route=\/wp\/v2\/media\/5589"}],"wp:attachment":[{"href":"https:\/\/www.kozmodern.com\/index.php?rest_route=%2Fwp%2Fv2%2Fmedia&parent=5590"}],"wp:term":[{"taxonomy":"product_brand","embeddable":true,"href":"https:\/\/www.kozmodern.com\/index.php?rest_route=%2Fwp%2Fv2%2Fproduct_brand&post=5590"},{"taxonomy":"product_cat","embeddable":true,"href":"https:\/\/www.kozmodern.com\/index.php?rest_route=%2Fwp%2Fv2%2Fproduct_cat&post=5590"},{"taxonomy":"product_tag","embeddable":true,"href":"https:\/\/www.kozmodern.com\/index.php?rest_route=%2Fwp%2Fv2%2Fproduct_tag&post=5590"}],"curies":[{"name":"wp","href":"https:\/\/api.w.org\/{rel}","templated":true}]}}