{"id":5650,"date":"2026-03-02T11:56:28","date_gmt":"2026-03-02T08:56:28","guid":{"rendered":"https:\/\/www.kozmodern.com\/?product=davines-rebalancing-sebum-dengeleyici-bakim-1000-ml"},"modified":"2026-03-05T00:28:53","modified_gmt":"2026-03-04T21:28:53","slug":"davines-rebalancing-sebum-dengeleyici-bakim-1000-ml","status":"publish","type":"product","link":"https:\/\/www.kozmodern.com\/?product=davines-rebalancing-sebum-dengeleyici-bakim-1000-ml","title":{"rendered":"Davines Rebalancing Sebum Dengeleyici Bak\u0131m 1000 ml"},"content":{"rendered":"<ul>\n<li>A\u015f\u0131r\u0131 sebum \u00fcretimi olan sa\u00e7 derisinde fazla ya\u011f\u0131 etkili \u015fekilde ar\u0131nd\u0131r\u0131r.<\/li>\n<li>D\u00fczenli kullan\u0131mda a\u015f\u0131r\u0131 sebum \u00fcretimini dengeleyerek daha sa\u011fl\u0131kl\u0131 bir g\u00f6r\u00fcn\u00fcm kazand\u0131r\u0131r.<\/li>\n<li>Sa\u00e7larda biriken ya\u011f ve kiri ar\u0131nd\u0131rarak canl\u0131 bir g\u00f6r\u00fcn\u00fcm kazand\u0131r\u0131r.<\/li>\n<li>Kuru sa\u00e7 derisine b\u00f6lgeler halinde azar azar d\u00f6k\u00fcn.<\/li>\n<li>Parmak u\u00e7lar\u0131n\u0131z ile \u00fcr\u00fcn\u00fc sa\u00e7 derisine ve sa\u00e7a yay\u0131n.<\/li>\n<li>Etki etmesi i\u00e7in 2-3 dakika bekleyin.<\/li>\n<li>Az miktarda su d\u00f6k\u00fcn ve masaj yaparak fazla ya\u011f\u0131 \u00e7\u0131kart\u0131n ard\u0131ndan bol su ile durulay\u0131n.<\/li>\n<\/ul>\n<p><strong>\u0130\u00e7erik (INCI):<\/strong> AQUA \/ WATER \/ EAU, COCAMIDOPROPYL BETAINE, SODIUM LAUROYL SARCOSINATE, POLYSORBATE 20, SODIUM COCOYL ALANINATE, PROPYLENE GLYCOL, DECYL GLUCOSIDE, PARFUM \/ FRAGRANCE, BENZYL ALCOHOL, MENTHA PIPERITA OIL \/ MENTHA PIPERITA (PEPPERMINT) OIL, BUTYLENE GLYCOL, COCO-GLUCOSIDE, GLYCERYL OLEATE, CITRIC ACID, SODIUM BENZOATE, POLYQUATERNIUM-7, BISABOLOL, GUAR HYDROXYPROPYLTRIMONIUM CHLORIDE, SODIUM COCOATE, EUCALYPTUS GLOBULUS LEAF OIL, MENTHOL, SODIUM CHLORIDE, LIMONENE, CINNAMOMUM CASSIA BARK EXTRACT, SANGUISORBA OFFICINALIS ROOT EXTRACT, ZINGIBER OFFICINALE ROOT EXTRACT \/ ZINGIBER OFFICINALE (GINGER) ROOT EXTRACT.<\/p>\n","protected":false},"excerpt":{"rendered":"<p>A\u015f\u0131r\u0131 sebum \u00fcretimi olan sa\u00e7 derisinde fazla ya\u011f\u0131 etkili \u015fekilde ar\u0131nd\u0131r\u0131r. \u2022 D\u00fczenli kullan\u0131mda a\u015f\u0131r\u0131 sebum \u00fcretimini dengeleyerek daha sa\u011fl\u0131kl\u0131 bir g\u00f6r\u00fcn\u00fcm kazand\u0131r\u0131r.<\/p>\n","protected":false},"featured_media":5649,"comment_status":"open","ping_status":"closed","template":"","meta":{"_acf_changed":false},"product_brand":[189],"product_cat":[407],"product_tag":[],"class_list":{"0":"post-5650","1":"product","2":"type-product","3":"status-publish","4":"has-post-thumbnail","6":"product_brand-davines","7":"product_cat-jel","9":"first","10":"outofstock","11":"shipping-taxable","12":"purchasable","13":"product-type-simple"},"acf":[],"_links":{"self":[{"href":"https:\/\/www.kozmodern.com\/index.php?rest_route=\/wp\/v2\/product\/5650","targetHints":{"allow":["GET"]}}],"collection":[{"href":"https:\/\/www.kozmodern.com\/index.php?rest_route=\/wp\/v2\/product"}],"about":[{"href":"https:\/\/www.kozmodern.com\/index.php?rest_route=\/wp\/v2\/types\/product"}],"replies":[{"embeddable":true,"href":"https:\/\/www.kozmodern.com\/index.php?rest_route=%2Fwp%2Fv2%2Fcomments&post=5650"}],"wp:featuredmedia":[{"embeddable":true,"href":"https:\/\/www.kozmodern.com\/index.php?rest_route=\/wp\/v2\/media\/5649"}],"wp:attachment":[{"href":"https:\/\/www.kozmodern.com\/index.php?rest_route=%2Fwp%2Fv2%2Fmedia&parent=5650"}],"wp:term":[{"taxonomy":"product_brand","embeddable":true,"href":"https:\/\/www.kozmodern.com\/index.php?rest_route=%2Fwp%2Fv2%2Fproduct_brand&post=5650"},{"taxonomy":"product_cat","embeddable":true,"href":"https:\/\/www.kozmodern.com\/index.php?rest_route=%2Fwp%2Fv2%2Fproduct_cat&post=5650"},{"taxonomy":"product_tag","embeddable":true,"href":"https:\/\/www.kozmodern.com\/index.php?rest_route=%2Fwp%2Fv2%2Fproduct_tag&post=5650"}],"curies":[{"name":"wp","href":"https:\/\/api.w.org\/{rel}","templated":true}]}}