{"id":5661,"date":"2026-03-02T11:56:34","date_gmt":"2026-03-02T08:56:34","guid":{"rendered":"https:\/\/www.kozmodern.com\/?product=davines-relaxing-moisturizing-fluid-rahatlatici-nemlendirici-sivi-125-ml"},"modified":"2026-03-05T00:25:43","modified_gmt":"2026-03-04T21:25:43","slug":"davines-relaxing-moisturizing-fluid-rahatlatici-nemlendirici-sivi-125-ml","status":"publish","type":"product","link":"https:\/\/www.kozmodern.com\/?product=davines-relaxing-moisturizing-fluid-rahatlatici-nemlendirici-sivi-125-ml","title":{"rendered":"Davines Relaxing Moisturizing Fluid Rahatlat\u0131c\u0131 Nemlendirici S\u0131v\u0131 125 ml"},"content":{"rendered":"<ul>\n<li>Rahatlat\u0131c\u0131 serum , sa\u00e7lar\u0131n daha d\u00fcz ve p\u00fcr\u00fczs\u00fcz bir g\u00f6r\u00fcn\u00fcme kavu\u015fmas\u0131n\u0131 sa\u011flar.<\/li>\n<li>Kontrol edilebilir ve formda bir g\u00f6r\u00fcnt\u00fc olu\u015fturur.<\/li>\n<li>T\u00fcm sa\u00e7 tipleri i\u00e7in nemlendirici ve d\u00fczle\u015ftirici etkiye sahiptir.<\/li>\n<li>K\u0131v\u0131rc\u0131k sa\u00e7lar\u0131 nemlendirerek yumu\u015fat\u0131r ve daha serbest bir g\u00f6r\u00fcn\u00fcm olu\u015fturur.<\/li>\n<li>Sa\u00e7 yap\u0131s\u0131n\u0131 koruyarak nemin sa\u00e7a zarar vermesine mani olur.<\/li>\n<li>Is\u0131 ile \u015fekillendiricilerle birlikte kullan\u0131ma uygundur.<\/li>\n<li>T\u00fcm sa\u00e7 tipleri i\u00e7in kullan\u0131labilir.<\/li>\n<li>Tutu\u015f G\u00fcc\u00fc: 1<\/li>\n<li>Nemli sa\u00e7a uygulay\u0131p diledi\u011finiz gibi \u015fekillendirin.<\/li>\n<\/ul>\n<p><strong>\u0130\u00e7erik (INCI):<\/strong> Aqua \/ Water \/ Eau, <strong data-start=\"248\" data-end=\"263\">Dimethicone<\/strong>, <strong data-start=\"265\" data-end=\"280\" data-is-only-node=\"\">Propanediol<\/strong>, <strong data-start=\"282\" data-end=\"304\">Cyclopentasiloxane<\/strong>, Vinyl Caprolactam\/VP\/Dimethylaminoethyl Methacrylate Copolymer, <strong data-start=\"370\" data-end=\"391\">Cyclohexasiloxane<\/strong>, Phenylpropyldimethylsiloxysilicate, Sodium Acrylate\/Sodium Acryloyldimethyl Taurate Copolymer, <strong data-start=\"488\" data-end=\"501\">Panthenol<\/strong>, Parfum \/ Fragrance, <strong data-start=\"523\" data-end=\"542\">Caprylyl Glycol<\/strong>, <strong data-start=\"544\" data-end=\"562\">Benzyl Alcohol<\/strong>, <strong data-start=\"564\" data-end=\"580\">Dimethiconol<\/strong>, Acrylates\/C10-30 Alkyl Acrylate Crosspolymer, <strong data-start=\"628\" data-end=\"652\">Aminomethyl Propanol<\/strong>, <strong data-start=\"654\" data-end=\"679\">Caprylhydroxamic Acid<\/strong>, <strong data-start=\"681\" data-end=\"693\">Glycerin<\/strong>, <strong data-start=\"695\" data-end=\"713\">Sodium Phytate<\/strong>, <strong data-start=\"715\" data-end=\"733\">Phenoxyethanol<\/strong>, <strong data-start=\"735\" data-end=\"747\">Linalool<\/strong>, <strong data-start=\"749\" data-end=\"761\">Limonene<\/strong>.<\/p>\n","protected":false},"excerpt":{"rendered":"<p>Rahatlat\u0131c\u0131 serum , sa\u00e7lar\u0131n daha d\u00fcz ve p\u00fcr\u00fczs\u00fcz bir g\u00f6r\u00fcn\u00fcme kavu\u015fmas\u0131n\u0131 sa\u011flar. \u2022 Kontrol edilebilir ve formda bir g\u00f6r\u00fcnt\u00fc olu\u015fturur.<\/p>\n","protected":false},"featured_media":5660,"comment_status":"open","ping_status":"closed","template":"","meta":{"_acf_changed":false},"product_brand":[189],"product_cat":[394],"product_tag":[],"class_list":{"0":"post-5661","1":"product","2":"type-product","3":"status-publish","4":"has-post-thumbnail","6":"product_brand-davines","7":"product_cat-davines","9":"first","10":"outofstock","11":"shipping-taxable","12":"purchasable","13":"product-type-simple"},"acf":[],"_links":{"self":[{"href":"https:\/\/www.kozmodern.com\/index.php?rest_route=\/wp\/v2\/product\/5661","targetHints":{"allow":["GET"]}}],"collection":[{"href":"https:\/\/www.kozmodern.com\/index.php?rest_route=\/wp\/v2\/product"}],"about":[{"href":"https:\/\/www.kozmodern.com\/index.php?rest_route=\/wp\/v2\/types\/product"}],"replies":[{"embeddable":true,"href":"https:\/\/www.kozmodern.com\/index.php?rest_route=%2Fwp%2Fv2%2Fcomments&post=5661"}],"wp:featuredmedia":[{"embeddable":true,"href":"https:\/\/www.kozmodern.com\/index.php?rest_route=\/wp\/v2\/media\/5660"}],"wp:attachment":[{"href":"https:\/\/www.kozmodern.com\/index.php?rest_route=%2Fwp%2Fv2%2Fmedia&parent=5661"}],"wp:term":[{"taxonomy":"product_brand","embeddable":true,"href":"https:\/\/www.kozmodern.com\/index.php?rest_route=%2Fwp%2Fv2%2Fproduct_brand&post=5661"},{"taxonomy":"product_cat","embeddable":true,"href":"https:\/\/www.kozmodern.com\/index.php?rest_route=%2Fwp%2Fv2%2Fproduct_cat&post=5661"},{"taxonomy":"product_tag","embeddable":true,"href":"https:\/\/www.kozmodern.com\/index.php?rest_route=%2Fwp%2Fv2%2Fproduct_tag&post=5661"}],"curies":[{"name":"wp","href":"https:\/\/api.w.org\/{rel}","templated":true}]}}