{"id":5666,"date":"2026-03-02T11:56:39","date_gmt":"2026-03-02T08:56:39","guid":{"rendered":"https:\/\/www.kozmodern.com\/?product=davines-renewing-pro-boost-superactive-guclendirici-sivi-500-ml"},"modified":"2026-03-05T00:23:08","modified_gmt":"2026-03-04T21:23:08","slug":"davines-renewing-pro-boost-superactive-guclendirici-sivi-500-ml","status":"publish","type":"product","link":"https:\/\/www.kozmodern.com\/?product=davines-renewing-pro-boost-superactive-guclendirici-sivi-500-ml","title":{"rendered":"Davines Renewing Pro Boost Superactive G\u00fc\u00e7lendirici S\u0131v\u0131 500 ml"},"content":{"rendered":"<ul>\n<li>Renewing ailesindeki t\u00fcm \u00fcr\u00fcnler, sa\u00e7 derisi ve sa\u00e7\u0131n ya\u015flanmas\u0131na neden olan mekanizmalara kar\u015f\u0131 etkili bir koruma sa\u011flamak i\u00e7in olu\u015fturulan Hair Longevity Complex ile zenginle\u015ftirilmi\u015ftir.<\/li>\n<li>Bu kompleks; maqui \u00fcz\u00fcm\u00fc \u00f6z\u00fc, \u0131spanak \u00f6z\u00fc ve karnozin olmak \u00fczere \u00fc\u00e7 farkl\u0131 bile\u015fenden olu\u015fur.<\/li>\n<li>Renewing sistemi, sa\u00e7\u0131n\u0131z\u0131 daha yumu\u015fak, daha parlak ve daha dolgun hale getirir.<\/li>\n<li>Davines Renewing Pro Boost Superactive G\u00fc\u00e7lendirici S\u0131v\u0131, sa\u00e7 derisindeki y\u00fczeysel \u00f6l\u00fc deriyi nazik\u00e7e temizleyen profesyonel bir peelingdir.<\/li>\n<li>Ayr\u0131ca sa\u00e7 derisini temiz ve tonik hale getirerek sonraki bak\u0131mlardan daha iyi faydalan\u0131lmas\u0131n\u0131 sa\u011flar.<\/li>\n<li>Sa\u00e7 derisini ya\u015flanma belirtilerine ve serbest radikallerin zararl\u0131 etkilerine kar\u015f\u0131 korur.<\/li>\n<li>Sa\u00e7 derisini tahri\u015f etmeden nazik\u00e7e ar\u0131nd\u0131r\u0131r.<\/li>\n<li>Sa\u00e7 derisini derinlemesine temizler ve canland\u0131r\u0131r.<\/li>\n<li>Sa\u00e7 derisini daha al\u0131c\u0131 hale getirerek sonraki bak\u0131m \u00fcr\u00fcnlerinin etkinli\u011fini art\u0131r\u0131r.<\/li>\n<li>Sa\u00e7 sa\u011fl\u0131\u011f\u0131na \u00f6nem veren, nazik bir form\u00fcle sahiptir.<\/li>\n<li>Bu \u00e7ok y\u00f6nl\u00fc \u00fcr\u00fcn, Renewing ailesinin di\u011fer \u00fcr\u00fcnlerinin yan\u0131 s\u0131ra Energizing, Purifying, Rebalancing, Detoxifying ve Well-being serileriyle de \u00f6n tedavi olarak kullan\u0131labilir.<\/li>\n<li>Davines Renewing Pro Boost Superactive G\u00fc\u00e7lendirici S\u0131v\u0131 ile sa\u00e7 derinizi yenileyin, sonraki bak\u0131mlar\u0131n\u0131z\u0131n etkisini katlay\u0131n ve sa\u00e7lar\u0131n\u0131z\u0131n daha sa\u011fl\u0131kl\u0131 uzamas\u0131na zemin haz\u0131rlay\u0131n!<\/li>\n<li>Bu \u00fcr\u00fcn sadece salon i\u00e7i profesyonel kullan\u0131m i\u00e7indir.<\/li>\n<li>\u00dcr\u00fcn\u00fc bir f\u0131r\u00e7a kullanarak sa\u00e7 derisine e\u015fit \u015fekilde yay\u0131n.<\/li>\n<li>En fazla 15 dakika beklettikten sonra durulay\u0131n.<\/li>\n<li>Haftada bir kez kullan\u0131l\u0131r.<\/li>\n<\/ul>\n<p><strong>\u0130\u00e7erik (INCI):<\/strong> AQUA \/ WATER \/ EAU, GLUCONOLACTONE, POLYSORBATE 20, XANTHAN GUM, SODIUM HYDROXIDE, PARFUM \/ FRAGRANCE, POTASSIUM SORBATE, ARISTOTELIA CHILENSIS FRUIT EXTRACT, SPINACIA OLERACEA LEAF EXTRACT \/ SPINACIA OLERACEA (SPINACH) LEAF EXTRACT, SODIUM BENZOATE, GUAR HYDROXYPROPYLTRIMONIUM CHLORIDE, HEXYL CINNAMAL, CARNOSINE, LIMONENE, CITRIC ACID.<\/p>\n","protected":false},"excerpt":{"rendered":"<p>Renewing ailesindeki t\u00fcm \u00fcr\u00fcnler, sa\u00e7 derisi ve sa\u00e7\u0131n ya\u015flanmas\u0131na neden olan mekanizmalara kar\u015f\u0131 etkili bir koruma sa\u011flamak i\u00e7in olu\u015fturulan Hair Longevity Complex ile zenginle\u015ftirilmi\u015ftir. \u2022 Bu kompleks; maqui \u00fcz\u00fcm\u00fc \u00f6z\u00fc, \u0131spanak \u00f6z\u00fc ve karnozin olmak \u00fczere \u00fc\u00e7 farkl\u0131 bile\u015fenden olu\u015fur.<\/p>\n","protected":false},"featured_media":5665,"comment_status":"open","ping_status":"closed","template":"","meta":{"_acf_changed":false},"product_brand":[189],"product_cat":[394],"product_tag":[],"class_list":{"0":"post-5666","1":"product","2":"type-product","3":"status-publish","4":"has-post-thumbnail","6":"product_brand-davines","7":"product_cat-davines","9":"first","10":"outofstock","11":"shipping-taxable","12":"purchasable","13":"product-type-simple"},"acf":[],"_links":{"self":[{"href":"https:\/\/www.kozmodern.com\/index.php?rest_route=\/wp\/v2\/product\/5666","targetHints":{"allow":["GET"]}}],"collection":[{"href":"https:\/\/www.kozmodern.com\/index.php?rest_route=\/wp\/v2\/product"}],"about":[{"href":"https:\/\/www.kozmodern.com\/index.php?rest_route=\/wp\/v2\/types\/product"}],"replies":[{"embeddable":true,"href":"https:\/\/www.kozmodern.com\/index.php?rest_route=%2Fwp%2Fv2%2Fcomments&post=5666"}],"wp:featuredmedia":[{"embeddable":true,"href":"https:\/\/www.kozmodern.com\/index.php?rest_route=\/wp\/v2\/media\/5665"}],"wp:attachment":[{"href":"https:\/\/www.kozmodern.com\/index.php?rest_route=%2Fwp%2Fv2%2Fmedia&parent=5666"}],"wp:term":[{"taxonomy":"product_brand","embeddable":true,"href":"https:\/\/www.kozmodern.com\/index.php?rest_route=%2Fwp%2Fv2%2Fproduct_brand&post=5666"},{"taxonomy":"product_cat","embeddable":true,"href":"https:\/\/www.kozmodern.com\/index.php?rest_route=%2Fwp%2Fv2%2Fproduct_cat&post=5666"},{"taxonomy":"product_tag","embeddable":true,"href":"https:\/\/www.kozmodern.com\/index.php?rest_route=%2Fwp%2Fv2%2Fproduct_tag&post=5666"}],"curies":[{"name":"wp","href":"https:\/\/api.w.org\/{rel}","templated":true}]}}