{"id":5680,"date":"2026-03-02T11:56:48","date_gmt":"2026-03-02T08:56:48","guid":{"rendered":"https:\/\/www.kozmodern.com\/?product=davines-replumping-esneklik-kazandiran-yogunlastirici-sac-kremi-150-ml"},"modified":"2026-03-05T00:19:59","modified_gmt":"2026-03-04T21:19:59","slug":"davines-replumping-esneklik-kazandiran-yogunlastirici-sac-kremi-150-ml","status":"publish","type":"product","link":"https:\/\/www.kozmodern.com\/?product=davines-replumping-esneklik-kazandiran-yogunlastirici-sac-kremi-150-ml","title":{"rendered":"Davines Replumping Esneklik Kazand\u0131ran Yo\u011funla\u015ft\u0131r\u0131c\u0131 Sa\u00e7 Kremi 150 ml"},"content":{"rendered":"<ul>\n<li>Davines Replumping Esneklik Kazand\u0131ran Yo\u011funla\u015ft\u0131r\u0131c\u0131 Sa\u00e7 Kremi, sa\u00e7\u0131n\u0131z\u0131 kolayca a\u00e7mak, s\u0131k\u0131la\u015ft\u0131rmak ve yeniden esneklik kazand\u0131rmak i\u00e7in \u00f6zel olarak form\u00fcle edilmi\u015ftir.<\/li>\n<li>Se\u00e7ilmi\u015f aktif i\u00e7erikler, sa\u00e7 yap\u0131s\u0131n\u0131 nemlendirir ve korur.<\/li>\n<li>Sa\u00e7\u0131n\u0131za yo\u011fun bir nemlendirme sa\u011flar.<\/li>\n<li>Sa\u00e7 tellerini d\u0131\u015f etkenlere kar\u015f\u0131 korumaya yard\u0131mc\u0131 olur.<\/li>\n<li>Sa\u00e7 sa\u011fl\u0131\u011f\u0131n\u0131za \u00f6nem veren, nazik bir form\u00fcle sahiptir.<\/li>\n<li>Form\u00fcller, polifenoller ve flavonoidler a\u00e7\u0131s\u0131ndan zengin, serbest radikallerle sava\u015fan de\u011ferli antioksidan maddeler olan ve tonikle\u015ftirici ve esneklik verici \u00f6zelliklere sahip erik fitose\u00f6tikleri ile zenginle\u015ftirilmi\u015ftir.<\/li>\n<li>Davines Replumping Esneklik Kazand\u0131ran Yo\u011funla\u015ft\u0131r\u0131c\u0131 Sa\u00e7 Kremi ile sa\u00e7lar\u0131n\u0131z\u0131n esnekli\u011fini art\u0131r\u0131n, onlar\u0131 nemlendirin ve koruyun!<\/li>\n<li>Replumping \u015eampuan ile \u015fampuanlad\u0131ktan sonra sa\u00e7\u0131n\u0131zdaki fazla suyu al\u0131n ve \u00fcr\u00fcn\u00fc sa\u00e7\u0131n boylar\u0131na ve u\u00e7lar\u0131na uygulay\u0131n.<\/li>\n<li>2-3 dakika beklettikten sonra taray\u0131n.<\/li>\n<li>\u0130yice durulay\u0131n.<\/li>\n<\/ul>\n<p><strong>\u0130\u00e7erik (INCI):<\/strong> AQUA \/ WATER \/ EAU, GLYCERIN, CETYL ALCOHOL, CETRIMONIUM CHLORIDE, CETEARYL ALCOHOL, BENZYL ALCOHOL, PARFUM \/ FRAGRANCE, SIMMONDSIA CHINENSIS SEED OIL \/ SIMMONDSIA CHINENSIS (JOJOBA) SEED OIL, PRUNUS DOMESTICA FRUIT EXTRACT, LIMONENE, SODIUM BENZOATE, DISODIUM EDTA, CITRIC ACID, CITRAL.<\/p>\n","protected":false},"excerpt":{"rendered":"<p>Davines Replumping Esneklik Kazand\u0131ran Yo\u011funla\u015ft\u0131r\u0131c\u0131 Sa\u00e7 Kremi, sa\u00e7\u0131n\u0131z\u0131 kolayca a\u00e7mak, s\u0131k\u0131la\u015ft\u0131rmak ve yeniden esneklik kazand\u0131rmak i\u00e7in \u00f6zel olarak form\u00fcle edilmi\u015ftir. \u2022 Se\u00e7ilmi\u015f aktif i\u00e7erikler, sa\u00e7 yap\u0131s\u0131n\u0131 nemlendirir ve korur.<\/p>\n","protected":false},"featured_media":5679,"comment_status":"open","ping_status":"closed","template":"","meta":{"_acf_changed":false},"product_brand":[189],"product_cat":[397],"product_tag":[],"class_list":{"0":"post-5680","1":"product","2":"type-product","3":"status-publish","4":"has-post-thumbnail","6":"product_brand-davines","7":"product_cat-sac-kremi-davines","9":"first","10":"outofstock","11":"shipping-taxable","12":"purchasable","13":"product-type-simple"},"acf":[],"_links":{"self":[{"href":"https:\/\/www.kozmodern.com\/index.php?rest_route=\/wp\/v2\/product\/5680","targetHints":{"allow":["GET"]}}],"collection":[{"href":"https:\/\/www.kozmodern.com\/index.php?rest_route=\/wp\/v2\/product"}],"about":[{"href":"https:\/\/www.kozmodern.com\/index.php?rest_route=\/wp\/v2\/types\/product"}],"replies":[{"embeddable":true,"href":"https:\/\/www.kozmodern.com\/index.php?rest_route=%2Fwp%2Fv2%2Fcomments&post=5680"}],"wp:featuredmedia":[{"embeddable":true,"href":"https:\/\/www.kozmodern.com\/index.php?rest_route=\/wp\/v2\/media\/5679"}],"wp:attachment":[{"href":"https:\/\/www.kozmodern.com\/index.php?rest_route=%2Fwp%2Fv2%2Fmedia&parent=5680"}],"wp:term":[{"taxonomy":"product_brand","embeddable":true,"href":"https:\/\/www.kozmodern.com\/index.php?rest_route=%2Fwp%2Fv2%2Fproduct_brand&post=5680"},{"taxonomy":"product_cat","embeddable":true,"href":"https:\/\/www.kozmodern.com\/index.php?rest_route=%2Fwp%2Fv2%2Fproduct_cat&post=5680"},{"taxonomy":"product_tag","embeddable":true,"href":"https:\/\/www.kozmodern.com\/index.php?rest_route=%2Fwp%2Fv2%2Fproduct_tag&post=5680"}],"curies":[{"name":"wp","href":"https:\/\/api.w.org\/{rel}","templated":true}]}}