{"id":5694,"date":"2026-03-02T11:57:18","date_gmt":"2026-03-02T08:57:18","guid":{"rendered":"https:\/\/www.kozmodern.com\/?product=davines-solu-arindirici-ve-koruyucu-sampuan-1000-ml"},"modified":"2026-03-04T16:27:34","modified_gmt":"2026-03-04T13:27:34","slug":"davines-solu-arindirici-ve-koruyucu-sampuan-1000-ml","status":"publish","type":"product","link":"https:\/\/www.kozmodern.com\/?product=davines-solu-arindirici-ve-koruyucu-sampuan-1000-ml","title":{"rendered":"Davines Solu Ar\u0131nd\u0131r\u0131c\u0131 ve Koruyucu \u015eampuan 1000 ml"},"content":{"rendered":"<ul>\n<li>Sa\u00e7 \u015fekillendirici \u00fcr\u00fcn kal\u0131nt\u0131lar\u0131n\u0131 temizlemek veya perma \u00f6ncesi haz\u0131rl\u0131k i\u00e7in \u00f6zel olarak form\u00fcle edilmi\u015f Davines Solu Ar\u0131nd\u0131r\u0131c\u0131 \u015eampuan ile sa\u00e7lar\u0131n\u0131z\u0131 derinlemesine temizleyin!<\/li>\n<li>Zengin ve havadar k\u00f6p\u00fc\u011f\u00fc, sa\u00e7\u0131n\u0131z\u0131 ola\u011fan\u00fcst\u00fc derecede temiz b\u0131rak\u0131r.<\/li>\n<li>\u015eekillendirici \u00fcr\u00fcn birikintilerini ve kal\u0131nt\u0131lar\u0131n\u0131 etkili bir \u015fekilde temizler.<\/li>\n<li>Sa\u00e7 derinizin ve sa\u00e7lar\u0131n\u0131z\u0131n nefes almas\u0131n\u0131 sa\u011flayarak ferah bir his b\u0131rak\u0131r.<\/li>\n<li>Sa\u00e7\u0131n\u0131z\u0131 kurutmadan nazik\u00e7e temizler, ona yumu\u015fakl\u0131k ve parlakl\u0131k kazand\u0131r\u0131r.<\/li>\n<li>Do\u011fan\u0131n g\u00fcc\u00fcn\u00fc sa\u00e7\u0131n\u0131za ta\u015f\u0131yan, \u00f6zenle se\u00e7ilmi\u015f do\u011fal bile\u015fenlerle zenginle\u015ftirilmi\u015ftir.<\/li>\n<li>Slow Food Presidium&#8217;dan elde edilen Valtellina Kara Bu\u011fday \u00f6z\u00fc ile zenginle\u015ftirilmi\u015ftir.<\/li>\n<li>T\u00fcm esansiyel amino asitleri, \u00f6zellikle lizin, treonin, triptofan ve k\u00fck\u00fcrt i\u00e7eren amino asitleri y\u00fcksek konsantrasyonda i\u00e7erir.<\/li>\n<li>Ayr\u0131ca antioksidanlar a\u00e7\u0131s\u0131ndan da zengindir.<\/li>\n<li>%100 temiz enerji ile \u00fcretilmi\u015ftir.<\/li>\n<li>Ambalaj\u0131 s\u0131f\u0131r etki prensibiyle tasarlanm\u0131\u015f, sade ve geri d\u00f6n\u00fc\u015ft\u00fcr\u00fclebilirdir.<\/li>\n<li>Davines Solu Ar\u0131nd\u0131r\u0131c\u0131 \u015eampuan ile sa\u00e7lar\u0131n\u0131zdaki t\u00fcm kal\u0131nt\u0131lardan kurtulun, sa\u00e7lar\u0131n\u0131z\u0131n derinlemesine temizlenmi\u015f, ferah ve parlak bir g\u00f6r\u00fcn\u00fcm kazanmas\u0131n\u0131 sa\u011flay\u0131n!<\/li>\n<li>Islak sa\u00e7a k\u00fc\u00e7\u00fck bir miktar uygulay\u0131n, sa\u00e7 derisine, sa\u00e7\u0131n boylar\u0131na ve u\u00e7lar\u0131na nazik\u00e7e masaj yap\u0131n.<\/li>\n<li>Gerekirse tekrarlay\u0131n.<\/li>\n<li>Durulad\u0131ktan sonra sa\u00e7 kremi ile devam edin.<\/li>\n<\/ul>\n<p><strong>\u0130\u00e7erik (INCI):<\/strong> Aqua \/ Water \/ Eau, Sodium C14-16 Olefin Sulfonate, Sodium Lauroyl Methyl Isethionate, Cocamidopropyl Betaine, Decyl Glucoside, Sodium PCA, Disodium Coco-Glucoside Citrate, Sodium Methyl 2-Sulfolaurate, Parfum \/ Fragrance, Lauramidopropylamine Oxide, Coco-Glucoside, Glyceryl Oleate, Panthenol, Benzyl Alcohol, Sodium Chloride, Polysorbate 20, Sodium Methyl Isethionate, Sodium Benzoate, Citric Acid, Lauric Acid, Disodium 2-Sulfolaurate, Myristamidopropylamine Oxide, Polyquaternium-7, Guar Hydroxypropyltrimonium Chloride, Trisodium Ethylenediamine Disuccinate, Tetrasodium Glutamate Diacetate, Sodium Laurate, Limonene, Polygonum Fagopyrum Seed Extract \/ Polygonum Fagopyrum (Buckwheat) Seed Extract, Linalool, Benzyl Salicylate, Geraniol, Citronellol, CI 14700 \/ Red 4, CI 61570 \/ Green 5, CI 19140 \/ Yellow 5<\/p>\n<p><em>Kaynak:<\/em> https:\/\/sachane.com\/davines-solu-arindirici-ve-koruyucu-sampuan-1000-ml-p-2069<\/p>\n","protected":false},"excerpt":{"rendered":"<p>Sa\u00e7 \u015fekillendirici \u00fcr\u00fcn kal\u0131nt\u0131lar\u0131n\u0131 temizlemek veya perma \u00f6ncesi haz\u0131rl\u0131k i\u00e7in \u00f6zel olarak form\u00fcle edilmi\u015f Davines Solu Ar\u0131nd\u0131r\u0131c\u0131 \u015eampuan ile sa\u00e7lar\u0131n\u0131z\u0131 derinlemesine temizleyin! \u2022 Zengin ve havadar k\u00f6p\u00fc\u011f\u00fc, sa\u00e7\u0131n\u0131z\u0131 ola\u011fan\u00fcst\u00fc derecede temiz b\u0131rak\u0131r.<\/p>\n","protected":false},"featured_media":5693,"comment_status":"open","ping_status":"closed","template":"","meta":{"_acf_changed":false},"product_brand":[189],"product_cat":[398],"product_tag":[],"class_list":{"0":"post-5694","1":"product","2":"type-product","3":"status-publish","4":"has-post-thumbnail","6":"product_brand-davines","7":"product_cat-sampuan-davines","9":"first","10":"outofstock","11":"shipping-taxable","12":"purchasable","13":"product-type-simple"},"acf":[],"_links":{"self":[{"href":"https:\/\/www.kozmodern.com\/index.php?rest_route=\/wp\/v2\/product\/5694","targetHints":{"allow":["GET"]}}],"collection":[{"href":"https:\/\/www.kozmodern.com\/index.php?rest_route=\/wp\/v2\/product"}],"about":[{"href":"https:\/\/www.kozmodern.com\/index.php?rest_route=\/wp\/v2\/types\/product"}],"replies":[{"embeddable":true,"href":"https:\/\/www.kozmodern.com\/index.php?rest_route=%2Fwp%2Fv2%2Fcomments&post=5694"}],"wp:featuredmedia":[{"embeddable":true,"href":"https:\/\/www.kozmodern.com\/index.php?rest_route=\/wp\/v2\/media\/5693"}],"wp:attachment":[{"href":"https:\/\/www.kozmodern.com\/index.php?rest_route=%2Fwp%2Fv2%2Fmedia&parent=5694"}],"wp:term":[{"taxonomy":"product_brand","embeddable":true,"href":"https:\/\/www.kozmodern.com\/index.php?rest_route=%2Fwp%2Fv2%2Fproduct_brand&post=5694"},{"taxonomy":"product_cat","embeddable":true,"href":"https:\/\/www.kozmodern.com\/index.php?rest_route=%2Fwp%2Fv2%2Fproduct_cat&post=5694"},{"taxonomy":"product_tag","embeddable":true,"href":"https:\/\/www.kozmodern.com\/index.php?rest_route=%2Fwp%2Fv2%2Fproduct_tag&post=5694"}],"curies":[{"name":"wp","href":"https:\/\/api.w.org\/{rel}","templated":true}]}}